{"id":851,"date":"2015-09-26T15:49:54","date_gmt":"2015-09-26T13:49:54","guid":{"rendered":"http:\/\/pschick-group.de\/zfk\/?page_id=851"},"modified":"2015-10-04T18:21:39","modified_gmt":"2015-10-04T16:21:39","slug":"aktuell","status":"publish","type":"page","link":"https:\/\/pschick-group.de\/zfk\/aktuell\/","title":{"rendered":"Aktuell"},"content":{"rendered":"<p><span style=\"color: #610b0b;\"><b><strong>Infovortrag f\u00fcr Zahn\u00e4rzte zum Thema :<\/strong><\/b><\/span><\/p>\n<p><span style=\"color: #610b0b;\"><b><strong>Kooperation zwischen Zahnarzt und Physiotherapie<\/strong><\/b><\/span><\/p>\n<p>&nbsp;<\/p>\n<p><span style=\"color: #610b0b;\">Das Kiefergelenk wurde lange Zeit in der Physiotherapie au\u00dfen vor gelassen.<\/span><\/p>\n<p><span style=\"color: #610b0b;\">Dennoch handelt es sich um ein Gelenk im K\u00f6rper, wie jedes andere.<\/span><\/p>\n<p><span style=\"color: #610b0b;\">Das bedeutet, dass es auch am Kiefergelenk zahlreiche Strukturen gibt, die physiotherapeutisch sehr gut behandelbar sind.<\/span><\/p>\n<p><span style=\"color: #610b0b;\">Aufgrund diverser Fehlfunktionen einzelner Strukturen kann es zu erheblichen Problemen im Kausystem kommen.<\/span><\/p>\n<p><span style=\"color: #610b0b;\">Viele weit verbreitete Syndrome wie Tinnitus, Kopfschmerz, Gesichtsschmerzen oder sogar Zahnschmerzen finden Ihre Ursache in cranio &#8211; mandibul\u00e4ren Dysfunktionen.<\/span><\/p>\n<p><span style=\"color: #610b0b;\">Anhand einfacher Funktionsdiagnostik kann diese Problematik erkannt und mit manualtherapeutischen Techniken beseitigt werden. Unser Zentrum f\u00fcr Kiefergelenkstherapie hat sich in den letzten Jahren auf diese Problematik spezialisiert.<\/span><\/p>\n<p><span style=\"color: #610b0b;\">Im Vortrag erhalten Sie unsere neuen <b><strong>Flyer<\/strong><\/b>, die Sie mit <b><strong>Ihrem <\/strong><\/b><b><strong>Praxis<\/strong><\/b><b><strong>stempel<\/strong><\/b> versehen k\u00f6nnen. Gerne schicken wir Ihnen so vielen Exemplare wie Sie m\u00f6chten zu.<\/span><\/p>\n<p><span style=\"color: #610b0b;\">Sollten Sie Patienten haben, die wir durch unsere Therapie unterst\u00fctzen k\u00f6nnen, w\u00fcrden wir uns \u00fcber eine Zusammenarbeit mit Ihnen sehr freuen.<\/span><\/p>\n<p><span style=\"color: #610b0b;\">Um unser Konzept besser darstellen zu k\u00f6nnen laden wir Sie herzlich ein zum<\/span><\/p>\n<p>&nbsp;<\/p>\n<p><span style=\"color: #610b0b;\"><b><strong>Infoabend f\u00fcr Zahn\u00e4rzte<\/strong><\/b><\/span><\/p>\n<p><span style=\"color: #610b0b;\"><b><strong>Thema: \u00a0\u00a0\u00a0\u00a0\u00a0\u00a0\u00a0\u00a0\u00a0\u00a0\u00a0\u00a0\u00a0 <\/strong><\/b>CMD &#8211; Kiefergelenkstherapie<\/span><\/p>\n<p><span style=\"color: #610b0b;\"><b><strong>Referent: \u00a0\u00a0\u00a0\u00a0\u00a0\u00a0\u00a0\u00a0\u00a0\u00a0\u00a0 <\/strong><\/b>Markus Pschick <i><em>(Instruktor f\u00fcr Manuelle Therapie und Kiefergelenkstherapie)<\/em><\/i><\/span><\/p>\n<p><span style=\"color: #610b0b;\"><b><strong>Wo:<\/strong><\/b>\u00a0\u00a0\u00a0\u00a0\u00a0\u00a0\u00a0\u00a0\u00a0\u00a0\u00a0\u00a0\u00a0\u00a0\u00a0\u00a0\u00a0\u00a0 derzeit kein Termin in Planung<\/span><\/p>\n","protected":false},"excerpt":{"rendered":"<p> [&hellip;]<\/p>\n","protected":false},"author":1,"featured_media":0,"parent":0,"menu_order":0,"comment_status":"closed","ping_status":"closed","template":"","meta":{"ngg_post_thumbnail":0,"footnotes":""},"class_list":["post-851","page","type-page","status-publish","hentry"],"yoast_head":"<!-- This site is optimized with the Yoast SEO plugin v15.0 - https:\/\/yoast.com\/wordpress\/plugins\/seo\/ -->\n<meta name=\"robots\" content=\"index, follow, max-snippet:-1, max-image-preview:large, max-video-preview:-1\" \/>\n<link rel=\"canonical\" href=\"https:\/\/pschick-group.de\/zfk\/aktuell\/\" \/>\n<meta property=\"og:locale\" content=\"de_DE\" \/>\n<meta property=\"og:type\" content=\"article\" \/>\n<meta property=\"og:title\" content=\"Aktuell - Zentrum f\u00fcr Kiefergelenkstherapie\" \/>\n<meta property=\"og:description\" content=\"[&hellip;]\" \/>\n<meta property=\"og:url\" content=\"https:\/\/pschick-group.de\/zfk\/aktuell\/\" \/>\n<meta property=\"og:site_name\" content=\"Zentrum f\u00fcr Kiefergelenkstherapie\" \/>\n<meta property=\"article:modified_time\" content=\"2015-10-04T16:21:39+00:00\" \/>\n<meta name=\"twitter:card\" content=\"summary\" \/>\n<script type=\"application\/ld+json\" class=\"yoast-schema-graph\">{\"@context\":\"https:\/\/schema.org\",\"@graph\":[{\"@type\":\"WebSite\",\"@id\":\"https:\/\/pschick-group.de\/zfk\/#website\",\"url\":\"https:\/\/pschick-group.de\/zfk\/\",\"name\":\"Zentrum f\\u00fcr Kiefergelenkstherapie\",\"description\":\"Eine weitere Pschick Group Seiten Website\",\"potentialAction\":[{\"@type\":\"SearchAction\",\"target\":\"https:\/\/pschick-group.de\/zfk\/?s={search_term_string}\",\"query-input\":\"required name=search_term_string\"}],\"inLanguage\":\"de\"},{\"@type\":\"WebPage\",\"@id\":\"https:\/\/pschick-group.de\/zfk\/aktuell\/#webpage\",\"url\":\"https:\/\/pschick-group.de\/zfk\/aktuell\/\",\"name\":\"Aktuell - Zentrum f\\u00fcr Kiefergelenkstherapie\",\"isPartOf\":{\"@id\":\"https:\/\/pschick-group.de\/zfk\/#website\"},\"datePublished\":\"2015-09-26T13:49:54+00:00\",\"dateModified\":\"2015-10-04T16:21:39+00:00\",\"inLanguage\":\"de\",\"potentialAction\":[{\"@type\":\"ReadAction\",\"target\":[\"https:\/\/pschick-group.de\/zfk\/aktuell\/\"]}]}]}<\/script>\n<!-- \/ Yoast SEO plugin. -->","_links":{"self":[{"href":"https:\/\/pschick-group.de\/zfk\/wp-json\/wp\/v2\/pages\/851"}],"collection":[{"href":"https:\/\/pschick-group.de\/zfk\/wp-json\/wp\/v2\/pages"}],"about":[{"href":"https:\/\/pschick-group.de\/zfk\/wp-json\/wp\/v2\/types\/page"}],"author":[{"embeddable":true,"href":"https:\/\/pschick-group.de\/zfk\/wp-json\/wp\/v2\/users\/1"}],"replies":[{"embeddable":true,"href":"https:\/\/pschick-group.de\/zfk\/wp-json\/wp\/v2\/comments?post=851"}],"version-history":[{"count":2,"href":"https:\/\/pschick-group.de\/zfk\/wp-json\/wp\/v2\/pages\/851\/revisions"}],"predecessor-version":[{"id":1181,"href":"https:\/\/pschick-group.de\/zfk\/wp-json\/wp\/v2\/pages\/851\/revisions\/1181"}],"wp:attachment":[{"href":"https:\/\/pschick-group.de\/zfk\/wp-json\/wp\/v2\/media?parent=851"}],"curies":[{"name":"wp","href":"https:\/\/api.w.org\/{rel}","templated":true}]}}