{"id":20,"date":"2013-09-17T10:57:41","date_gmt":"2013-09-17T10:57:41","guid":{"rendered":"http:\/\/localhost\/wordpress\/flat-theme\/?page_id=2"},"modified":"2015-11-13T19:19:44","modified_gmt":"2015-11-13T18:19:44","slug":"sample-page-2","status":"publish","type":"page","link":"https:\/\/pschick-group.de\/zfk\/","title":{"rendered":"Startseite"},"content":{"rendered":"<section id=testimonial class=\"alizarin\"><div class=\"container\"><\/p>\n<p>&nbsp;<\/p>\n<h2 style=\"text-align: center;\"><span style=\"color: #610b0b;\">Wer kennt das nicht?<\/span><\/h2>\n<table border=\"0\" width=\"100%\" cellspacing=\"0\" cellpadding=\"0\">\n<tbody>\n<tr>\n<td width=\"350\"><span style=\"color: #610b0b;\">Immer wiederkehrende Kopfschmerzen, Nackenverspannungen, Ger\u00e4usche im Ohr (Tinnitus), Z\u00e4hneknirschen, knacken im Kiefergelenk, Gesichts- oder Zahnschmerzen. Das alles kann urs\u00e4chlich auf Fehlfunktionen des Kiefergelenks zur\u00fcckgef\u00fchrt werden.<\/span><\/p>\n<p><span style=\"color: #610b0b;\">Dies zu erkennen und erfolgreich zu therapieren setzt eine genaue Kenntnis des Aufbaus und der funktionellen Zusammenh\u00e4nge des Kausystems und der Wirbels\u00e4ule voraus.<\/span><\/p>\n<p><span style=\"color: #610b0b;\">Das \u201eZentrum f\u00fcr Kiefergelenkstherapie\u201c in Obertraubling bietet Ihnen fachkompetente Beratung und Behandlung durch speziell daf\u00fcr ausgebildete Physiotherapeuten.<\/span><\/td>\n<td align=\"left\" valign=\"top\" width=\"201\">\n<div><img loading=\"lazy\" decoding=\"async\" class=\"alignright\" src=\"https:\/\/pschick-group.de\/zfk\/wp-content\/uploads\/sites\/61\/2015\/09\/kiefer.png\" alt=\"\" width=\"200\" height=\"271\" align=\"left\" \/><\/div>\n<\/td>\n<\/tr>\n<\/tbody>\n<\/table>\n<p><div class=\"clearfix divider-md \"><\/div>  <div class=\"row\">\n        <\/div>\n    <\/div><\/section>\n","protected":false},"excerpt":{"rendered":"","protected":false},"author":1,"featured_media":0,"parent":0,"menu_order":0,"comment_status":"open","ping_status":"closed","template":"page-frontpage.php","meta":{"ngg_post_thumbnail":0,"footnotes":""},"class_list":["post-20","page","type-page","status-publish","hentry"],"yoast_head":"<!-- This site is optimized with the Yoast SEO plugin v15.0 - https:\/\/yoast.com\/wordpress\/plugins\/seo\/ -->\n<meta name=\"robots\" content=\"index, follow, max-snippet:-1, max-image-preview:large, max-video-preview:-1\" \/>\n<link rel=\"canonical\" href=\"https:\/\/pschick-group.de\/zfk\/\" \/>\n<meta property=\"og:locale\" content=\"de_DE\" \/>\n<meta property=\"og:type\" content=\"article\" \/>\n<meta property=\"og:title\" content=\"Startseite - Zentrum f\u00fcr Kiefergelenkstherapie\" \/>\n<meta property=\"og:url\" content=\"https:\/\/pschick-group.de\/zfk\/\" \/>\n<meta property=\"og:site_name\" content=\"Zentrum f\u00fcr Kiefergelenkstherapie\" \/>\n<meta property=\"article:modified_time\" content=\"2015-11-13T18:19:44+00:00\" \/>\n<meta property=\"og:image\" content=\"https:\/\/pschick-group.de\/zfk\/wp-content\/uploads\/sites\/61\/2015\/09\/kiefer.png\" \/>\n<meta name=\"twitter:card\" content=\"summary\" \/>\n<script type=\"application\/ld+json\" class=\"yoast-schema-graph\">{\"@context\":\"https:\/\/schema.org\",\"@graph\":[{\"@type\":\"WebSite\",\"@id\":\"https:\/\/pschick-group.de\/zfk\/#website\",\"url\":\"https:\/\/pschick-group.de\/zfk\/\",\"name\":\"Zentrum f\\u00fcr Kiefergelenkstherapie\",\"description\":\"Eine weitere Pschick Group Seiten Website\",\"potentialAction\":[{\"@type\":\"SearchAction\",\"target\":\"https:\/\/pschick-group.de\/zfk\/?s={search_term_string}\",\"query-input\":\"required name=search_term_string\"}],\"inLanguage\":\"de\"},{\"@type\":\"ImageObject\",\"@id\":\"https:\/\/pschick-group.de\/zfk\/#primaryimage\",\"inLanguage\":\"de\",\"url\":\"https:\/\/pschick-group.de\/zfk\/wp-content\/uploads\/sites\/61\/2015\/09\/kiefer.png\",\"width\":200,\"height\":272},{\"@type\":\"WebPage\",\"@id\":\"https:\/\/pschick-group.de\/zfk\/#webpage\",\"url\":\"https:\/\/pschick-group.de\/zfk\/\",\"name\":\"Startseite - Zentrum f\\u00fcr Kiefergelenkstherapie\",\"isPartOf\":{\"@id\":\"https:\/\/pschick-group.de\/zfk\/#website\"},\"primaryImageOfPage\":{\"@id\":\"https:\/\/pschick-group.de\/zfk\/#primaryimage\"},\"datePublished\":\"2013-09-17T10:57:41+00:00\",\"dateModified\":\"2015-11-13T18:19:44+00:00\",\"inLanguage\":\"de\",\"potentialAction\":[{\"@type\":\"ReadAction\",\"target\":[\"https:\/\/pschick-group.de\/zfk\/\"]}]}]}<\/script>\n<!-- \/ Yoast SEO plugin. -->","_links":{"self":[{"href":"https:\/\/pschick-group.de\/zfk\/wp-json\/wp\/v2\/pages\/20"}],"collection":[{"href":"https:\/\/pschick-group.de\/zfk\/wp-json\/wp\/v2\/pages"}],"about":[{"href":"https:\/\/pschick-group.de\/zfk\/wp-json\/wp\/v2\/types\/page"}],"author":[{"embeddable":true,"href":"https:\/\/pschick-group.de\/zfk\/wp-json\/wp\/v2\/users\/1"}],"replies":[{"embeddable":true,"href":"https:\/\/pschick-group.de\/zfk\/wp-json\/wp\/v2\/comments?post=20"}],"version-history":[{"count":9,"href":"https:\/\/pschick-group.de\/zfk\/wp-json\/wp\/v2\/pages\/20\/revisions"}],"predecessor-version":[{"id":1681,"href":"https:\/\/pschick-group.de\/zfk\/wp-json\/wp\/v2\/pages\/20\/revisions\/1681"}],"wp:attachment":[{"href":"https:\/\/pschick-group.de\/zfk\/wp-json\/wp\/v2\/media?parent=20"}],"curies":[{"name":"wp","href":"https:\/\/api.w.org\/{rel}","templated":true}]}}