{"id":20,"date":"2013-09-17T10:57:41","date_gmt":"2013-09-17T10:57:41","guid":{"rendered":"http:\/\/localhost\/wordpress\/flat-theme\/?page_id=2"},"modified":"2018-01-28T12:59:21","modified_gmt":"2018-01-28T11:59:21","slug":"sample-page-2","status":"publish","type":"page","link":"https:\/\/pschick-group.de\/waw\/","title":{"rendered":"Frontpage"},"content":{"rendered":"<section id=recent-works class=\"\"><div class=\"container\">     <div class=\"col-md-3\">\n      <h3>Unsere Angebote<\/h3>\n      <p>Eine kleine Auswahl unserer Angebote f\u00fcr Sie.<\/p>\n      <div class=\"btn-group\">\n        <a class=\"btn btn-danger\" href=\"#scroller\" data-slide=\"prev\"><i class=\"icon-angle-left\"><\/i><\/a>\n        <a class=\"btn btn-danger\" href=\"#scroller\" data-slide=\"next\"><i class=\"icon-angle-right\"><\/i><\/a>\n      <\/div>\n    <\/div>\n    <div class=\"col-md-9\">\n      <div id=\"scroller\" class=\"carousel slide\">\n        <div class=\"carousel-inner\">\n                        <div class=\"item active\">\n                <div class=\"row\">\n                                  <div class=\"col-xs-4\">\n                  <div class=\"portfolio-item\">\n                  <div class=\"item-inner\">\n                    <img loading=\"lazy\" decoding=\"async\" width=\"400\" height=\"215\" src=\"https:\/\/pschick-group.de\/waw\/wp-content\/uploads\/sites\/51\/2013\/09\/GZO_Wellness_Flyer_2018_v1.2-page-001.jpg\" class=\"img-responsive wp-post-image\" alt=\"Angebot Wellness\" title=\"Angebot Wellness\" srcset=\"https:\/\/pschick-group.de\/waw\/wp-content\/uploads\/sites\/51\/2013\/09\/GZO_Wellness_Flyer_2018_v1.2-page-001.jpg 2309w, https:\/\/pschick-group.de\/waw\/wp-content\/uploads\/sites\/51\/2013\/09\/GZO_Wellness_Flyer_2018_v1.2-page-001-300x161.jpg 300w, https:\/\/pschick-group.de\/waw\/wp-content\/uploads\/sites\/51\/2013\/09\/GZO_Wellness_Flyer_2018_v1.2-page-001-768x412.jpg 768w, https:\/\/pschick-group.de\/waw\/wp-content\/uploads\/sites\/51\/2013\/09\/GZO_Wellness_Flyer_2018_v1.2-page-001-1024x550.jpg 1024w\" sizes=\"(max-width: 400px) 100vw, 400px\" \/>                      <h5>\n                        Angebot Wellness                      <\/h5>\n                      <div class=\"overlay\">\n                                                <a class=\"preview btn btn-danger\" title=\"Angebot Wellness\" href=\"https:\/\/pschick-group.de\/waw\/wp-content\/uploads\/sites\/51\/2013\/09\/GZO_Wellness_Flyer_2018_v1.2-page-001.jpg\" rel=\"prettyPhoto\"><i class=\"icon-eye-open\"><\/i><\/a>   \n                      <\/div>\n                    <\/div><!--.item-inner-->\n                    <\/div><!--.portfolio-item-->\n                  <\/div>    \n                                  <div class=\"col-xs-4\">\n                  <div class=\"portfolio-item\">\n                  <div class=\"item-inner\">\n                    <img loading=\"lazy\" decoding=\"async\" width=\"283\" height=\"400\" src=\"https:\/\/pschick-group.de\/waw\/wp-content\/uploads\/sites\/51\/2013\/09\/GZO_Preistafel-Fitness_v1_druckdatei-page-001.jpg\" class=\"img-responsive wp-post-image\" alt=\"Angebot Fitness\" title=\"Angebot Fitness\" srcset=\"https:\/\/pschick-group.de\/waw\/wp-content\/uploads\/sites\/51\/2013\/09\/GZO_Preistafel-Fitness_v1_druckdatei-page-001.jpg 1754w, https:\/\/pschick-group.de\/waw\/wp-content\/uploads\/sites\/51\/2013\/09\/GZO_Preistafel-Fitness_v1_druckdatei-page-001-212x300.jpg 212w, https:\/\/pschick-group.de\/waw\/wp-content\/uploads\/sites\/51\/2013\/09\/GZO_Preistafel-Fitness_v1_druckdatei-page-001-768x1086.jpg 768w, https:\/\/pschick-group.de\/waw\/wp-content\/uploads\/sites\/51\/2013\/09\/GZO_Preistafel-Fitness_v1_druckdatei-page-001-724x1024.jpg 724w\" sizes=\"(max-width: 283px) 100vw, 283px\" \/>                      <h5>\n                        Angebot Fitness                      <\/h5>\n                      <div class=\"overlay\">\n                                                <a class=\"preview btn btn-danger\" title=\"Angebot Fitness\" href=\"https:\/\/pschick-group.de\/waw\/wp-content\/uploads\/sites\/51\/2013\/09\/GZO_Preistafel-Fitness_v1_druckdatei-page-001.jpg\" rel=\"prettyPhoto\"><i class=\"icon-eye-open\"><\/i><\/a>   \n                      <\/div>\n                    <\/div><!--.item-inner-->\n                    <\/div><!--.portfolio-item-->\n                  <\/div>    \n                                  <div class=\"col-xs-4\">\n                  <div class=\"portfolio-item\">\n                  <div class=\"item-inner\">\n                    <img loading=\"lazy\" decoding=\"async\" width=\"200\" height=\"400\" src=\"https:\/\/pschick-group.de\/waw\/wp-content\/uploads\/sites\/51\/2013\/09\/Last-Minute-Flyer_2018-page-001.jpg\" class=\"img-responsive wp-post-image\" alt=\"LAST - MINUTE - MASSAGE\" title=\"LAST - MINUTE - MASSAGE\" srcset=\"https:\/\/pschick-group.de\/waw\/wp-content\/uploads\/sites\/51\/2013\/09\/Last-Minute-Flyer_2018-page-001.jpg 620w, https:\/\/pschick-group.de\/waw\/wp-content\/uploads\/sites\/51\/2013\/09\/Last-Minute-Flyer_2018-page-001-150x300.jpg 150w, https:\/\/pschick-group.de\/waw\/wp-content\/uploads\/sites\/51\/2013\/09\/Last-Minute-Flyer_2018-page-001-512x1024.jpg 512w\" sizes=\"(max-width: 200px) 100vw, 200px\" \/>                      <h5>\n                        LAST - MINUTE - MASSAGE                      <\/h5>\n                      <div class=\"overlay\">\n                                                <a class=\"preview btn btn-danger\" title=\"LAST - MINUTE - MASSAGE\" href=\"https:\/\/pschick-group.de\/waw\/wp-content\/uploads\/sites\/51\/2013\/09\/Last-Minute-Flyer_2018-page-001.jpg\" rel=\"prettyPhoto\"><i class=\"icon-eye-open\"><\/i><\/a>   \n                      <\/div>\n                    <\/div><!--.item-inner-->\n                    <\/div><!--.portfolio-item-->\n                  <\/div>    \n                                    <\/div><!--\/.row-->\n                <\/div><!--\/.col-xs-->\n                          <\/div>\n        <\/div>\n      <\/div><!--\/.col-md-9-->\n      <\/div><\/section>\n<section id=testimonial class=\"alizarin\"><div class=\"container\"><\/p>\n<h1 style=\"text-align: center;\"><span style=\"color: #ffffff;\">Herzlich Willkommen bei Wellness am Westend<\/span><\/h1>\n<p><span style=\"color: #ffffff;\">Nehmen Sie sich eine Auszeit f\u00fcr K\u00f6rper, Geist und Seele und entspannen Sie sich bei unseren Wellness &#8211; Angeboten. Hierzu besonders geeignet sind die Entspannungsmassage, die Aroma\u00f6lmassage mit Bienenwachs, Abhyanga (Ayurvedische \u00d6lmassage) oder die Wellnessmassage.<\/span><\/p>\n<p><span style=\"color: #ffffff;\">Bei chronischen Beschwerdebildern an inneren Organen oder des Bewegungsapparates die Fu\u00dfreflexzonenmassage oder die traditionelle Thaimassage zum Einsatz.<\/span><\/p>\n<p><span style=\"color: #ffffff;\">Wir m\u00f6chten mit dem umfangreichen Wellness &#8211; Spektrum unsere M\u00f6glichkeiten der krankengymnastischen Behandlungsformen der &#8222;Praxis am Westend&#8220; in Obertraubling erweitern und somit ein ganzheitlich orientiertes Therapiekonzept bieten.<\/span><\/p>\n<p>&nbsp;<\/p>\n<h4><span style=\"color: #ffffff;\">Was bedeutet Wellness?<\/span><br \/>\n<span style=\"color: #ffffff;\">\u00a0<\/span><\/h4>\n<p><strong><span style=\"color: #ffffff;\">Der Begriff Wellness wurde in den 50er Jahren in den USA kreiert. Er wurde zusammengesetzt aus wellbeing (wohlf\u00fchlen) und fitness. Angestrebt wird ein Gleichklang von K\u00f6rper, Geist und Seele. Diese Idee k\u00f6nnen wir mit unserem Konzept dreier Firmen, die unter einem Dach eng zusammenarbeiten, optimal verwirklichen.<\/span><\/strong><\/p>\n<p><span style=\"color: #ffffff;\">\u00a0<\/span><\/p>\n<p><span style=\"color: #ffffff;\"><em>&#8222;In der ersten H\u00e4lfte unseres Lebens opfern wir unsere Gesundheit, um Geld zu erwerben,<br \/>\nin der zweiten H\u00e4lfte unseres Lebens opfern wir Geld, um unsere Gesundheit wiederzuerlangen&#8220;<\/em><\/span><\/p>\n<p><span style=\"color: #ffffff;\">Voltair<\/span><\/p>\n<p><div class=\"clearfix divider-md \"><\/div>  <div class=\"row\">\n        <\/div>\n    <\/div><\/section>\n","protected":false},"excerpt":{"rendered":"","protected":false},"author":1,"featured_media":0,"parent":0,"menu_order":0,"comment_status":"open","ping_status":"closed","template":"page-frontpage.php","meta":{"ngg_post_thumbnail":0,"footnotes":""},"class_list":["post-20","page","type-page","status-publish","hentry"],"yoast_head":"<!-- This site is optimized with the Yoast SEO plugin v15.0 - https:\/\/yoast.com\/wordpress\/plugins\/seo\/ -->\n<meta name=\"robots\" content=\"index, follow, max-snippet:-1, max-image-preview:large, max-video-preview:-1\" \/>\n<link rel=\"canonical\" href=\"https:\/\/pschick-group.de\/waw\/\" \/>\n<meta property=\"og:locale\" content=\"de_DE\" \/>\n<meta property=\"og:type\" content=\"article\" \/>\n<meta property=\"og:title\" content=\"Frontpage - Wellness am Westend\" \/>\n<meta property=\"og:url\" content=\"https:\/\/pschick-group.de\/waw\/\" \/>\n<meta property=\"og:site_name\" content=\"Wellness am Westend\" \/>\n<meta property=\"article:modified_time\" content=\"2018-01-28T11:59:21+00:00\" \/>\n<meta name=\"twitter:card\" content=\"summary\" \/>\n<script type=\"application\/ld+json\" class=\"yoast-schema-graph\">{\"@context\":\"https:\/\/schema.org\",\"@graph\":[{\"@type\":\"WebSite\",\"@id\":\"https:\/\/pschick-group.de\/waw\/#website\",\"url\":\"https:\/\/pschick-group.de\/waw\/\",\"name\":\"Wellness am Westend\",\"description\":\"\",\"potentialAction\":[{\"@type\":\"SearchAction\",\"target\":\"https:\/\/pschick-group.de\/waw\/?s={search_term_string}\",\"query-input\":\"required name=search_term_string\"}],\"inLanguage\":\"de\"},{\"@type\":\"WebPage\",\"@id\":\"https:\/\/pschick-group.de\/waw\/#webpage\",\"url\":\"https:\/\/pschick-group.de\/waw\/\",\"name\":\"Frontpage - Wellness am Westend\",\"isPartOf\":{\"@id\":\"https:\/\/pschick-group.de\/waw\/#website\"},\"datePublished\":\"2013-09-17T10:57:41+00:00\",\"dateModified\":\"2018-01-28T11:59:21+00:00\",\"inLanguage\":\"de\",\"potentialAction\":[{\"@type\":\"ReadAction\",\"target\":[\"https:\/\/pschick-group.de\/waw\/\"]}]}]}<\/script>\n<!-- \/ Yoast SEO plugin. -->","_links":{"self":[{"href":"https:\/\/pschick-group.de\/waw\/wp-json\/wp\/v2\/pages\/20"}],"collection":[{"href":"https:\/\/pschick-group.de\/waw\/wp-json\/wp\/v2\/pages"}],"about":[{"href":"https:\/\/pschick-group.de\/waw\/wp-json\/wp\/v2\/types\/page"}],"author":[{"embeddable":true,"href":"https:\/\/pschick-group.de\/waw\/wp-json\/wp\/v2\/users\/1"}],"replies":[{"embeddable":true,"href":"https:\/\/pschick-group.de\/waw\/wp-json\/wp\/v2\/comments?post=20"}],"version-history":[{"count":32,"href":"https:\/\/pschick-group.de\/waw\/wp-json\/wp\/v2\/pages\/20\/revisions"}],"predecessor-version":[{"id":3191,"href":"https:\/\/pschick-group.de\/waw\/wp-json\/wp\/v2\/pages\/20\/revisions\/3191"}],"wp:attachment":[{"href":"https:\/\/pschick-group.de\/waw\/wp-json\/wp\/v2\/media?parent=20"}],"curies":[{"name":"wp","href":"https:\/\/api.w.org\/{rel}","templated":true}]}}