{"id":1071,"date":"2015-10-24T17:24:14","date_gmt":"2015-10-24T15:24:14","guid":{"rendered":"http:\/\/pschick-group.de\/wamp\/?page_id=1071"},"modified":"2022-05-25T11:59:34","modified_gmt":"2022-05-25T09:59:34","slug":"agbs","status":"publish","type":"page","link":"https:\/\/pschick-group.de\/wamp\/agbs\/","title":{"rendered":"AGBs"},"content":{"rendered":"<p><strong>Allgemeine Bedingungen zur Teilnahme an Fortbildungskursen<br><\/strong><br><b>Nr. 1.)<\/b><\/p>\n<p>Das Fortbildungsinstitut haftet nicht f\u00fcr die inhaltliche Richtigkeit und Anwendbarkeit der von den Referenten vermittelten Lehrinhalte.<\/p>\n<p>&nbsp;<\/p>\n<p><b>Nr. 2.)<\/b><\/p>\n<p>Sollten Fortbildungskurse durch Krankheit von Referenten\/-innen, durch Unterbelegung oder andere, vom Fortbildungsinstitut nicht zu vertretende Gr\u00fcnde kurzfristig abgesagt werden m\u00fcssen, entsteht dem Kursplatzbewerber nur ein Anspruch auf R\u00fcckerstattung bereits bezahlter Kursgeb\u00fchr.<\/p>\n<p>&nbsp;<\/p>\n<p><b>Nr. 3.)<\/b><\/p>\n<p>a)&nbsp;&nbsp;&nbsp; Eine schriftliche Kursanmeldung (Brief, Fax) ist f\u00fcr den Kursplatzbewerber verbindlich. Mit Zugang der Anmeldung kommt der Vertrag zustande. Das Fortbildungsinstitut best\u00e4tigt innerhalb von 2 Wochen den Eingang der Anmeldung. Sollte der Kursplatzbewerber innerhalb dieses Zeitraums keine Anmeldebest\u00e4tigung etc. erhalten, so hat er beim Fortbildungsinstitut nachzufragen. Kursanmeldungen sind bis unmittelbar vor Kursbeginn m\u00f6glich. Das Fortbildungsinstitut weist ausdr\u00fccklich auf die spezifischen Teilnahmebedingungen (siehe jeweilige Kursinformation) hin, f\u00fcr deren Erf\u00fcllung der Kursplatzbewerber selbst zu sorgen hat.<\/p>\n<p>b)&nbsp;&nbsp;&nbsp;&nbsp; Das Fortbildungsinstitut beh\u00e4lt sich den R\u00fccktritt vor, wenn eine der folgenden Voraussetzungen vorliegt:<\/p>\n<p>(a)&nbsp;&nbsp;&nbsp;&nbsp; Keine Zahlung der Kursgeb\u00fchr bis sp\u00e4testens 6 Wochen vor Kursbeginn,<\/p>\n<p>(b)&nbsp;&nbsp;&nbsp;&nbsp; maximale Teilnehmerzahl erreicht,<\/p>\n<p>(c)&nbsp;&nbsp;&nbsp;&nbsp; spezifische Teilnahmebedingungen (siehe jeweilige Kursinformation) sind nicht erf\u00fcllt.<\/p>\n<p>Der Kursplatzbewerber bleibt im Falle (a) zur Zahlung von 50% der Kursgeb\u00fchr verpflichtet.<\/p>\n<p>c)&nbsp;&nbsp;&nbsp;&nbsp; Sollte ein Kursplatzbewerber seine Teilnahme an einer Fortbildungsveranstaltung absagen, so besteht unabh\u00e4ngig vom Grund seiner Absage Anspruch auf R\u00fcckerstattung der Teilnahmegeb\u00fchr von 100% bis 6 Wochen vor Kursbeginn, danach bis zwei Wochen vor Kursbeginn von 50%. Bei noch kurzfristigerer Absage wird die volle Kursgeb\u00fchr f\u00e4llig. Dies gilt auch im Falle kurzfristiger Anmeldungen innerhalb dieser Fristen.<\/p>\n<p>d)&nbsp;&nbsp;&nbsp;&nbsp; Absagen bed\u00fcrfen der Schriftform. Ma\u00dfgeblicher Zeitpunkt ist der Eingang des Schreibens im Fortbildungsinstitut.&nbsp;&nbsp;&nbsp;&nbsp;&nbsp; Das Fortbildungsinstitut wird die Absage schriftlich best\u00e4tigen.<\/p>\n<p>e)&nbsp;&nbsp; Kursplatzbewerber k\u00f6nnen ihre Kurspl\u00e4tze nur nach Absprache mit der Fortbildungsakademie untereinander&nbsp;&nbsp;&nbsp; tauschen.<\/p>\n<p>&nbsp;<\/p>\n<p><b>Nr. 4.)<\/b><\/p>\n<p>Das Fortbildungsinstitut beh\u00e4lt sich vor, im Falle von Zahlungsverzug Mahngeb\u00fchren und Verzugszinsen zu erheben. F\u00fcr jede Mahnung berechnen wir Mahngeb\u00fchr von 5,- EUR. Sp\u00e4testens nach erfolgloser zweiter Mahnung gibt das Fortbildungsinstitut die Sache zur kostenpflichtigen Bearbeitung an ihre Rechtsanw\u00e4lte ab. Zinsen werden ab der ersten Mahnung berechnet.<\/p>\n<p>&nbsp;<\/p>\n<p><b>Nr. 5.)<\/b><\/p>\n<p>Die Kursteilnehmer halten sich in den Veranstaltungsr\u00e4umen auf eigene Gefahr auf. Bei Anwendungsdemonstrationen und \u00dcbungen, die Kursteilnehmer\/-innen an Patienten oder an anderen Kursteilnehmer\/-innen vornehmen, handeln die Kursteilnehmer\/-innen auf eigene Gefahr und Risiko. Schadensersatzanspr\u00fcche &#8211; gleich aus welchem Rechtsgrund- gegen die Dozenten\/-innen und das Fortbildungsinstitut sind, sofern nicht grobe Fahrl\u00e4ssigkeit oder Vorsatz vorliegt, ausgeschlossen.<\/p>\n<p>&nbsp;<\/p>\n<p><b>Nr. 6.)<\/b><\/p>\n<p>Die Kursteilnehmer erkl\u00e4ren sich mit der Hausordnung einverstanden. Verst\u00f6\u00dfe gegen diese, sowie fahrl\u00e4ssige oder vors\u00e4tzliche Verunreinigung oder Besch\u00e4digung von mobiler Ausstattung und nicht mobiler Einrichtung k\u00f6nnen zum Ausschluss des Kursteilnehmers von der Veranstaltung f\u00fchren.<\/p>\n<p>Es besteht in diesem Fall kein Anspruch auf Erstattung bereits bezahlter Kursgeb\u00fchr.<\/p>\n<p><strong>Nr. 7.)<\/strong><\/p>\n<p>Fortbildungspunkte werden grunds\u00e4tzlich vergeben gem\u00e4\u00df Anlage 4 Fortbildung des Vertrages zum \u00a7&nbsp;125 Absatz 1 SGB V \u00fcber die Versorgung mit Leistungen der Physiotherapie und deren Verg\u00fctung vom 01.08.2021, sowie auf Empfehlung des BVMBZ e.V. \u2013 Bundesverband medizinischer Bildungszentren.<\/p>\n\n","protected":false},"excerpt":{"rendered":"<p> [&hellip;]<\/p>\n","protected":false},"author":1,"featured_media":0,"parent":0,"menu_order":0,"comment_status":"closed","ping_status":"closed","template":"","meta":{"ngg_post_thumbnail":0,"footnotes":""},"class_list":["post-1071","page","type-page","status-publish","hentry"],"yoast_head":"<!-- This site is optimized with the Yoast SEO plugin v15.0 - https:\/\/yoast.com\/wordpress\/plugins\/seo\/ -->\n<meta name=\"robots\" content=\"index, follow, max-snippet:-1, max-image-preview:large, max-video-preview:-1\" \/>\n<link rel=\"canonical\" href=\"https:\/\/pschick-group.de\/wamp\/agbs\/\" \/>\n<meta property=\"og:locale\" content=\"de_DE\" \/>\n<meta property=\"og:type\" content=\"article\" \/>\n<meta property=\"og:title\" content=\"AGBs - Fortbildungsakademie - Rotmain Bayreuth GmbH\" \/>\n<meta property=\"og:description\" content=\"[&hellip;]\" \/>\n<meta property=\"og:url\" content=\"https:\/\/pschick-group.de\/wamp\/agbs\/\" \/>\n<meta property=\"og:site_name\" content=\"Fortbildungsakademie - Rotmain Bayreuth GmbH\" \/>\n<meta property=\"article:modified_time\" content=\"2022-05-25T09:59:34+00:00\" \/>\n<meta name=\"twitter:card\" content=\"summary\" \/>\n<script type=\"application\/ld+json\" class=\"yoast-schema-graph\">{\"@context\":\"https:\/\/schema.org\",\"@graph\":[{\"@type\":\"WebSite\",\"@id\":\"https:\/\/pschick-group.de\/wamp\/#website\",\"url\":\"https:\/\/pschick-group.de\/wamp\/\",\"name\":\"Fortbildungsakademie - Rotmain Bayreuth GmbH\",\"description\":\"\",\"potentialAction\":[{\"@type\":\"SearchAction\",\"target\":\"https:\/\/pschick-group.de\/wamp\/?s={search_term_string}\",\"query-input\":\"required name=search_term_string\"}],\"inLanguage\":\"de\"},{\"@type\":\"WebPage\",\"@id\":\"https:\/\/pschick-group.de\/wamp\/agbs\/#webpage\",\"url\":\"https:\/\/pschick-group.de\/wamp\/agbs\/\",\"name\":\"AGBs - Fortbildungsakademie - Rotmain Bayreuth GmbH\",\"isPartOf\":{\"@id\":\"https:\/\/pschick-group.de\/wamp\/#website\"},\"datePublished\":\"2015-10-24T15:24:14+00:00\",\"dateModified\":\"2022-05-25T09:59:34+00:00\",\"inLanguage\":\"de\",\"potentialAction\":[{\"@type\":\"ReadAction\",\"target\":[\"https:\/\/pschick-group.de\/wamp\/agbs\/\"]}]}]}<\/script>\n<!-- \/ Yoast SEO plugin. -->","_links":{"self":[{"href":"https:\/\/pschick-group.de\/wamp\/wp-json\/wp\/v2\/pages\/1071"}],"collection":[{"href":"https:\/\/pschick-group.de\/wamp\/wp-json\/wp\/v2\/pages"}],"about":[{"href":"https:\/\/pschick-group.de\/wamp\/wp-json\/wp\/v2\/types\/page"}],"author":[{"embeddable":true,"href":"https:\/\/pschick-group.de\/wamp\/wp-json\/wp\/v2\/users\/1"}],"replies":[{"embeddable":true,"href":"https:\/\/pschick-group.de\/wamp\/wp-json\/wp\/v2\/comments?post=1071"}],"version-history":[{"count":2,"href":"https:\/\/pschick-group.de\/wamp\/wp-json\/wp\/v2\/pages\/1071\/revisions"}],"predecessor-version":[{"id":5021,"href":"https:\/\/pschick-group.de\/wamp\/wp-json\/wp\/v2\/pages\/1071\/revisions\/5021"}],"wp:attachment":[{"href":"https:\/\/pschick-group.de\/wamp\/wp-json\/wp\/v2\/media?parent=1071"}],"curies":[{"name":"wp","href":"https:\/\/api.w.org\/{rel}","templated":true}]}}