{"id":1001,"date":"2015-10-01T19:56:25","date_gmt":"2015-10-01T17:56:25","guid":{"rendered":"http:\/\/pschick-group.de\/tpw\/?page_id=1001"},"modified":"2015-12-20T11:23:00","modified_gmt":"2015-12-20T10:23:00","slug":"physiotherapie","status":"publish","type":"page","link":"https:\/\/pschick-group.de\/tpw\/physiotherapie\/","title":{"rendered":"Physiotherapie"},"content":{"rendered":"<h4><span style=\"color: #b80b29;\">Herzlich Willkommen im Therapiepunkt Wiesent &#8211; Physiotherapie<\/span><\/h4>\n<h4><span style=\"color: #b80b29;\">Unsere Praxis<\/span><\/h4>\n<p class=\"fliesstext\">Umfassende Befunderhebung und Beratung ist der erste Schritt zu einer erfolgreichen Behandlung.<\/p>\n<p class=\"fliesstext\">Gerne informieren wir Sie \u00fcber unsere laufenden Aktionen.<\/p>\n<p class=\"fliesstext\">Um die Intimsph\u00e4re zu wahren, arbeiten wir ausschlie\u00dflich in abgeschlossenen Behandlungsr\u00e4umen.<br \/>\nDiese sind rollstuhlgeeignet.<\/p>\n<h4><span style=\"color: #b80b29;\">Unser Leistungsspektrum<\/span><\/h4>\n<ul>\n<li>Krankengymnastik<\/li>\n<li>Klassische Massage<\/li>\n<li>Manuelle Lymphdrainage<\/li>\n<li>Sportphysiotherapie Lizenz DOSB<\/li>\n<li>Manuelle Therapie<\/li>\n<li>Therapie nach Mc Kenzie<\/li>\n<li>Therapie nach Cyriax<\/li>\n<li>Schlingentisch Therapie \/ Extensionsbehandlung<\/li>\n<li>Tapeverb\u00e4nde<\/li>\n<li>Kiefergelenksbehandlung<\/li>\n<li>Bindegewebsmassage<\/li>\n<li>Elektrotherapie, Ultraschall<\/li>\n<li>Fango, Hei\u00dfluft<\/li>\n<li>Kryotherapie, Eis<\/li>\n<li>Kinesiotape-Medical Taping Concept<\/li>\n<li>Triggerpunkt &#8211; Therapie<\/li>\n<li>Atlastherapie<\/li>\n<li>PST &#8211; Propriozeptisches Sensomotorisches Taping<\/li>\n<li>Wirbels\u00e4ulentherapie nach Dorn &amp; Breuss<\/li>\n<li>Vereinsbetreuung<\/li>\n<li>Medical Flossing<\/li>\n<li>und vieles mehr&#8230;<\/li>\n<\/ul>\n<p><span style=\"color: #b80b29;\"><strong>Hausbesuche nach Vereinbarung<br \/>\nUnsere Praxis ist selbstverst\u00e4ndlich rollstuhlgeeignet.<\/strong><\/span><\/p>\n<p><span style=\"color: #b80b29;\"><strong>ALLE\u00a0KASSEN\u00a0!!!<\/strong><\/span><\/p>\n","protected":false},"excerpt":{"rendered":"<p> [&hellip;]<\/p>\n","protected":false},"author":1,"featured_media":0,"parent":0,"menu_order":0,"comment_status":"closed","ping_status":"closed","template":"","meta":{"ngg_post_thumbnail":0,"footnotes":""},"class_list":["post-1001","page","type-page","status-publish","hentry"],"yoast_head":"<!-- This site is optimized with the Yoast SEO plugin v15.0 - https:\/\/yoast.com\/wordpress\/plugins\/seo\/ -->\n<meta name=\"robots\" content=\"index, follow, max-snippet:-1, max-image-preview:large, max-video-preview:-1\" \/>\n<link rel=\"canonical\" href=\"https:\/\/pschick-group.de\/tpw\/physiotherapie\/\" \/>\n<meta property=\"og:locale\" content=\"de_DE\" \/>\n<meta property=\"og:type\" content=\"article\" \/>\n<meta property=\"og:title\" content=\"Physiotherapie - Therapiepunkt Wiesent\" \/>\n<meta property=\"og:description\" content=\"[&hellip;]\" \/>\n<meta property=\"og:url\" content=\"https:\/\/pschick-group.de\/tpw\/physiotherapie\/\" \/>\n<meta property=\"og:site_name\" content=\"Therapiepunkt Wiesent\" \/>\n<meta property=\"article:modified_time\" content=\"2015-12-20T10:23:00+00:00\" \/>\n<meta name=\"twitter:card\" content=\"summary\" \/>\n<script type=\"application\/ld+json\" class=\"yoast-schema-graph\">{\"@context\":\"https:\/\/schema.org\",\"@graph\":[{\"@type\":\"WebSite\",\"@id\":\"https:\/\/pschick-group.de\/tpw\/#website\",\"url\":\"https:\/\/pschick-group.de\/tpw\/\",\"name\":\"Therapiepunkt Wiesent\",\"description\":\"Eine weitere Pschick Group Seiten Website\",\"potentialAction\":[{\"@type\":\"SearchAction\",\"target\":\"https:\/\/pschick-group.de\/tpw\/?s={search_term_string}\",\"query-input\":\"required name=search_term_string\"}],\"inLanguage\":\"de\"},{\"@type\":\"WebPage\",\"@id\":\"https:\/\/pschick-group.de\/tpw\/physiotherapie\/#webpage\",\"url\":\"https:\/\/pschick-group.de\/tpw\/physiotherapie\/\",\"name\":\"Physiotherapie - Therapiepunkt Wiesent\",\"isPartOf\":{\"@id\":\"https:\/\/pschick-group.de\/tpw\/#website\"},\"datePublished\":\"2015-10-01T17:56:25+00:00\",\"dateModified\":\"2015-12-20T10:23:00+00:00\",\"inLanguage\":\"de\",\"potentialAction\":[{\"@type\":\"ReadAction\",\"target\":[\"https:\/\/pschick-group.de\/tpw\/physiotherapie\/\"]}]}]}<\/script>\n<!-- \/ Yoast SEO plugin. -->","_links":{"self":[{"href":"https:\/\/pschick-group.de\/tpw\/wp-json\/wp\/v2\/pages\/1001"}],"collection":[{"href":"https:\/\/pschick-group.de\/tpw\/wp-json\/wp\/v2\/pages"}],"about":[{"href":"https:\/\/pschick-group.de\/tpw\/wp-json\/wp\/v2\/types\/page"}],"author":[{"embeddable":true,"href":"https:\/\/pschick-group.de\/tpw\/wp-json\/wp\/v2\/users\/1"}],"replies":[{"embeddable":true,"href":"https:\/\/pschick-group.de\/tpw\/wp-json\/wp\/v2\/comments?post=1001"}],"version-history":[{"count":2,"href":"https:\/\/pschick-group.de\/tpw\/wp-json\/wp\/v2\/pages\/1001\/revisions"}],"predecessor-version":[{"id":1951,"href":"https:\/\/pschick-group.de\/tpw\/wp-json\/wp\/v2\/pages\/1001\/revisions\/1951"}],"wp:attachment":[{"href":"https:\/\/pschick-group.de\/tpw\/wp-json\/wp\/v2\/media?parent=1001"}],"curies":[{"name":"wp","href":"https:\/\/api.w.org\/{rel}","templated":true}]}}