{"id":20,"date":"2013-09-17T10:57:41","date_gmt":"2013-09-17T10:57:41","guid":{"rendered":"http:\/\/localhost\/wordpress\/flat-theme\/?page_id=2"},"modified":"2019-12-18T08:49:04","modified_gmt":"2019-12-18T07:49:04","slug":"sample-page-2","status":"publish","type":"page","link":"https:\/\/pschick-group.de\/tbz\/","title":{"rendered":"Startseite"},"content":{"rendered":"<section id=testimonial class=\"alizarin\"><div class=\"container\"><\/p>\n<h2 style=\"text-align: center;\">Herzlich Willkommen in der tbz W\u00fcrzburg GmbH<\/h2>\n<p>&nbsp;<\/p>\n<div>Die tbz W\u00fcrzburg GmbH steht f\u00fcr qualifizierte und praxisnahe Fort- und Weiterbildungen f\u00fcr med. Fachpersonal wie Physiotherapeuten, Masseure, \u00c4rzte, Zahn\u00e4rzte, Logop\u00e4den, Ergotherapeuten und Heilpraktiker. In der zentral gelegenen Stadt W\u00fcrzburg erleben Sie in angenehmer und gro\u00dfz\u00fcgiger Atmosph\u00e4re Weiterbildungen auf bestem fachlichen Niveau.<\/div>\n<p>&nbsp;<\/p>\n<div>Mit \u00fcber 50 Kursen und qualifizierten Dozenten bieten wir Ihnen eine Vielfalt an Weiterbildungsm\u00f6glichkeiten. Angefangen vom 1-Tages Kurs bis zur fundierten Osteopathie-Ausbildung finden bestimmt auch Sie das ein oder andere interessante Seminar.<\/div>\n<p>&nbsp;<\/p>\n<div>Die tbz W\u00fcrzburg GmbH liegt&nbsp; im Nord-Osten von W\u00fcrzburg und hat deshalb eine sehr gute Verkehrsanbindung, eine Stra\u00dfenbahnhaltestelle fast vor der Haust\u00fcre und nur etwa 15 Gehminuten zum ICE Hauptbahnhof zu bieten.<\/div>\n<p>&nbsp;<\/p>\n<div>Mit der traumhaft sch\u00f6nen Altstadt, der alten Mainbr\u00fccke und vielen weiteren Sehensw\u00fcrdigkeiten von W\u00fcrzburg ist auch das Abendprogramm sehr angenehm zu gestalten. Hotels und Unterkunftsm\u00f6glichkeiten sind in gro\u00dfer Auswahl vorhanden und bieten f\u00fcr jeden Geschmack das Richtige. Werfen Sie hierzu einen Blick in unser Unterkunftsverzeichnis, das wir Ihnen auch gerne auf Wunsch zusenden.<\/div>\n<p>&nbsp;<\/p>\n<div>Weiterbildung wie im Urlaub? Hierf\u00fcr empfehlen wir Ihnen unsere ausgew\u00e4hlten Kurse auch auf Mallorca!<\/div>\n<p>&nbsp;<\/p>\n<div>Auch Inhouse &#8211; Seminare in Ihrer Klinik, Rehazentrum, Fortbildungseinrichtung oder Praxis k\u00f6nnen wir Ihnen bei Interesse planen und durchf\u00fchren.<\/div>\n<p>&nbsp;<\/p>\n<div>Wir hoffen, Ihnen ein interessantes und umfangreiches <span style=\"color: #159909;\"><a style=\"color: #159909;\" href=\"https:\/\/pschick-group.de\/fortbildungsakademie\/kursprogramm\/\">Kursprogramm<\/a><\/span> bieten zu k\u00f6nnen und w\u00fcrden uns freuen Sie in W\u00fcrzburg in der tbz W\u00fcrzburg GmbH begr\u00fc\u00dfen zu d\u00fcrfen.<\/div>\n<p>&nbsp;<\/p>\n<div>&nbsp;Das Team der tbz W\u00fcrzburg GmbH freut sich auf Ihr Kommen!<\/div>\n<p>&nbsp;<\/p>\n<p>&nbsp;<\/p>\n<div>\n<p>Wir sind Mitglied des BVMBZ!<br \/>\n<a href=\"https:\/\/pschick-group.de\/wamp\/wp-content\/uploads\/sites\/141\/2019\/11\/BVMBZ_Logo_4c_B_300px.jpg\"><img loading=\"lazy\" decoding=\"async\" class=\"alignnone size-full wp-image-4391\" src=\"https:\/\/pschick-group.de\/wamp\/wp-content\/uploads\/sites\/141\/2019\/11\/BVMBZ_Logo_4c_B_300px.jpg\" alt=\"\" width=\"300\" height=\"88\"><\/a><\/p>\n<\/div>\n<p><div class=\"clearfix divider-md \"><\/div>  <div class=\"row\">\n        <\/div>\n    <\/div><\/section>\n","protected":false},"excerpt":{"rendered":"","protected":false},"author":1,"featured_media":0,"parent":0,"menu_order":0,"comment_status":"open","ping_status":"closed","template":"page-frontpage.php","meta":{"ngg_post_thumbnail":0,"footnotes":""},"class_list":["post-20","page","type-page","status-publish","hentry"],"yoast_head":"<!-- This site is optimized with the Yoast SEO plugin v15.0 - https:\/\/yoast.com\/wordpress\/plugins\/seo\/ -->\n<meta name=\"robots\" content=\"index, follow, max-snippet:-1, max-image-preview:large, max-video-preview:-1\" \/>\n<link rel=\"canonical\" href=\"https:\/\/pschick-group.de\/tbz\/\" \/>\n<meta property=\"og:locale\" content=\"de_DE\" \/>\n<meta property=\"og:type\" content=\"article\" \/>\n<meta property=\"og:title\" content=\"Startseite - tbz W\u00fcrzburg GmbH\" \/>\n<meta property=\"og:url\" content=\"https:\/\/pschick-group.de\/tbz\/\" \/>\n<meta property=\"og:site_name\" content=\"tbz W\u00fcrzburg GmbH\" \/>\n<meta property=\"article:modified_time\" content=\"2019-12-18T07:49:04+00:00\" \/>\n<meta property=\"og:image\" content=\"https:\/\/pschick-group.de\/wamp\/wp-content\/uploads\/sites\/141\/2019\/11\/BVMBZ_Logo_4c_B_300px.jpg\" \/>\n<meta name=\"twitter:card\" content=\"summary\" \/>\n<script type=\"application\/ld+json\" class=\"yoast-schema-graph\">{\"@context\":\"https:\/\/schema.org\",\"@graph\":[{\"@type\":\"WebSite\",\"@id\":\"https:\/\/pschick-group.de\/tbz\/#website\",\"url\":\"https:\/\/pschick-group.de\/tbz\/\",\"name\":\"tbz W\\u00fcrzburg GmbH\",\"description\":\"Eine weitere Pschick Group Seiten Website\",\"potentialAction\":[{\"@type\":\"SearchAction\",\"target\":\"https:\/\/pschick-group.de\/tbz\/?s={search_term_string}\",\"query-input\":\"required name=search_term_string\"}],\"inLanguage\":\"de\"},{\"@type\":\"ImageObject\",\"@id\":\"https:\/\/pschick-group.de\/tbz\/#primaryimage\",\"inLanguage\":\"de\",\"url\":\"https:\/\/pschick-group.de\/wamp\/wp-content\/uploads\/sites\/141\/2019\/11\/BVMBZ_Logo_4c_B_300px.jpg\"},{\"@type\":\"WebPage\",\"@id\":\"https:\/\/pschick-group.de\/tbz\/#webpage\",\"url\":\"https:\/\/pschick-group.de\/tbz\/\",\"name\":\"Startseite - tbz W\\u00fcrzburg GmbH\",\"isPartOf\":{\"@id\":\"https:\/\/pschick-group.de\/tbz\/#website\"},\"primaryImageOfPage\":{\"@id\":\"https:\/\/pschick-group.de\/tbz\/#primaryimage\"},\"datePublished\":\"2013-09-17T10:57:41+00:00\",\"dateModified\":\"2019-12-18T07:49:04+00:00\",\"inLanguage\":\"de\",\"potentialAction\":[{\"@type\":\"ReadAction\",\"target\":[\"https:\/\/pschick-group.de\/tbz\/\"]}]}]}<\/script>\n<!-- \/ Yoast SEO plugin. -->","_links":{"self":[{"href":"https:\/\/pschick-group.de\/tbz\/wp-json\/wp\/v2\/pages\/20"}],"collection":[{"href":"https:\/\/pschick-group.de\/tbz\/wp-json\/wp\/v2\/pages"}],"about":[{"href":"https:\/\/pschick-group.de\/tbz\/wp-json\/wp\/v2\/types\/page"}],"author":[{"embeddable":true,"href":"https:\/\/pschick-group.de\/tbz\/wp-json\/wp\/v2\/users\/1"}],"replies":[{"embeddable":true,"href":"https:\/\/pschick-group.de\/tbz\/wp-json\/wp\/v2\/comments?post=20"}],"version-history":[{"count":13,"href":"https:\/\/pschick-group.de\/tbz\/wp-json\/wp\/v2\/pages\/20\/revisions"}],"predecessor-version":[{"id":3941,"href":"https:\/\/pschick-group.de\/tbz\/wp-json\/wp\/v2\/pages\/20\/revisions\/3941"}],"wp:attachment":[{"href":"https:\/\/pschick-group.de\/tbz\/wp-json\/wp\/v2\/media?parent=20"}],"curies":[{"name":"wp","href":"https:\/\/api.w.org\/{rel}","templated":true}]}}