{"id":7971,"date":"2017-05-09T09:06:13","date_gmt":"2017-05-09T07:06:13","guid":{"rendered":"http:\/\/pschick-group.de\/sales\/?post_type=product&#038;p=7971"},"modified":"2022-08-25T11:35:57","modified_gmt":"2022-08-25T09:35:57","slug":"flexible-wirbelsaeule","status":"publish","type":"product","link":"https:\/\/pschick-group.de\/sales\/produkt\/flexible-wirbelsaeule\/","title":{"rendered":"Flexible Wirbels\u00e4ule"},"content":{"rendered":"","protected":false},"excerpt":{"rendered":"<p>Flexible lebensgro\u00dfe Wirbels\u00e4ule. Sie besteht aus Os occipitale, Hals-, Brust- und Lendenwirbeln, Os sacrum, Os coccygis und dem vollst\u00e4ndigen Becken. Ebenfalls dargestellt sind die Vertebralarterien, die \u00c4ste der Spinalnerven und eine Bandscheibe mit Prolaps in H\u00f6he von L3\u2013L4. Mit Stativ zum Aufh\u00e4ngen. Gr\u00f6\u00dfe: 75 cm, Gewicht: ca. 2,5 kg<\/p>\n","protected":false},"featured_media":7981,"comment_status":"closed","ping_status":"closed","template":"","meta":{"ngg_post_thumbnail":0},"class_list":["post-7971","product","type-product","status-publish","has-post-thumbnail","hentry","product_cat-anatomische-modelle","product_tag-wirbelsaeule","product_shipping_class-standard-artikel"],"yoast_head":"<!-- This site is optimized with the Yoast SEO plugin v15.0 - https:\/\/yoast.com\/wordpress\/plugins\/seo\/ -->\n<title>Flexible Wirbels\u00e4ule - Pschick Sales<\/title>\n<meta name=\"robots\" content=\"index, follow, max-snippet:-1, max-image-preview:large, max-video-preview:-1\" \/>\n<link rel=\"canonical\" href=\"https:\/\/pschick-group.de\/sales\/produkt\/flexible-wirbelsaeule\/\" \/>\n<meta property=\"og:locale\" content=\"de_DE\" \/>\n<meta property=\"og:type\" content=\"article\" \/>\n<meta property=\"og:title\" content=\"Flexible Wirbels\u00e4ule - Pschick Sales\" \/>\n<meta property=\"og:description\" content=\"Flexible lebensgro\u00dfe Wirbels\u00e4ule. Sie besteht aus Os occipitale, Hals-, Brust- und Lendenwirbeln, Os sacrum, Os coccygis und dem vollst\u00e4ndigen Becken. Ebenfalls dargestellt sind die Vertebralarterien, die \u00c4ste der Spinalnerven und eine Bandscheibe mit Prolaps in H\u00f6he von L3\u2013L4. Mit Stativ zum Aufh\u00e4ngen. Gr\u00f6\u00dfe: 75 cm, Gewicht: ca. 2,5 kg\" \/>\n<meta property=\"og:url\" content=\"https:\/\/pschick-group.de\/sales\/produkt\/flexible-wirbelsaeule\/\" \/>\n<meta property=\"og:site_name\" content=\"Pschick Sales\" \/>\n<meta property=\"article:modified_time\" content=\"2022-08-25T09:35:57+00:00\" \/>\n<meta property=\"og:image\" content=\"https:\/\/pschick-group.de\/sales\/wp-content\/uploads\/sites\/31\/2017\/05\/A250-Flexible-Wirbels\u00e4ule.jpg\" \/>\n\t<meta property=\"og:image:width\" content=\"800\" \/>\n\t<meta property=\"og:image:height\" content=\"1200\" \/>\n<meta name=\"twitter:card\" content=\"summary\" \/>\n<script type=\"application\/ld+json\" class=\"yoast-schema-graph\">{\"@context\":\"https:\/\/schema.org\",\"@graph\":[{\"@type\":\"WebSite\",\"@id\":\"https:\/\/pschick-group.de\/sales\/#website\",\"url\":\"https:\/\/pschick-group.de\/sales\/\",\"name\":\"Pschick Sales\",\"description\":\"Online Shop\",\"potentialAction\":[{\"@type\":\"SearchAction\",\"target\":\"https:\/\/pschick-group.de\/sales\/?s={search_term_string}\",\"query-input\":\"required name=search_term_string\"}],\"inLanguage\":\"de\"},{\"@type\":\"ImageObject\",\"@id\":\"https:\/\/pschick-group.de\/sales\/produkt\/flexible-wirbelsaeule\/#primaryimage\",\"inLanguage\":\"de\",\"url\":\"https:\/\/pschick-group.de\/sales\/wp-content\/uploads\/sites\/31\/2017\/05\/A250-Flexible-Wirbels\\u00e4ule.jpg\",\"width\":800,\"height\":1200},{\"@type\":\"WebPage\",\"@id\":\"https:\/\/pschick-group.de\/sales\/produkt\/flexible-wirbelsaeule\/#webpage\",\"url\":\"https:\/\/pschick-group.de\/sales\/produkt\/flexible-wirbelsaeule\/\",\"name\":\"Flexible Wirbels\\u00e4ule - Pschick Sales\",\"isPartOf\":{\"@id\":\"https:\/\/pschick-group.de\/sales\/#website\"},\"primaryImageOfPage\":{\"@id\":\"https:\/\/pschick-group.de\/sales\/produkt\/flexible-wirbelsaeule\/#primaryimage\"},\"datePublished\":\"2017-05-09T07:06:13+00:00\",\"dateModified\":\"2022-08-25T09:35:57+00:00\",\"inLanguage\":\"de\",\"potentialAction\":[{\"@type\":\"ReadAction\",\"target\":[\"https:\/\/pschick-group.de\/sales\/produkt\/flexible-wirbelsaeule\/\"]}]}]}<\/script>\n<!-- \/ Yoast SEO plugin. -->","_links":{"self":[{"href":"https:\/\/pschick-group.de\/sales\/wp-json\/wp\/v2\/product\/7971"}],"collection":[{"href":"https:\/\/pschick-group.de\/sales\/wp-json\/wp\/v2\/product"}],"about":[{"href":"https:\/\/pschick-group.de\/sales\/wp-json\/wp\/v2\/types\/product"}],"replies":[{"embeddable":true,"href":"https:\/\/pschick-group.de\/sales\/wp-json\/wp\/v2\/comments?post=7971"}],"wp:featuredmedia":[{"embeddable":true,"href":"https:\/\/pschick-group.de\/sales\/wp-json\/wp\/v2\/media\/7981"}],"wp:attachment":[{"href":"https:\/\/pschick-group.de\/sales\/wp-json\/wp\/v2\/media?parent=7971"}],"curies":[{"name":"wp","href":"https:\/\/api.w.org\/{rel}","templated":true}]}}