{"id":7921,"date":"2017-05-09T08:56:12","date_gmt":"2017-05-09T06:56:12","guid":{"rendered":"http:\/\/pschick-group.de\/sales\/?post_type=product&#038;p=7921"},"modified":"2022-08-25T11:34:54","modified_gmt":"2022-08-25T09:34:54","slug":"schaedelmodell-3-teilig","status":"publish","type":"product","link":"https:\/\/pschick-group.de\/sales\/produkt\/schaedelmodell-3-teilig\/","title":{"rendered":"Sch\u00e4delmodell, 3-teilig"},"content":{"rendered":"","protected":false},"excerpt":{"rendered":"<p>Bei der Entwicklung dieser lebensechten Reproduktion eines menschlichen Sch\u00e4dels wurde ein echter menschlicher Sch\u00e4del mit modernster Technik digitalisiert und anschlie\u00dfend unter den Gesichtspunkten der medizinischen Ausbildung idealisiert. Dies bedeutet, dass der Sch\u00e4del dem anatomischen Ideal perfekt angepasst wurde, alle anatomischen Details und Strukturen sind vorhanden und entsprechen dem Lehrbuch. Das 3-teilige Modell besteht aus Sch\u00e4delbasis, Sch\u00e4deldach und Unterkiefer. Die Z\u00e4hne entsprechen hinsichtlich Zahnstellung und Zahnzwischenr\u00e4umen einem echten Gebiss. Der Unterkiefer ist beweglich montiert und abnehmbar. Das Sch\u00e4deldach ist durch unzerbrechliche Metallstifte an der Sch\u00e4delbasis ausgerichtet und wird von starken Magneten gehalten, so dass keine st\u00f6renden Haken mehr notwendig sind, keine Stifte abbrechen k\u00f6nnen und auch kein Spalt zwischen Sch\u00e4delbasis und Sch\u00e4deldach entsteht. Dies unterscheidet das Modell wesentlich von den Wettbewerbsmodellen mit Plastikstiften oder st\u00f6renden Metallhaken. Der Sch\u00e4del entspricht in Gr\u00f6\u00dfe und Proportionen einem durchschnittlichen europ\u00e4ischen Erwachsenen. Dieses sehr erfolgreiche Modell k\u00f6nnen wir dank modernster Fertigungstechnik und hoher Auflage zu einem \u00e4u\u00dferst g\u00fcnstigen Preis anbieten, so dass sich jeder dieses Sch\u00e4delmodell h\u00f6chster G\u00fcte auch leisten kann.<\/p>\n","protected":false},"featured_media":7931,"comment_status":"closed","ping_status":"closed","template":"","meta":{"ngg_post_thumbnail":0},"class_list":["post-7921","product","type-product","status-publish","has-post-thumbnail","hentry","product_cat-anatomische-modelle","product_shipping_class-standard-artikel"],"yoast_head":"<!-- This site is optimized with the Yoast SEO plugin v15.0 - https:\/\/yoast.com\/wordpress\/plugins\/seo\/ -->\n<title>Sch\u00e4delmodell, 3-teilig - Pschick Sales<\/title>\n<meta name=\"robots\" content=\"index, follow, max-snippet:-1, max-image-preview:large, max-video-preview:-1\" \/>\n<link rel=\"canonical\" href=\"https:\/\/pschick-group.de\/sales\/produkt\/schaedelmodell-3-teilig\/\" \/>\n<meta property=\"og:locale\" content=\"de_DE\" \/>\n<meta property=\"og:type\" content=\"article\" \/>\n<meta property=\"og:title\" content=\"Sch\u00e4delmodell, 3-teilig - Pschick Sales\" \/>\n<meta property=\"og:description\" content=\"Bei der Entwicklung dieser lebensechten Reproduktion eines menschlichen Sch\u00e4dels wurde ein echter menschlicher Sch\u00e4del mit modernster Technik digitalisiert und anschlie\u00dfend unter den Gesichtspunkten der medizinischen Ausbildung idealisiert. Dies bedeutet, dass der Sch\u00e4del dem anatomischen Ideal perfekt angepasst wurde, alle anatomischen Details und Strukturen sind vorhanden und entsprechen dem Lehrbuch. Das 3-teilige Modell besteht aus Sch\u00e4delbasis, Sch\u00e4deldach und Unterkiefer. Die Z\u00e4hne entsprechen hinsichtlich Zahnstellung und Zahnzwischenr\u00e4umen einem echten Gebiss. Der Unterkiefer ist beweglich montiert und abnehmbar. Das Sch\u00e4deldach ist durch unzerbrechliche Metallstifte an der Sch\u00e4delbasis ausgerichtet und wird von starken Magneten gehalten, so dass keine st\u00f6renden Haken mehr notwendig sind, keine Stifte abbrechen k\u00f6nnen und auch kein Spalt zwischen Sch\u00e4delbasis und Sch\u00e4deldach entsteht. Dies unterscheidet das Modell wesentlich von den Wettbewerbsmodellen mit Plastikstiften oder st\u00f6renden Metallhaken. Der Sch\u00e4del entspricht in Gr\u00f6\u00dfe und Proportionen einem durchschnittlichen europ\u00e4ischen Erwachsenen. Dieses sehr erfolgreiche Modell k\u00f6nnen wir dank modernster Fertigungstechnik und hoher Auflage zu einem \u00e4u\u00dferst g\u00fcnstigen Preis anbieten, so dass sich jeder dieses Sch\u00e4delmodell h\u00f6chster G\u00fcte auch leisten kann.\" \/>\n<meta property=\"og:url\" content=\"https:\/\/pschick-group.de\/sales\/produkt\/schaedelmodell-3-teilig\/\" \/>\n<meta property=\"og:site_name\" content=\"Pschick Sales\" \/>\n<meta property=\"article:modified_time\" content=\"2022-08-25T09:34:54+00:00\" \/>\n<meta property=\"og:image\" content=\"https:\/\/pschick-group.de\/sales\/wp-content\/uploads\/sites\/31\/2017\/05\/4500-Sch\u00e4delmodell.jpg\" \/>\n\t<meta property=\"og:image:width\" content=\"800\" \/>\n\t<meta property=\"og:image:height\" content=\"635\" \/>\n<meta name=\"twitter:card\" content=\"summary\" \/>\n<script type=\"application\/ld+json\" class=\"yoast-schema-graph\">{\"@context\":\"https:\/\/schema.org\",\"@graph\":[{\"@type\":\"WebSite\",\"@id\":\"https:\/\/pschick-group.de\/sales\/#website\",\"url\":\"https:\/\/pschick-group.de\/sales\/\",\"name\":\"Pschick Sales\",\"description\":\"Online Shop\",\"potentialAction\":[{\"@type\":\"SearchAction\",\"target\":\"https:\/\/pschick-group.de\/sales\/?s={search_term_string}\",\"query-input\":\"required name=search_term_string\"}],\"inLanguage\":\"de\"},{\"@type\":\"ImageObject\",\"@id\":\"https:\/\/pschick-group.de\/sales\/produkt\/schaedelmodell-3-teilig\/#primaryimage\",\"inLanguage\":\"de\",\"url\":\"https:\/\/pschick-group.de\/sales\/wp-content\/uploads\/sites\/31\/2017\/05\/4500-Sch\\u00e4delmodell.jpg\",\"width\":800,\"height\":635},{\"@type\":\"WebPage\",\"@id\":\"https:\/\/pschick-group.de\/sales\/produkt\/schaedelmodell-3-teilig\/#webpage\",\"url\":\"https:\/\/pschick-group.de\/sales\/produkt\/schaedelmodell-3-teilig\/\",\"name\":\"Sch\\u00e4delmodell, 3-teilig - Pschick Sales\",\"isPartOf\":{\"@id\":\"https:\/\/pschick-group.de\/sales\/#website\"},\"primaryImageOfPage\":{\"@id\":\"https:\/\/pschick-group.de\/sales\/produkt\/schaedelmodell-3-teilig\/#primaryimage\"},\"datePublished\":\"2017-05-09T06:56:12+00:00\",\"dateModified\":\"2022-08-25T09:34:54+00:00\",\"inLanguage\":\"de\",\"potentialAction\":[{\"@type\":\"ReadAction\",\"target\":[\"https:\/\/pschick-group.de\/sales\/produkt\/schaedelmodell-3-teilig\/\"]}]}]}<\/script>\n<!-- \/ Yoast SEO plugin. -->","_links":{"self":[{"href":"https:\/\/pschick-group.de\/sales\/wp-json\/wp\/v2\/product\/7921"}],"collection":[{"href":"https:\/\/pschick-group.de\/sales\/wp-json\/wp\/v2\/product"}],"about":[{"href":"https:\/\/pschick-group.de\/sales\/wp-json\/wp\/v2\/types\/product"}],"replies":[{"embeddable":true,"href":"https:\/\/pschick-group.de\/sales\/wp-json\/wp\/v2\/comments?post=7921"}],"wp:featuredmedia":[{"embeddable":true,"href":"https:\/\/pschick-group.de\/sales\/wp-json\/wp\/v2\/media\/7931"}],"wp:attachment":[{"href":"https:\/\/pschick-group.de\/sales\/wp-json\/wp\/v2\/media?parent=7921"}],"curies":[{"name":"wp","href":"https:\/\/api.w.org\/{rel}","templated":true}]}}