{"id":7121,"date":"2017-02-03T09:10:13","date_gmt":"2017-02-03T08:10:13","guid":{"rendered":"http:\/\/pschick-group.de\/sales\/?post_type=product&#038;p=7121"},"modified":"2024-09-12T10:02:58","modified_gmt":"2024-09-12T08:02:58","slug":"backpod","status":"publish","type":"product","link":"https:\/\/pschick-group.de\/sales\/produkt\/backpod\/","title":{"rendered":"Backpod\u00ae"},"content":{"rendered":"<p>Der neue Backpod ist eine ideale Erg\u00e4nzung zur manuellen Therapie und Mobilisation der Wirbels\u00e4ule. Eine manipulative Behandlung blockierter Gelenke eignet sich ausgezeichnet daf\u00fcr, Blockaden zu l\u00f6sen. Die L\u00f6sung der Blockaden wird jedoch nicht lange anhalten, sofern nicht auch das verspannte Kollagengewebe und die B\u00e4nder, die die Gelenke umgeben, entsprechend gedehnt werden. Dazu ist der Backpod hervorragend geeignet. Mit seiner Hilfe k\u00f6nnen Ihre Patienten eine langfristige Linderungen ihrer Beschwerden erzielen und nicht lediglich eine vor\u00fcbergehende Besserung.<\/p>\n<ul>\n<li>Hightech-Ger\u00e4t zur Mobilisation, bei dem das Gewicht des eigenen Oberk\u00f6rpers eingesetzt wird<\/li>\n<li>ideal zur Behandlung von R\u00fccken- und Nackenproblemen<\/li>\n<li>leicht und \u00fcberall anwendbar bei geringem Platzbedarf<\/li>\n<\/ul>\n","protected":false},"excerpt":{"rendered":"<p><strong>Wie verwendet man den Backpod\u00ae?<\/strong><\/p>\n","protected":false},"featured_media":12771,"comment_status":"closed","ping_status":"closed","template":"","meta":{"ngg_post_thumbnail":0},"class_list":["post-7121","product","type-product","status-publish","has-post-thumbnail","hentry","product_cat-tools","product_shipping_class-standard-artikel"],"yoast_head":"<!-- This site is optimized with the Yoast SEO plugin v15.0 - https:\/\/yoast.com\/wordpress\/plugins\/seo\/ -->\n<title>Backpod\u00ae - Pschick Sales<\/title>\n<meta name=\"robots\" content=\"index, follow, max-snippet:-1, max-image-preview:large, max-video-preview:-1\" \/>\n<link rel=\"canonical\" href=\"https:\/\/pschick-group.de\/sales\/produkt\/backpod\/\" \/>\n<meta property=\"og:locale\" content=\"de_DE\" \/>\n<meta property=\"og:type\" content=\"article\" \/>\n<meta property=\"og:title\" content=\"Backpod\u00ae - Pschick Sales\" \/>\n<meta property=\"og:description\" content=\"Wie verwendet man den Backpod\u00ae?\" \/>\n<meta property=\"og:url\" content=\"https:\/\/pschick-group.de\/sales\/produkt\/backpod\/\" \/>\n<meta property=\"og:site_name\" content=\"Pschick Sales\" \/>\n<meta property=\"article:modified_time\" content=\"2024-09-12T08:02:58+00:00\" \/>\n<meta property=\"og:image\" content=\"https:\/\/pschick-group.de\/sales\/wp-content\/uploads\/sites\/31\/2017\/02\/Backpod-neu_2.jpg\" \/>\n\t<meta property=\"og:image:width\" content=\"2362\" \/>\n\t<meta property=\"og:image:height\" content=\"1811\" \/>\n<meta name=\"twitter:card\" content=\"summary\" \/>\n<script type=\"application\/ld+json\" class=\"yoast-schema-graph\">{\"@context\":\"https:\/\/schema.org\",\"@graph\":[{\"@type\":\"WebSite\",\"@id\":\"https:\/\/pschick-group.de\/sales\/#website\",\"url\":\"https:\/\/pschick-group.de\/sales\/\",\"name\":\"Pschick Sales\",\"description\":\"Online Shop\",\"potentialAction\":[{\"@type\":\"SearchAction\",\"target\":\"https:\/\/pschick-group.de\/sales\/?s={search_term_string}\",\"query-input\":\"required name=search_term_string\"}],\"inLanguage\":\"de\"},{\"@type\":\"ImageObject\",\"@id\":\"https:\/\/pschick-group.de\/sales\/produkt\/backpod\/#primaryimage\",\"inLanguage\":\"de\",\"url\":\"https:\/\/pschick-group.de\/sales\/wp-content\/uploads\/sites\/31\/2017\/02\/Backpod-neu_2.jpg\",\"width\":2362,\"height\":1811},{\"@type\":\"WebPage\",\"@id\":\"https:\/\/pschick-group.de\/sales\/produkt\/backpod\/#webpage\",\"url\":\"https:\/\/pschick-group.de\/sales\/produkt\/backpod\/\",\"name\":\"Backpod\\u00ae - Pschick Sales\",\"isPartOf\":{\"@id\":\"https:\/\/pschick-group.de\/sales\/#website\"},\"primaryImageOfPage\":{\"@id\":\"https:\/\/pschick-group.de\/sales\/produkt\/backpod\/#primaryimage\"},\"datePublished\":\"2017-02-03T08:10:13+00:00\",\"dateModified\":\"2024-09-12T08:02:58+00:00\",\"inLanguage\":\"de\",\"potentialAction\":[{\"@type\":\"ReadAction\",\"target\":[\"https:\/\/pschick-group.de\/sales\/produkt\/backpod\/\"]}]}]}<\/script>\n<!-- \/ Yoast SEO plugin. -->","_links":{"self":[{"href":"https:\/\/pschick-group.de\/sales\/wp-json\/wp\/v2\/product\/7121"}],"collection":[{"href":"https:\/\/pschick-group.de\/sales\/wp-json\/wp\/v2\/product"}],"about":[{"href":"https:\/\/pschick-group.de\/sales\/wp-json\/wp\/v2\/types\/product"}],"replies":[{"embeddable":true,"href":"https:\/\/pschick-group.de\/sales\/wp-json\/wp\/v2\/comments?post=7121"}],"wp:featuredmedia":[{"embeddable":true,"href":"https:\/\/pschick-group.de\/sales\/wp-json\/wp\/v2\/media\/12771"}],"wp:attachment":[{"href":"https:\/\/pschick-group.de\/sales\/wp-json\/wp\/v2\/media?parent=7121"}],"curies":[{"name":"wp","href":"https:\/\/api.w.org\/{rel}","templated":true}]}}