{"id":51102,"date":"2026-02-19T15:38:53","date_gmt":"2026-02-19T14:38:53","guid":{"rendered":"https:\/\/pschick-group.de\/sales\/?post_type=product&#038;p=51102"},"modified":"2026-04-05T08:18:16","modified_gmt":"2026-04-05T06:18:16","slug":"buch-screening-therapie-messbar-machen","status":"publish","type":"product","link":"https:\/\/pschick-group.de\/sales\/produkt\/buch-screening-therapie-messbar-machen\/","title":{"rendered":"Buch: Screening &#8211; Therapie messbar machen"},"content":{"rendered":"","protected":false},"excerpt":{"rendered":"<div id=\"cc-inner\" class=\"cc-content-parent\">\n<div class=\"jtpl-main cc-content-parent\">\n<div class=\"jtpl-section flex-background-options border-options cc-content-parent\">\n<div class=\"jtpl-section__gutter cc-content-parent\">\n<section class=\"jtpl-content cc-content-parent\">\n<div class=\"jtpl-content__inner content-options cc-content-parent\">\n<div id=\"content_area\" data-container=\"content\">\n<div id=\"cc-matrix-2286128715\">\n<div id=\"cc-m-8835164715\" class=\"j-module n j-text \">1. Ausgabe 2026<br \/>\n\u00a9 2026 by THERAPATHOS, ein Imprint der Ahlhorn Verlagsgruppe<br \/>\nLektorat: Wencke R\u00f6hrenbeck<br \/>\nFotografien: Jana Kaul, Martin Kober<br \/>\nShooting-Location: A&amp;G Therapie Saulheim GmbH, Saulheim und Vitaktiv GmbH &amp; Co. KG, Ostfildern<br \/>\nModel: Jana Kaul, Martin Kober, Nicki Krick, Tobias Lange, Benedikt Werz, Andreas Ahlhorn<br \/>\nLayout und Satz: Andreas Ahlhorn<br \/>\nDruck: Durcksofa, N\u00fcrnbergISBN: 978-3-912484-00-7 V\u00d6 15.02.2026<br \/>\nISBN E-Book (PDF): 978-3-912484-01-4 V\u00d6 28.01.2026<\/p>\n<\/div>\n<div>&nbsp;<\/div>\n<div id=\"cc-m-8837610915\" class=\"j-module n j-text \">\n<p><strong>Screenings sind der Schl\u00fcssel zu moderner, evidenzbasierter Physiotherapie.<\/strong><\/p>\n<p>Sie erm\u00f6glichen es, Bewegung objektiv zu erfassen, Risiken fr\u00fchzeitig zu erkennen und Therapie gezielt zu steuern. Doch zwischen wissenschaftlichen Konzepten und der praktischen Umsetzung im physiotherapeutischen Alltag klafft h\u00e4ufig eine L\u00fccke.<\/p>\n<p>Dieses Buch schlie\u00dft sie.<\/p>\n<p>Es bietet einen praxisorientierten \u00dcberblick \u00fcber funktionelle Screenings in der Physiotherapie und zeigt, wie valide, reliabel und zugleich effizient getestete Verfahren sinnvoll in den Praxisalltag integriert werden k\u00f6nnen. Dabei ist das Buch bewusst modular aufgebaut: Jede Testbeschreibung ist in sich abgeschlossen und kann gezielt genutzt werden \u2013 als schnelles Nachschlagewerk oder als fundiertes Arbeitsinstrument.<\/p>\n<p>Leser*innen entscheiden selbst, wie tief sie in ein Assessment einsteigen m\u00f6chten: von der unmittelbaren Durchf\u00fchrung im Praxisalltag bis zur detaillierten, evidenzbasierten Einordnung. Klare Strukturen und wissenschaftliche Hintergr\u00fcnde erm\u00f6glichen eine flexible Nutzung \u2013 angepasst an Erfahrung, Fragestellung und Anwendungskontext.<\/p>\n<p>So verbindet dieses Buch Therapiewissenschaft, klinische Erfahrung und moderne Screening-Konzepte zu einem Werkzeug, das sowohl die t\u00e4gliche Praxis als auch die kontinuierliche fachliche Weiterentwicklung unterst\u00fctzt.<\/p>\n<p>Ein unverzichtbarer Leitfaden f\u00fcr alle, die Physiotherapie nicht nur durchf\u00fchren, sondern verstehen, begr\u00fcnden und weiterentwickeln wollen.<\/p>\n<\/div>\n<div id=\"cc-inner\" class=\"cc-content-parent\">\n<div class=\"jtpl-main cc-content-parent\">\n<div class=\"jtpl-section flex-background-options border-options cc-content-parent\">\n<div class=\"jtpl-section__gutter cc-content-parent\">\n<section class=\"jtpl-content cc-content-parent\">\n<div class=\"jtpl-content__inner content-options cc-content-parent\">\n<div id=\"content_area\" data-container=\"content\">\n<div id=\"cc-matrix-2286128715\">\n<div id=\"cc-m-8837610115\" class=\"j-module n j-textWithImage \">\n<div>\n<div id=\"cc-m-textwithimage-8837610115\" class=\"cc-m-textwithimage-inline-rte\" data-action=\"text\" data-name=\"text\">\n<p>Das Autorenteam hat sich durch Andreas Ahlhorn gefunden. Mitarbeiter, Partner und Freunde haben sich zusammengefunden, um dieses Buch zu schreiben.&nbsp;<\/p>\n<\/div>\n<\/div>\n<div>\n<div id=\"cc-m-textwithimage-8837610115\" data-action=\"text\" data-name=\"text\">\n<p>Autoren:<\/p>\n<p>Andreas Ahlhorn (Hrg.)<br \/>\nMartin Kober<br \/>\nJana Kaul<br \/>\nNicki Krick<br \/>\nTobias Lange<br \/>\nBenedikt Wertz<\/p>\n<\/div>\n<div id=\"cc-inner\" class=\"cc-content-parent\">\n<div class=\"jtpl-main cc-content-parent\">\n<div class=\"jtpl-section flex-background-options border-options cc-content-parent\">\n<div class=\"jtpl-section__gutter cc-content-parent\">\n<section class=\"jtpl-content cc-content-parent\">\n<div class=\"jtpl-content__inner content-options cc-content-parent\">\n<div id=\"content_area\" data-container=\"content\">\n<div id=\"cc-matrix-2286128715\">\n<div id=\"cc-m-8837610315\" class=\"j-module n j-downloadDocument \">\n<div class=\"descriptionContainer\" data-name=\"download-description\">\n<div class=\"cc-m-download-title\"><a href=\"https:\/\/pschick-group.de\/sales\/wp-content\/uploads\/sites\/31\/2026\/02\/Leseprobe-05-Screening-THERAPATHOS-Y-Balance-LowerBody.pdf\"><strong>Leseprobe Kapitel 05 &#8211; Y Balance Test &#8211; THERAPATHOS<\/strong><\/a><\/div>\n<div class=\"cc-m-download-description\">Die Vervielf\u00e4ltigung und Weiterleitung ist ausdr\u00fccklich untersagt!<\/div>\n<div class=\"cc-m-download-file\">\n<div class=\"cc-m-download-file-name\">Leseprobe 05 Screening THERAPATHOS &#8211; Y B<\/div>\n<div class=\"cc-m-download-file-info\"><span class=\"cc-m-download-file-type\">Adobe Acrobat Dokument<\/span> <span class=\"cc-m-download-file-size\">6.4 MB<\/span><\/div>\n<\/div>\n<\/div>\n<\/div>\n<\/div>\n<\/div>\n<\/div>\n<\/section>\n<\/div>\n<\/div>\n<\/div>\n<\/div>\n<p>&nbsp;<\/p>\n<\/div>\n<\/div>\n<\/div>\n<\/div>\n<\/div>\n<\/section>\n<\/div>\n<\/div>\n<\/div>\n<\/div>\n<\/div>\n<\/div>\n<\/div>\n<\/section>\n<\/div>\n<\/div>\n<\/div>\n<\/div>\n<p><!--nextpage--><\/p>\n","protected":false},"featured_media":51103,"comment_status":"closed","ping_status":"closed","template":"","meta":{"ngg_post_thumbnail":0},"class_list":["post-51102","product","type-product","status-publish","has-post-thumbnail","hentry","product_cat-buecher","product_shipping_class-buecherversand"],"yoast_head":"<!-- This site is optimized with the Yoast SEO plugin v15.0 - https:\/\/yoast.com\/wordpress\/plugins\/seo\/ -->\n<title>Buch: Screening - Therapie messbar machen - Pschick Sales<\/title>\n<meta name=\"robots\" content=\"index, follow, max-snippet:-1, max-image-preview:large, max-video-preview:-1\" \/>\n<link rel=\"canonical\" href=\"https:\/\/pschick-group.de\/sales\/produkt\/buch-screening-therapie-messbar-machen\/\" \/>\n<meta property=\"og:locale\" content=\"de_DE\" \/>\n<meta property=\"og:type\" content=\"article\" \/>\n<meta property=\"og:title\" content=\"Buch: Screening - Therapie messbar machen - Pschick Sales\" \/>\n<meta property=\"og:description\" content=\"1. Ausgabe 2026 \u00a9 2026 by THERAPATHOS, ein Imprint der Ahlhorn Verlagsgruppe Lektorat: Wencke R\u00f6hrenbeck Fotografien: Jana Kaul, Martin Kober Shooting-Location: A&amp;G Therapie Saulheim GmbH, Saulheim und Vitaktiv GmbH &amp; Co. KG, Ostfildern Model: Jana Kaul, Martin Kober, Nicki Krick, Tobias Lange, Benedikt Werz, Andreas Ahlhorn Layout und Satz: Andreas Ahlhorn Druck: Durcksofa, N\u00fcrnbergISBN: 978-3-912484-00-7 V\u00d6 15.02.2026 ISBN E-Book (PDF): 978-3-912484-01-4 V\u00d6 28.01.2026   &nbsp;   Screenings sind der Schl\u00fcssel zu moderner, evidenzbasierter Physiotherapie.  Sie erm\u00f6glichen es, Bewegung objektiv zu erfassen, Risiken fr\u00fchzeitig zu erkennen und Therapie gezielt zu steuern. Doch zwischen wissenschaftlichen Konzepten und der praktischen Umsetzung im physiotherapeutischen Alltag klafft h\u00e4ufig eine L\u00fccke.  Dieses Buch schlie\u00dft sie.  Es bietet einen praxisorientierten \u00dcberblick \u00fcber funktionelle Screenings in der Physiotherapie und zeigt, wie valide, reliabel und zugleich effizient getestete Verfahren sinnvoll in den Praxisalltag integriert werden k\u00f6nnen. Dabei ist das Buch bewusst modular aufgebaut: Jede Testbeschreibung ist in sich abgeschlossen und kann gezielt genutzt werden \u2013 als schnelles Nachschlagewerk oder als fundiertes Arbeitsinstrument.  Leser*innen entscheiden selbst, wie tief sie in ein Assessment einsteigen m\u00f6chten: von der unmittelbaren Durchf\u00fchrung im Praxisalltag bis zur detaillierten, evidenzbasierten Einordnung. Klare Strukturen und wissenschaftliche Hintergr\u00fcnde erm\u00f6glichen eine flexible Nutzung \u2013 angepasst an Erfahrung, Fragestellung und Anwendungskontext.  So verbindet dieses Buch Therapiewissenschaft, klinische Erfahrung und moderne Screening-Konzepte zu einem Werkzeug, das sowohl die t\u00e4gliche Praxis als auch die kontinuierliche fachliche Weiterentwicklung unterst\u00fctzt.  Ein unverzichtbarer Leitfaden f\u00fcr alle, die Physiotherapie nicht nur durchf\u00fchren, sondern verstehen, begr\u00fcnden und weiterentwickeln wollen.              Das Autorenteam hat sich durch Andreas Ahlhorn gefunden. Mitarbeiter, Partner und Freunde haben sich zusammengefunden, um dieses Buch zu schreiben.&nbsp;       Autoren:  Andreas Ahlhorn (Hrg.) Martin Kober Jana Kaul Nicki Krick Tobias Lange Benedikt Wertz            Leseprobe Kapitel 05 - Y Balance Test - THERAPATHOS Die Vervielf\u00e4ltigung und Weiterleitung ist ausdr\u00fccklich untersagt!  Leseprobe 05 Screening THERAPATHOS - Y B Adobe Acrobat Dokument 6.4 MB           &nbsp;\" \/>\n<meta property=\"og:url\" content=\"https:\/\/pschick-group.de\/sales\/produkt\/buch-screening-therapie-messbar-machen\/\" \/>\n<meta property=\"og:site_name\" content=\"Pschick Sales\" \/>\n<meta property=\"article:modified_time\" content=\"2026-04-05T06:18:16+00:00\" \/>\n<meta property=\"og:image\" content=\"https:\/\/pschick-group.de\/sales\/wp-content\/uploads\/sites\/31\/2026\/02\/Design-ohne-Titel-21-1024x1024.png\" \/>\n\t<meta property=\"og:image:width\" content=\"1024\" \/>\n\t<meta property=\"og:image:height\" content=\"1024\" \/>\n<meta name=\"twitter:card\" content=\"summary\" \/>\n<script type=\"application\/ld+json\" class=\"yoast-schema-graph\">{\"@context\":\"https:\/\/schema.org\",\"@graph\":[{\"@type\":\"WebSite\",\"@id\":\"https:\/\/pschick-group.de\/sales\/#website\",\"url\":\"https:\/\/pschick-group.de\/sales\/\",\"name\":\"Pschick Sales\",\"description\":\"Online Shop\",\"potentialAction\":[{\"@type\":\"SearchAction\",\"target\":\"https:\/\/pschick-group.de\/sales\/?s={search_term_string}\",\"query-input\":\"required name=search_term_string\"}],\"inLanguage\":\"de\"},{\"@type\":\"ImageObject\",\"@id\":\"https:\/\/pschick-group.de\/sales\/produkt\/buch-screening-therapie-messbar-machen\/#primaryimage\",\"inLanguage\":\"de\",\"url\":\"https:\/\/pschick-group.de\/sales\/wp-content\/uploads\/sites\/31\/2026\/02\/Design-ohne-Titel-21.png\",\"width\":3000,\"height\":3000},{\"@type\":\"WebPage\",\"@id\":\"https:\/\/pschick-group.de\/sales\/produkt\/buch-screening-therapie-messbar-machen\/#webpage\",\"url\":\"https:\/\/pschick-group.de\/sales\/produkt\/buch-screening-therapie-messbar-machen\/\",\"name\":\"Buch: Screening - Therapie messbar machen - Pschick Sales\",\"isPartOf\":{\"@id\":\"https:\/\/pschick-group.de\/sales\/#website\"},\"primaryImageOfPage\":{\"@id\":\"https:\/\/pschick-group.de\/sales\/produkt\/buch-screening-therapie-messbar-machen\/#primaryimage\"},\"datePublished\":\"2026-02-19T14:38:53+00:00\",\"dateModified\":\"2026-04-05T06:18:16+00:00\",\"inLanguage\":\"de\",\"potentialAction\":[{\"@type\":\"ReadAction\",\"target\":[\"https:\/\/pschick-group.de\/sales\/produkt\/buch-screening-therapie-messbar-machen\/\"]}]}]}<\/script>\n<!-- \/ Yoast SEO plugin. -->","_links":{"self":[{"href":"https:\/\/pschick-group.de\/sales\/wp-json\/wp\/v2\/product\/51102"}],"collection":[{"href":"https:\/\/pschick-group.de\/sales\/wp-json\/wp\/v2\/product"}],"about":[{"href":"https:\/\/pschick-group.de\/sales\/wp-json\/wp\/v2\/types\/product"}],"replies":[{"embeddable":true,"href":"https:\/\/pschick-group.de\/sales\/wp-json\/wp\/v2\/comments?post=51102"}],"wp:featuredmedia":[{"embeddable":true,"href":"https:\/\/pschick-group.de\/sales\/wp-json\/wp\/v2\/media\/51103"}],"wp:attachment":[{"href":"https:\/\/pschick-group.de\/sales\/wp-json\/wp\/v2\/media?parent=51102"}],"curies":[{"name":"wp","href":"https:\/\/api.w.org\/{rel}","templated":true}]}}