{"id":50895,"date":"2024-12-16T11:00:24","date_gmt":"2024-12-16T10:00:24","guid":{"rendered":"https:\/\/pschick-group.de\/sales\/?post_type=product&#038;p=50895"},"modified":"2025-02-07T08:58:12","modified_gmt":"2025-02-07T07:58:12","slug":"thermobecher-maxima","status":"publish","type":"product","link":"https:\/\/pschick-group.de\/sales\/produkt\/thermobecher-maxima\/","title":{"rendered":"Thermobecher &#8220;Maxima&#8221;"},"content":{"rendered":"<div class=\"drop-group-item-head\">Der doppelwandige Thermobecher (Innen: Kunststoff\/Au\u00dfen: pulverbeschichteter Edelstahl) mit einer F\u00fcllh\u00f6he von ca. 1,1l (1.100 ml\/40 OZ), h\u00e4lt Ihre Getr\u00e4nke bis zu 3 Stunden warm und 6 Stunden kalt. F\u00fcr den sicheren Transport, ist dieser Trinkbecher mit einem auslaufgehemmten Schraubverschluss mit klappbaren Trink\u00f6ffnungen ausgestattet. Inkl. Strohhalm.<\/div>\n<div>&nbsp;<\/div>\n<div>Artikelgewicht: 450.0 g<br \/>\nVerpackung: Craft Paper Box.<br \/>\nMaterial: Edelstahl \/ PP \/ ABS<br \/>\nMa\u00dfe: 310 x 146 x 146 mm<\/div>\n<div>&nbsp;<\/div>\n<p><a href=\"https:\/\/pschick-group.de\/sales\/wp-content\/uploads\/sites\/31\/2024\/12\/image1-scaled.jpeg\"><img loading=\"lazy\" decoding=\"async\" class=\"alignnone size-medium wp-image-50897\" src=\"https:\/\/pschick-group.de\/sales\/wp-content\/uploads\/sites\/31\/2024\/12\/image1-225x300.jpeg\" alt=\"\" width=\"225\" height=\"300\" srcset=\"https:\/\/pschick-group.de\/sales\/wp-content\/uploads\/sites\/31\/2024\/12\/image1-225x300.jpeg 225w, https:\/\/pschick-group.de\/sales\/wp-content\/uploads\/sites\/31\/2024\/12\/image1-768x1024.jpeg 768w, https:\/\/pschick-group.de\/sales\/wp-content\/uploads\/sites\/31\/2024\/12\/image1-1152x1536.jpeg 1152w, https:\/\/pschick-group.de\/sales\/wp-content\/uploads\/sites\/31\/2024\/12\/image1-1536x2048.jpeg 1536w, https:\/\/pschick-group.de\/sales\/wp-content\/uploads\/sites\/31\/2024\/12\/image1-416x555.jpeg 416w, https:\/\/pschick-group.de\/sales\/wp-content\/uploads\/sites\/31\/2024\/12\/image1-87x116.jpeg 87w, https:\/\/pschick-group.de\/sales\/wp-content\/uploads\/sites\/31\/2024\/12\/image1-scaled.jpeg 1920w\" sizes=\"(max-width: 225px) 100vw, 225px\" \/><\/a><\/p>\n<p>&nbsp;<\/p>\n","protected":false},"excerpt":{"rendered":"<p>Der doppelwandige Thermobecher (Innen: Kunststoff\/Au\u00dfen: pulverbeschichteter Edelstahl) mit einer F\u00fcllh\u00f6he von ca. 1,1l (1.100 ml\/40 OZ), h\u00e4lt Ihre Getr\u00e4nke bis zu 3 Stunden warm und 6 Stunden kalt. F\u00fcr den sicheren Transport, ist dieser Trinkbecher mit einem auslaufgehemmten Schraubverschluss mit klappbaren Trink\u00f6ffnungen ausgestattet. Inkl. Strohhalm.<\/p>\n","protected":false},"featured_media":50897,"comment_status":"closed","ping_status":"closed","template":"","meta":{"ngg_post_thumbnail":0},"class_list":["post-50895","product","type-product","status-publish","has-post-thumbnail","hentry","product_cat-kleidung"],"yoast_head":"<!-- This site is optimized with the Yoast SEO plugin v15.0 - https:\/\/yoast.com\/wordpress\/plugins\/seo\/ -->\n<title>Thermobecher &quot;Maxima&quot; - Pschick Sales<\/title>\n<meta name=\"robots\" content=\"index, follow, max-snippet:-1, max-image-preview:large, max-video-preview:-1\" \/>\n<link rel=\"canonical\" href=\"https:\/\/pschick-group.de\/sales\/produkt\/thermobecher-maxima\/\" \/>\n<meta property=\"og:locale\" content=\"de_DE\" \/>\n<meta property=\"og:type\" content=\"article\" \/>\n<meta property=\"og:title\" content=\"Thermobecher &quot;Maxima&quot; - Pschick Sales\" \/>\n<meta property=\"og:description\" content=\"Der doppelwandige Thermobecher (Innen: Kunststoff\/Au\u00dfen: pulverbeschichteter Edelstahl) mit einer F\u00fcllh\u00f6he von ca. 1,1l (1.100 ml\/40 OZ), h\u00e4lt Ihre Getr\u00e4nke bis zu 3 Stunden warm und 6 Stunden kalt. F\u00fcr den sicheren Transport, ist dieser Trinkbecher mit einem auslaufgehemmten Schraubverschluss mit klappbaren Trink\u00f6ffnungen ausgestattet. Inkl. Strohhalm.\" \/>\n<meta property=\"og:url\" content=\"https:\/\/pschick-group.de\/sales\/produkt\/thermobecher-maxima\/\" \/>\n<meta property=\"og:site_name\" content=\"Pschick Sales\" \/>\n<meta property=\"article:modified_time\" content=\"2025-02-07T07:58:12+00:00\" \/>\n<meta property=\"og:image\" content=\"https:\/\/pschick-group.de\/sales\/wp-content\/uploads\/sites\/31\/2024\/12\/image1-scaled.jpeg\" \/>\n\t<meta property=\"og:image:width\" content=\"1920\" \/>\n\t<meta property=\"og:image:height\" content=\"2560\" \/>\n<meta name=\"twitter:card\" content=\"summary\" \/>\n<script type=\"application\/ld+json\" class=\"yoast-schema-graph\">{\"@context\":\"https:\/\/schema.org\",\"@graph\":[{\"@type\":\"WebSite\",\"@id\":\"https:\/\/pschick-group.de\/sales\/#website\",\"url\":\"https:\/\/pschick-group.de\/sales\/\",\"name\":\"Pschick Sales\",\"description\":\"Online Shop\",\"potentialAction\":[{\"@type\":\"SearchAction\",\"target\":\"https:\/\/pschick-group.de\/sales\/?s={search_term_string}\",\"query-input\":\"required name=search_term_string\"}],\"inLanguage\":\"de\"},{\"@type\":\"ImageObject\",\"@id\":\"https:\/\/pschick-group.de\/sales\/produkt\/thermobecher-maxima\/#primaryimage\",\"inLanguage\":\"de\",\"url\":\"https:\/\/pschick-group.de\/sales\/wp-content\/uploads\/sites\/31\/2024\/12\/image1-scaled.jpeg\",\"width\":1920,\"height\":2560},{\"@type\":\"WebPage\",\"@id\":\"https:\/\/pschick-group.de\/sales\/produkt\/thermobecher-maxima\/#webpage\",\"url\":\"https:\/\/pschick-group.de\/sales\/produkt\/thermobecher-maxima\/\",\"name\":\"Thermobecher \\\"Maxima\\\" - Pschick Sales\",\"isPartOf\":{\"@id\":\"https:\/\/pschick-group.de\/sales\/#website\"},\"primaryImageOfPage\":{\"@id\":\"https:\/\/pschick-group.de\/sales\/produkt\/thermobecher-maxima\/#primaryimage\"},\"datePublished\":\"2024-12-16T10:00:24+00:00\",\"dateModified\":\"2025-02-07T07:58:12+00:00\",\"inLanguage\":\"de\",\"potentialAction\":[{\"@type\":\"ReadAction\",\"target\":[\"https:\/\/pschick-group.de\/sales\/produkt\/thermobecher-maxima\/\"]}]}]}<\/script>\n<!-- \/ Yoast SEO plugin. -->","_links":{"self":[{"href":"https:\/\/pschick-group.de\/sales\/wp-json\/wp\/v2\/product\/50895"}],"collection":[{"href":"https:\/\/pschick-group.de\/sales\/wp-json\/wp\/v2\/product"}],"about":[{"href":"https:\/\/pschick-group.de\/sales\/wp-json\/wp\/v2\/types\/product"}],"replies":[{"embeddable":true,"href":"https:\/\/pschick-group.de\/sales\/wp-json\/wp\/v2\/comments?post=50895"}],"wp:featuredmedia":[{"embeddable":true,"href":"https:\/\/pschick-group.de\/sales\/wp-json\/wp\/v2\/media\/50897"}],"wp:attachment":[{"href":"https:\/\/pschick-group.de\/sales\/wp-json\/wp\/v2\/media?parent=50895"}],"curies":[{"name":"wp","href":"https:\/\/api.w.org\/{rel}","templated":true}]}}