{"id":50489,"date":"2023-06-15T08:49:29","date_gmt":"2023-06-15T06:49:29","guid":{"rendered":"https:\/\/pschick-group.de\/sales\/?post_type=product&#038;p=50489"},"modified":"2023-08-01T10:07:48","modified_gmt":"2023-08-01T08:07:48","slug":"massagepistole-beyondred-gun","status":"publish","type":"product","link":"https:\/\/pschick-group.de\/sales\/produkt\/massagepistole-beyondred-gun\/","title":{"rendered":"Massagepistole \u2013 beyondRED\u00ae GUN"},"content":{"rendered":"","protected":false},"excerpt":{"rendered":"<h4><strong>Produktinformationen &#8220;Massagepistole &#8211; beyondRED\u00ae <\/strong><strong>GUN&#8221;<\/strong><strong>&#8220;<\/strong><\/h4>\n<ul>\n<li>Akkulaufzeit der Massagepistole: Bis zu 5 Stunden<\/li>\n<li>Geh\u00e4use: Aerograde Aluminium H\u00fclle<\/li>\n<li>Stufen: 4 einstellbare Stufen<\/li>\n<li>Batterie: 11,1 V \/ 2.500 mAh \/ 27,75 wh<\/li>\n<li>Ladeschnittstelle: USB-C<\/li>\n<li>Massagek\u00f6pfe: 4 St\u00fcck<\/li>\n<li>Aufs\u00e4tze: Flat Head, Round Head, U-Shape Head, Bullet Head<\/li>\n<li>Amplitude: 7,5 mm<\/li>\n<li>Bis zu 3200 St\u00f6\u00dfe pro Minute \/ ppm<\/li>\n<li>Gewicht: 515 g<\/li>\n<li>Vollst\u00e4ndige Akkuladung: Nach 2,5 Stunden<\/li>\n<\/ul>\n<p><strong>Entspannung \u201cto Go\u201d<\/strong><br \/>\nDie beyondRED\u00ae GUN \u2013 Massagepistole \u00fcberzeugt durch ihre handliche und kompakte \u2013 aber dennoch starke und solide \u2013 Bauweise. Mit den 4 aufsteckbaren Massageaufs\u00e4tzen lassen sich alle Regionen des K\u00f6rpers problemlos erreichen und behandeln. Das Ger\u00e4t verf\u00fcgt \u00fcber einen USB-C Stecker, der den Akku innerhalb von 2,5 Stunden wieder vollst\u00e4ndig aufl\u00e4dt. Die Akkulaufzeit betr\u00e4gt hingegen sogar 5 Stunden. Durch die extrem leisen Motoren entstehen keine unangenehmen Ger\u00e4uschkulissen w\u00e4hrend der Anwendung.<\/p>\n<div class=\"text erstbild\">\n<div>\n<h3>Unsere Massagepistolen-Aufs\u00e4tze:<\/h3>\n<p><strong>U-Shape Head<\/strong>: Perfekt f\u00fcr die Massage entlang der Achillessehne, im Bereich der Wirbels\u00e4ule oder dem oberen Teil des Trapezmuskels. Durch seine Form verhindert er den direkten Kontakt mit den empfindlichen Sehnen oder Wirbeln und behandelt nur das umliegende Gewebe mit der Massagepistole.<\/p>\n<p><strong>Round Head<\/strong>: Der Klassiker unter den Massageaufs\u00e4tzen. Durch seine runde Form ist &nbsp;er perfekt f\u00fcr Massagen von mittleren bis gro\u00dfen Muskelgruppen. Auch bei der Massage von Triggerpunkten findet dieser Aufsatz Anwendung.<\/p>\n<p><strong>Bullet Head<\/strong>: Der Aufsatz f\u00fcr die punktuelle Behandlung von Triggerpunkten. Durch seine spitze Form ist er optimal f\u00fcr kleine Muskelgruppen und die Tiefenmassage. Au\u00dferdem hilft er bei der Behandlung lokal verh\u00e4rtetem Gewebe oder verklebten Faszien.<\/p>\n<p><strong>Flat Head<\/strong>: Dieser Massageaufsatz ist besonders f\u00fcr gro\u00dffl\u00e4chige Massagen und Muskelgruppen geeignet. Durch seine hammer\u00e4hnliche Form ist er der ideale Mehrzweckaufsatz.<\/p>\n<\/div>\n<\/div>\n","protected":false},"featured_media":50492,"comment_status":"closed","ping_status":"closed","template":"","meta":{"ngg_post_thumbnail":0},"class_list":["post-50489","product","type-product","status-publish","has-post-thumbnail","hentry","product_cat-sale","product_cat-tools","product_shipping_class-standard-artikel"],"yoast_head":"<!-- This site is optimized with the Yoast SEO plugin v15.0 - https:\/\/yoast.com\/wordpress\/plugins\/seo\/ -->\n<title>Massagepistole \u2013 beyondRED\u00ae GUN - Pschick Sales<\/title>\n<meta name=\"robots\" content=\"index, follow, max-snippet:-1, max-image-preview:large, max-video-preview:-1\" \/>\n<link rel=\"canonical\" href=\"https:\/\/pschick-group.de\/sales\/produkt\/massagepistole-beyondred-gun\/\" \/>\n<meta property=\"og:locale\" content=\"de_DE\" \/>\n<meta property=\"og:type\" content=\"article\" \/>\n<meta property=\"og:title\" content=\"Massagepistole \u2013 beyondRED\u00ae GUN - Pschick Sales\" \/>\n<meta property=\"og:description\" content=\"Produktinformationen &quot;Massagepistole - beyondRED\u00ae GUN&quot;&quot;   Akkulaufzeit der Massagepistole: Bis zu 5 Stunden  Geh\u00e4use: Aerograde Aluminium H\u00fclle  Stufen: 4 einstellbare Stufen  Batterie: 11,1 V \/ 2.500 mAh \/ 27,75 wh  Ladeschnittstelle: USB-C  Massagek\u00f6pfe: 4 St\u00fcck  Aufs\u00e4tze: Flat Head, Round Head, U-Shape Head, Bullet Head  Amplitude: 7,5 mm  Bis zu 3200 St\u00f6\u00dfe pro Minute \/ ppm  Gewicht: 515 g  Vollst\u00e4ndige Akkuladung: Nach 2,5 Stunden  Entspannung \u201cto Go\u201d Die beyondRED\u00ae GUN \u2013 Massagepistole \u00fcberzeugt durch ihre handliche und kompakte \u2013 aber dennoch starke und solide \u2013 Bauweise. Mit den 4 aufsteckbaren Massageaufs\u00e4tzen lassen sich alle Regionen des K\u00f6rpers problemlos erreichen und behandeln. Das Ger\u00e4t verf\u00fcgt \u00fcber einen USB-C Stecker, der den Akku innerhalb von 2,5 Stunden wieder vollst\u00e4ndig aufl\u00e4dt. Die Akkulaufzeit betr\u00e4gt hingegen sogar 5 Stunden. Durch die extrem leisen Motoren entstehen keine unangenehmen Ger\u00e4uschkulissen w\u00e4hrend der Anwendung.   Unsere Massagepistolen-Aufs\u00e4tze: U-Shape Head: Perfekt f\u00fcr die Massage entlang der Achillessehne, im Bereich der Wirbels\u00e4ule oder dem oberen Teil des Trapezmuskels. Durch seine Form verhindert er den direkten Kontakt mit den empfindlichen Sehnen oder Wirbeln und behandelt nur das umliegende Gewebe mit der Massagepistole.  Round Head: Der Klassiker unter den Massageaufs\u00e4tzen. Durch seine runde Form ist &nbsp;er perfekt f\u00fcr Massagen von mittleren bis gro\u00dfen Muskelgruppen. Auch bei der Massage von Triggerpunkten findet dieser Aufsatz Anwendung.  Bullet Head: Der Aufsatz f\u00fcr die punktuelle Behandlung von Triggerpunkten. Durch seine spitze Form ist er optimal f\u00fcr kleine Muskelgruppen und die Tiefenmassage. Au\u00dferdem hilft er bei der Behandlung lokal verh\u00e4rtetem Gewebe oder verklebten Faszien.  Flat Head: Dieser Massageaufsatz ist besonders f\u00fcr gro\u00dffl\u00e4chige Massagen und Muskelgruppen geeignet. Durch seine hammer\u00e4hnliche Form ist er der ideale Mehrzweckaufsatz.\" \/>\n<meta property=\"og:url\" content=\"https:\/\/pschick-group.de\/sales\/produkt\/massagepistole-beyondred-gun\/\" \/>\n<meta property=\"og:site_name\" content=\"Pschick Sales\" \/>\n<meta property=\"article:modified_time\" content=\"2023-08-01T08:07:48+00:00\" \/>\n<meta property=\"og:image\" content=\"https:\/\/pschick-group.de\/sales\/wp-content\/uploads\/sites\/31\/2023\/06\/Massagegun-1.jpeg\" \/>\n\t<meta property=\"og:image:width\" content=\"1080\" \/>\n\t<meta property=\"og:image:height\" content=\"1082\" \/>\n<meta name=\"twitter:card\" content=\"summary\" \/>\n<script type=\"application\/ld+json\" class=\"yoast-schema-graph\">{\"@context\":\"https:\/\/schema.org\",\"@graph\":[{\"@type\":\"WebSite\",\"@id\":\"https:\/\/pschick-group.de\/sales\/#website\",\"url\":\"https:\/\/pschick-group.de\/sales\/\",\"name\":\"Pschick Sales\",\"description\":\"Online Shop\",\"potentialAction\":[{\"@type\":\"SearchAction\",\"target\":\"https:\/\/pschick-group.de\/sales\/?s={search_term_string}\",\"query-input\":\"required name=search_term_string\"}],\"inLanguage\":\"de\"},{\"@type\":\"ImageObject\",\"@id\":\"https:\/\/pschick-group.de\/sales\/produkt\/massagepistole-beyondred-gun\/#primaryimage\",\"inLanguage\":\"de\",\"url\":\"https:\/\/pschick-group.de\/sales\/wp-content\/uploads\/sites\/31\/2023\/06\/Massagegun-1.jpeg\",\"width\":1080,\"height\":1082},{\"@type\":\"WebPage\",\"@id\":\"https:\/\/pschick-group.de\/sales\/produkt\/massagepistole-beyondred-gun\/#webpage\",\"url\":\"https:\/\/pschick-group.de\/sales\/produkt\/massagepistole-beyondred-gun\/\",\"name\":\"Massagepistole \\u2013 beyondRED\\u00ae GUN - Pschick Sales\",\"isPartOf\":{\"@id\":\"https:\/\/pschick-group.de\/sales\/#website\"},\"primaryImageOfPage\":{\"@id\":\"https:\/\/pschick-group.de\/sales\/produkt\/massagepistole-beyondred-gun\/#primaryimage\"},\"datePublished\":\"2023-06-15T06:49:29+00:00\",\"dateModified\":\"2023-08-01T08:07:48+00:00\",\"inLanguage\":\"de\",\"potentialAction\":[{\"@type\":\"ReadAction\",\"target\":[\"https:\/\/pschick-group.de\/sales\/produkt\/massagepistole-beyondred-gun\/\"]}]}]}<\/script>\n<!-- \/ Yoast SEO plugin. -->","_links":{"self":[{"href":"https:\/\/pschick-group.de\/sales\/wp-json\/wp\/v2\/product\/50489"}],"collection":[{"href":"https:\/\/pschick-group.de\/sales\/wp-json\/wp\/v2\/product"}],"about":[{"href":"https:\/\/pschick-group.de\/sales\/wp-json\/wp\/v2\/types\/product"}],"replies":[{"embeddable":true,"href":"https:\/\/pschick-group.de\/sales\/wp-json\/wp\/v2\/comments?post=50489"}],"wp:featuredmedia":[{"embeddable":true,"href":"https:\/\/pschick-group.de\/sales\/wp-json\/wp\/v2\/media\/50492"}],"wp:attachment":[{"href":"https:\/\/pschick-group.de\/sales\/wp-json\/wp\/v2\/media?parent=50489"}],"curies":[{"name":"wp","href":"https:\/\/api.w.org\/{rel}","templated":true}]}}