{"id":48791,"date":"2022-10-20T08:22:11","date_gmt":"2022-10-20T06:22:11","guid":{"rendered":"https:\/\/pschick-group.de\/sales\/?post_type=product&#038;p=48791"},"modified":"2025-02-27T09:14:53","modified_gmt":"2025-02-27T08:14:53","slug":"handson-der-therapiehandschuh","status":"publish","type":"product","link":"https:\/\/pschick-group.de\/sales\/produkt\/handson-der-therapiehandschuh\/","title":{"rendered":"handsOn &#8211; Der Therapiehandschuh!"},"content":{"rendered":"","protected":false},"excerpt":{"rendered":"<p>Multicare Feel, der weiltweit erste Montagearbeitshandschuh mit medizinischer Zulassung. Der Multicare Feel ist f\u00fcr filigrane Arbeiten bestens geeignet. Besonders fein gewebt, Micro-Nitrilschaumbeschichtung, waschbar und geeignet zur Bedienung von Touchscreens.<\/p>\n<p>Eigenschaften:<br \/>\nHervorragendes Tastgef\u00fchl, extreme Atmungsaktivit\u00e4t, optimale Bewegungsfreiheit, sehr hohe Griffsicherheit, Microfoam Technologie, rei\u00dffestes Strechgewebe mit Lycra (18 Gauge), waschbar, kein Schwitzen, keine unangenehmen Ger\u00fcche nach Tragen des Handschuhs, direkter Lebensmittelkontakt erlaubt nach EN 1186, l\u00e4sst sich dauerhaft tragen, geeignet f\u00fcr Allergiker, Silikon- und DMF-frei, Touchscreen Bedienung.<\/p>\n<p>Einsatzgebiete:<br \/>\nSenioren- \/ Krankenpflege, ambulante Pflege, Physiotherapeuten, B\u00fcro, Garten, Logistik, Sortierarbeiten, Feinmechanik, Wassersport, K\u00fcche, Lebensmittelbranche allgemein, Kassierer, Einzelhandel, Automobilindustrie, Getr\u00e4nkeindustrie, B\u00e4cker \/ Konditoren, B\u00e4ckereiverkauf, Spedition, Krankenh\u00e4user, Wegedienste, Speiseausgabe<\/p>\n<p>Merkmale:<br \/>\nLebensmittelecht EN 1186 \/ Silikon- und DMF-frei \/ BIO \/ VEGAN \/ Touchscreen Bedienung \/ waschbar \/ medizinische Zulassung \/ nachhaltige Produktion \/ eigene Wasseraufbereitung (keine Abwasser werden abgeleitet) \/ \u00d6KO-TEX STANDARD 100<\/p>\n<hr>\n<p><b>Gr\u00f6\u00dfen<br \/>\n<\/b><b><\/b>6 (XS) &#8211; 10 (XL)<\/p>\n<p><strong>Preise<\/strong><br \/>\n6er Set:<del> 59,95 \u20ac&nbsp;<\/del>&nbsp; &nbsp; &nbsp; &nbsp; &nbsp;<span style=\"color: #ff0000;\">29,95 \u20ac<\/span><br \/>\n12er Set: <del>99,95 \u20ac<\/del>&nbsp; &nbsp; &nbsp; &nbsp; <span style=\"color: #ff0000;\">49,95 \u20ac<\/span><br \/>\n24er Set: <del>174,95 \u20ac<\/del>&nbsp; &nbsp; &nbsp;<span style=\"color: #ff0000;\">87,45 \u20ac<\/span><br \/>\n48er Set:<del> 324,95 \u20ac&nbsp;<\/del>&nbsp; <span style=\"color: #ff0000;\">162,45 \u20ac<\/span><\/p>\n","protected":false},"featured_media":48811,"comment_status":"closed","ping_status":"closed","template":"","meta":{"ngg_post_thumbnail":0},"class_list":["post-48791","product","type-product","status-publish","has-post-thumbnail","hentry","product_cat-sale","product_cat-tools","product_shipping_class-standard-artikel"],"yoast_head":"<!-- This site is optimized with the Yoast SEO plugin v15.0 - https:\/\/yoast.com\/wordpress\/plugins\/seo\/ -->\n<title>handsOn - Der Therapiehandschuh! - Pschick Sales<\/title>\n<meta name=\"robots\" content=\"index, follow, max-snippet:-1, max-image-preview:large, max-video-preview:-1\" \/>\n<link rel=\"canonical\" href=\"https:\/\/pschick-group.de\/sales\/produkt\/handson-der-therapiehandschuh\/\" \/>\n<meta property=\"og:locale\" content=\"de_DE\" \/>\n<meta property=\"og:type\" content=\"article\" \/>\n<meta property=\"og:title\" content=\"handsOn - Der Therapiehandschuh! - Pschick Sales\" \/>\n<meta property=\"og:description\" content=\"Multicare Feel, der weiltweit erste Montagearbeitshandschuh mit medizinischer Zulassung. Der Multicare Feel ist f\u00fcr filigrane Arbeiten bestens geeignet. Besonders fein gewebt, Micro-Nitrilschaumbeschichtung, waschbar und geeignet zur Bedienung von Touchscreens.  Eigenschaften: Hervorragendes Tastgef\u00fchl, extreme Atmungsaktivit\u00e4t, optimale Bewegungsfreiheit, sehr hohe Griffsicherheit, Microfoam Technologie, rei\u00dffestes Strechgewebe mit Lycra (18 Gauge), waschbar, kein Schwitzen, keine unangenehmen Ger\u00fcche nach Tragen des Handschuhs, direkter Lebensmittelkontakt erlaubt nach EN 1186, l\u00e4sst sich dauerhaft tragen, geeignet f\u00fcr Allergiker, Silikon- und DMF-frei, Touchscreen Bedienung.  Einsatzgebiete: Senioren- \/ Krankenpflege, ambulante Pflege, Physiotherapeuten, B\u00fcro, Garten, Logistik, Sortierarbeiten, Feinmechanik, Wassersport, K\u00fcche, Lebensmittelbranche allgemein, Kassierer, Einzelhandel, Automobilindustrie, Getr\u00e4nkeindustrie, B\u00e4cker \/ Konditoren, B\u00e4ckereiverkauf, Spedition, Krankenh\u00e4user, Wegedienste, Speiseausgabe  Merkmale: Lebensmittelecht EN 1186 \/ Silikon- und DMF-frei \/ BIO \/ VEGAN \/ Touchscreen Bedienung \/ waschbar \/ medizinische Zulassung \/ nachhaltige Produktion \/ eigene Wasseraufbereitung (keine Abwasser werden abgeleitet) \/ \u00d6KO-TEX STANDARD 100    Gr\u00f6\u00dfen 6 (XS) - 10 (XL)  Preise 6er Set: 59,95 \u20ac&nbsp;&nbsp; &nbsp; &nbsp; &nbsp; &nbsp;29,95 \u20ac 12er Set: 99,95 \u20ac&nbsp; &nbsp; &nbsp; &nbsp; 49,95 \u20ac 24er Set: 174,95 \u20ac&nbsp; &nbsp; &nbsp;87,45 \u20ac 48er Set: 324,95 \u20ac&nbsp;&nbsp; 162,45 \u20ac\" \/>\n<meta property=\"og:url\" content=\"https:\/\/pschick-group.de\/sales\/produkt\/handson-der-therapiehandschuh\/\" \/>\n<meta property=\"og:site_name\" content=\"Pschick Sales\" \/>\n<meta property=\"article:modified_time\" content=\"2025-02-27T08:14:53+00:00\" \/>\n<meta property=\"og:image\" content=\"https:\/\/pschick-group.de\/sales\/wp-content\/uploads\/sites\/31\/2022\/10\/Handschuhe-3-blau.jpeg\" \/>\n\t<meta property=\"og:image:width\" content=\"1365\" \/>\n\t<meta property=\"og:image:height\" content=\"2048\" \/>\n<meta name=\"twitter:card\" content=\"summary\" \/>\n<script type=\"application\/ld+json\" class=\"yoast-schema-graph\">{\"@context\":\"https:\/\/schema.org\",\"@graph\":[{\"@type\":\"WebSite\",\"@id\":\"https:\/\/pschick-group.de\/sales\/#website\",\"url\":\"https:\/\/pschick-group.de\/sales\/\",\"name\":\"Pschick Sales\",\"description\":\"Online Shop\",\"potentialAction\":[{\"@type\":\"SearchAction\",\"target\":\"https:\/\/pschick-group.de\/sales\/?s={search_term_string}\",\"query-input\":\"required name=search_term_string\"}],\"inLanguage\":\"de\"},{\"@type\":\"ImageObject\",\"@id\":\"https:\/\/pschick-group.de\/sales\/produkt\/handson-der-therapiehandschuh\/#primaryimage\",\"inLanguage\":\"de\",\"url\":\"https:\/\/pschick-group.de\/sales\/wp-content\/uploads\/sites\/31\/2022\/10\/Handschuhe-3-blau.jpeg\",\"width\":1365,\"height\":2048},{\"@type\":\"WebPage\",\"@id\":\"https:\/\/pschick-group.de\/sales\/produkt\/handson-der-therapiehandschuh\/#webpage\",\"url\":\"https:\/\/pschick-group.de\/sales\/produkt\/handson-der-therapiehandschuh\/\",\"name\":\"handsOn - Der Therapiehandschuh! - Pschick Sales\",\"isPartOf\":{\"@id\":\"https:\/\/pschick-group.de\/sales\/#website\"},\"primaryImageOfPage\":{\"@id\":\"https:\/\/pschick-group.de\/sales\/produkt\/handson-der-therapiehandschuh\/#primaryimage\"},\"datePublished\":\"2022-10-20T06:22:11+00:00\",\"dateModified\":\"2025-02-27T08:14:53+00:00\",\"inLanguage\":\"de\",\"potentialAction\":[{\"@type\":\"ReadAction\",\"target\":[\"https:\/\/pschick-group.de\/sales\/produkt\/handson-der-therapiehandschuh\/\"]}]}]}<\/script>\n<!-- \/ Yoast SEO plugin. -->","_links":{"self":[{"href":"https:\/\/pschick-group.de\/sales\/wp-json\/wp\/v2\/product\/48791"}],"collection":[{"href":"https:\/\/pschick-group.de\/sales\/wp-json\/wp\/v2\/product"}],"about":[{"href":"https:\/\/pschick-group.de\/sales\/wp-json\/wp\/v2\/types\/product"}],"replies":[{"embeddable":true,"href":"https:\/\/pschick-group.de\/sales\/wp-json\/wp\/v2\/comments?post=48791"}],"wp:featuredmedia":[{"embeddable":true,"href":"https:\/\/pschick-group.de\/sales\/wp-json\/wp\/v2\/media\/48811"}],"wp:attachment":[{"href":"https:\/\/pschick-group.de\/sales\/wp-json\/wp\/v2\/media?parent=48791"}],"curies":[{"name":"wp","href":"https:\/\/api.w.org\/{rel}","templated":true}]}}