{"id":47101,"date":"2022-03-25T11:22:31","date_gmt":"2022-03-25T10:22:31","guid":{"rendered":"https:\/\/pschick-group.de\/sales\/?post_type=product&#038;p=47101"},"modified":"2022-03-28T11:46:02","modified_gmt":"2022-03-28T09:46:02","slug":"tensiball","status":"publish","type":"product","link":"https:\/\/pschick-group.de\/sales\/produkt\/tensiball\/","title":{"rendered":"TensiBall"},"content":{"rendered":"","protected":false},"excerpt":{"rendered":"<div id=\"row-152171\" class=\"vc_row row-container boomapps_vcrow\" data-parent=\"true\" data-section=\"0\">\n<div class=\"row limit-width row-parent\" data-imgready=\"true\">\n<div class=\"wpb_row row-inner\">\n<div class=\"wpb_column pos-top pos-center align_left column_parent col-lg-12 boomapps_vccolumn single-internal-gutter\">\n<div class=\"uncol style-light\">\n<div class=\"uncoltable\">\n<div class=\"uncell boomapps_vccolumn no-block-padding\">\n<div class=\"uncont\">\n<div class=\"vc_custom_heading_wrap \">\n<div class=\"heading-text el-text\">\n<h2 class=\"h2\">Ist der TensiBall ein normaler Ball?<\/h2>\n<\/div>\n<div class=\"clear\">&nbsp;<\/div>\n<\/div>\n<div class=\"vc_custom_heading_wrap \">\n<div class=\"heading-text el-text\">\n<h2 class=\"h2\">Nein, er springt rasant hin und her und Du trainierst Deinen Flow!<\/h2>\n<\/div>\n<div class=\"clear\">&nbsp;<\/div>\n<\/div>\n<\/div>\n<\/div>\n<\/div>\n<\/div>\n<\/div>\n<\/div>\n<\/div>\n<\/div>\n<div id=\"row-129608\" class=\"vc_row row-container boomapps_vcrow\" data-parent=\"true\" data-section=\"1\">\n<div class=\"row limit-width row-parent\" data-imgready=\"true\">\n<div class=\"wpb_row row-inner\">\n<div class=\"wpb_column pos-top pos-center align_left column_parent col-lg-12 boomapps_vccolumn single-internal-gutter\">\n<div class=\"uncol style-light\">\n<div class=\"uncoltable\">\n<div class=\"uncell boomapps_vccolumn no-block-padding\">\n<div class=\"uncont\">\n<div class=\"uncode_text_column\">\n<p><strong>Er wird Dich hetzen, Dich in die Bewegung zwingen.<\/strong> Daf\u00fcr musst Du Dir nur die Aufgabe setzen \u2013 den TensiBall in der Luft zu halten! Dann wirst Du <strong>laufen<\/strong>,&nbsp;<strong>springen<\/strong>,&nbsp;<strong>jonglieren<\/strong>,&nbsp;<strong>fangen<\/strong>,&nbsp;<strong>kicken<\/strong> und Dich <strong>strecken&nbsp;<\/strong>m\u00fcssen. Halt ihn in der Luft und Du wirst Dich nach und nach flinker bewegen. <strong>So simpel kann Training sein.<\/strong><\/p>\n<p>Mit etwas \u00dcbung entwickelst Du Deinen eigenen <strong>Spiel-Flow<\/strong>.&nbsp;<strong>Er wird Dich hin und her treiben<\/strong>, auf und ab,&nbsp;sowie&nbsp;hoch und runter bewegen&nbsp;und das <strong>mal&nbsp;schnell und mal langsam<\/strong>.&nbsp; Deine neue Geschmeidigkeit wird sich in Deiner Pers\u00f6nlichkeit widerspiegeln. Getreu dem Motto, beweglicher K\u00f6rper, beweglicher Geist!<\/p>\n<\/div>\n<\/div>\n<\/div>\n<\/div>\n<\/div>\n<\/div>\n<\/div>\n<\/div>\n<\/div>\n<div class=\"uncode_text_column\">\n<p>Warum lohnt es sich mit dem TensiBall zu spielen?&nbsp;<strong>Weil er Dich zum Laufen und Springen bringt<\/strong>. Zus\u00e4tzlich mit dem Werfen und Fangen sind das Millionen Jahre alte Bewegungen der&nbsp;<strong>Hand- und Augen-Koordination<\/strong>&nbsp;von Menschen und Tieren.&nbsp;So wichtig wie nat\u00fcrlich!<\/p>\n<p>Warum sind das Fangen und Werfen, sowie das Laufen und Springen so gutes Training?&nbsp;<strong>Weil unser K\u00f6rper sich \u00fcber Millionen Jahre auf Basis dieser Reize entwickelt hat.<\/strong><\/p>\n<p>Bewege Dich daher regelm\u00e4\u00dfig wie wir es Millionen Jahre gemacht haben und <strong>eine bessere Fitness ist Dir sicher!&nbsp;<\/strong><\/p>\n<div class=\"vc_custom_heading_wrap \">\n<div class=\"heading-text el-text\">\n<h2 class=\"h2\"><strong>Der TensiBall ist ein&nbsp;Spielzeug f\u00fcr:&nbsp;<\/strong><\/h2>\n<\/div>\n<div class=\"clear\">&nbsp;<\/div>\n<\/div>\n<div class=\"uncode_text_column\">\n<ul>\n<li>Rumpf Stabilit\u00e4ts-Training<\/li>\n<li>Hand-Auge-Koordination<\/li>\n<li>Augenentspannung<\/li>\n<li>Body Mobility<\/li>\n<li>dynamisches Krafttraining<\/li>\n<li>Koordination- und Gleichgewichtstraining<\/li>\n<li>Faszien-Training<\/li>\n<li>Fun-Sport Trainingsger\u00e4t<\/li>\n<li>Entspannungs-Training<\/li>\n<li>Kreativit\u00e4ts-Training<\/li>\n<li>Herzkreislauf Training<\/li>\n<li>Sturzprofilaxe<\/li>\n<li>Wurf- und Fangtraining<\/li>\n<\/ul>\n<div class=\"vc_custom_heading_wrap \">\n<div class=\"heading-text el-text\">\n<h2 class=\"h2\"><strong>Deine M\u00f6glichkeiten mit dem TensiBall:&nbsp;<\/strong><\/h2>\n<\/div>\n<div class=\"clear\">&nbsp;<\/div>\n<\/div>\n<div class=\"uncode_text_column\">\n<ul>\n<li><strong>Der TensiBall<\/strong> <strong>\u00ae <\/strong>ist eine Kombination aus Tensegrity-Modell und einer biokompatiblem strapazierf\u00e4higem Silikon-Ummantelung.<\/li>\n<li>Spielbar wo immer man es sich zutraut.<\/li>\n<li>Erm\u00f6glicht das Spielen als Einzelperson, in Kleingruppen oder im Mannschaftssport.<\/li>\n<li>Optimales Training aller K\u00f6rperregionen und im Besonderen f\u00fcr Hand-, Arm- und Schulterg\u00fcrtel.<\/li>\n<li>K\u00f6rperliches- und Mentales-Training in einem Ger\u00e4t.<\/li>\n<li>dreidimensionale Spiel-Freiheit<\/li>\n<li>angenehmes Kontaktgef\u00fchl<\/li>\n<li>leicht zu reinigen<\/li>\n<\/ul>\n<\/div>\n<\/div>\n<\/div>\n<p>Technische Daten:<\/p>\n<ul>\n<li>Gewicht: 240 g<\/li>\n<li>Gr\u00f6\u00dfe: 16 x 16 x 16 cm<\/li>\n<li>Material Holzmodell:<br \/>\n<em>Holzart: Esche ohne Farbbehandlung<\/em><br \/>\n<em>hochwertige Gummib\u00e4nder<\/em><br \/>\n<em>Holzleim geeignet f\u00fcr Kinderspielzeug<\/em><br \/>\n<em>gepr\u00fcft vom T\u00fcV Nord<\/em><\/li>\n<li>Material Silikon-Caps:<br \/>\n<em>Hochwertiges Silikon &amp; frei von Weichmachern<\/em><br \/>\n<em>Dermatologisch unbedenklich<\/em><br \/>\n<em>Biokompatibel ohne Mikroplastik<br \/>\n100% geruchsneutral<br \/>\nf\u00fcr Allergiker geeignet<\/em><\/li>\n<li>Reinigung der Silikon-Caps:<br \/>\n<em>warmes Wasser &amp; Seife (Optimal &amp; materialschonend)<\/em><br \/>\n<em>kochendes Wasser bevorzugen wir vor Sp\u00fclmaschine oder Desinfektion<\/em><\/li>\n<li>Reinigung Holz-Modell:<br \/>\n<em>Wir empfehlen nur lauwarmes Wasser mit etwas Seife, dann trocknen.<\/em><br \/>\n<em>Desinfektion ist f\u00fcr das Holz nicht empfehlenswert!<\/em><\/li>\n<li>Nicht geeignet f\u00fcr Kinder unter 3 Jahren! Erstickungsgefahr wegen verschluckbarer Teile. (Die Tensi Caps sind abl\u00f6sbar!)<\/li>\n<\/ul>\n","protected":false},"featured_media":47111,"comment_status":"closed","ping_status":"closed","template":"","meta":{"ngg_post_thumbnail":0},"class_list":["post-47101","product","type-product","status-publish","has-post-thumbnail","hentry","product_cat-tools","product_tag-trigger","product_tag-trigger-two","product_shipping_class-standard-artikel"],"yoast_head":"<!-- This site is optimized with the Yoast SEO plugin v15.0 - https:\/\/yoast.com\/wordpress\/plugins\/seo\/ -->\n<title>TensiBall - Pschick Sales<\/title>\n<meta name=\"robots\" content=\"index, follow, max-snippet:-1, max-image-preview:large, max-video-preview:-1\" \/>\n<link rel=\"canonical\" href=\"https:\/\/pschick-group.de\/sales\/produkt\/tensiball\/\" \/>\n<meta property=\"og:locale\" content=\"de_DE\" \/>\n<meta property=\"og:type\" content=\"article\" \/>\n<meta property=\"og:title\" content=\"TensiBall - Pschick Sales\" \/>\n<meta property=\"og:description\" content=\"Ist der TensiBall ein normaler Ball?  &nbsp;    Nein, er springt rasant hin und her und Du trainierst Deinen Flow!  &nbsp;                    Er wird Dich hetzen, Dich in die Bewegung zwingen. Daf\u00fcr musst Du Dir nur die Aufgabe setzen \u2013 den TensiBall in der Luft zu halten! Dann wirst Du laufen,&nbsp;springen,&nbsp;jonglieren,&nbsp;fangen,&nbsp;kicken und Dich strecken&nbsp;m\u00fcssen. Halt ihn in der Luft und Du wirst Dich nach und nach flinker bewegen. So simpel kann Training sein.  Mit etwas \u00dcbung entwickelst Du Deinen eigenen Spiel-Flow.&nbsp;Er wird Dich hin und her treiben, auf und ab,&nbsp;sowie&nbsp;hoch und runter bewegen&nbsp;und das mal&nbsp;schnell und mal langsam.&nbsp; Deine neue Geschmeidigkeit wird sich in Deiner Pers\u00f6nlichkeit widerspiegeln. Getreu dem Motto, beweglicher K\u00f6rper, beweglicher Geist!             Warum lohnt es sich mit dem TensiBall zu spielen?&nbsp;Weil er Dich zum Laufen und Springen bringt. Zus\u00e4tzlich mit dem Werfen und Fangen sind das Millionen Jahre alte Bewegungen der&nbsp;Hand- und Augen-Koordination&nbsp;von Menschen und Tieren.&nbsp;So wichtig wie nat\u00fcrlich!  Warum sind das Fangen und Werfen, sowie das Laufen und Springen so gutes Training?&nbsp;Weil unser K\u00f6rper sich \u00fcber Millionen Jahre auf Basis dieser Reize entwickelt hat.  Bewege Dich daher regelm\u00e4\u00dfig wie wir es Millionen Jahre gemacht haben und eine bessere Fitness ist Dir sicher!&nbsp;   Der TensiBall ist ein&nbsp;Spielzeug f\u00fcr:&nbsp;  &nbsp;     Rumpf Stabilit\u00e4ts-Training  Hand-Auge-Koordination  Augenentspannung  Body Mobility  dynamisches Krafttraining  Koordination- und Gleichgewichtstraining  Faszien-Training  Fun-Sport Trainingsger\u00e4t  Entspannungs-Training  Kreativit\u00e4ts-Training  Herzkreislauf Training  Sturzprofilaxe  Wurf- und Fangtraining    Deine M\u00f6glichkeiten mit dem TensiBall:&nbsp;  &nbsp;     Der TensiBall \u00ae ist eine Kombination aus Tensegrity-Modell und einer biokompatiblem strapazierf\u00e4higem Silikon-Ummantelung.  Spielbar wo immer man es sich zutraut.  Erm\u00f6glicht das Spielen als Einzelperson, in Kleingruppen oder im Mannschaftssport.  Optimales Training aller K\u00f6rperregionen und im Besonderen f\u00fcr Hand-, Arm- und Schulterg\u00fcrtel.  K\u00f6rperliches- und Mentales-Training in einem Ger\u00e4t.  dreidimensionale Spiel-Freiheit  angenehmes Kontaktgef\u00fchl  leicht zu reinigen     Technische Daten:   Gewicht: 240 g  Gr\u00f6\u00dfe: 16 x 16 x 16 cm  Material Holzmodell: Holzart: Esche ohne Farbbehandlung hochwertige Gummib\u00e4nder Holzleim geeignet f\u00fcr Kinderspielzeug gepr\u00fcft vom T\u00fcV Nord  Material Silikon-Caps: Hochwertiges Silikon &amp; frei von Weichmachern Dermatologisch unbedenklich Biokompatibel ohne Mikroplastik 100% geruchsneutral f\u00fcr Allergiker geeignet  Reinigung der Silikon-Caps: warmes Wasser &amp; Seife (Optimal &amp; materialschonend) kochendes Wasser bevorzugen wir vor Sp\u00fclmaschine oder Desinfektion  Reinigung Holz-Modell: Wir empfehlen nur lauwarmes Wasser mit etwas Seife, dann trocknen. Desinfektion ist f\u00fcr das Holz nicht empfehlenswert!  Nicht geeignet f\u00fcr Kinder unter 3 Jahren! Erstickungsgefahr wegen verschluckbarer Teile. (Die Tensi Caps sind abl\u00f6sbar!)\" \/>\n<meta property=\"og:url\" content=\"https:\/\/pschick-group.de\/sales\/produkt\/tensiball\/\" \/>\n<meta property=\"og:site_name\" content=\"Pschick Sales\" \/>\n<meta property=\"article:modified_time\" content=\"2022-03-28T09:46:02+00:00\" \/>\n<meta property=\"og:image\" content=\"https:\/\/pschick-group.de\/sales\/wp-content\/uploads\/sites\/31\/2022\/03\/image1-scaled.jpeg\" \/>\n\t<meta property=\"og:image:width\" content=\"1920\" \/>\n\t<meta property=\"og:image:height\" content=\"2560\" \/>\n<meta name=\"twitter:card\" content=\"summary\" \/>\n<script type=\"application\/ld+json\" class=\"yoast-schema-graph\">{\"@context\":\"https:\/\/schema.org\",\"@graph\":[{\"@type\":\"WebSite\",\"@id\":\"https:\/\/pschick-group.de\/sales\/#website\",\"url\":\"https:\/\/pschick-group.de\/sales\/\",\"name\":\"Pschick Sales\",\"description\":\"Online Shop\",\"potentialAction\":[{\"@type\":\"SearchAction\",\"target\":\"https:\/\/pschick-group.de\/sales\/?s={search_term_string}\",\"query-input\":\"required name=search_term_string\"}],\"inLanguage\":\"de\"},{\"@type\":\"ImageObject\",\"@id\":\"https:\/\/pschick-group.de\/sales\/produkt\/tensiball\/#primaryimage\",\"inLanguage\":\"de\",\"url\":\"https:\/\/pschick-group.de\/sales\/wp-content\/uploads\/sites\/31\/2022\/03\/image1-scaled.jpeg\",\"width\":1920,\"height\":2560},{\"@type\":\"WebPage\",\"@id\":\"https:\/\/pschick-group.de\/sales\/produkt\/tensiball\/#webpage\",\"url\":\"https:\/\/pschick-group.de\/sales\/produkt\/tensiball\/\",\"name\":\"TensiBall - Pschick Sales\",\"isPartOf\":{\"@id\":\"https:\/\/pschick-group.de\/sales\/#website\"},\"primaryImageOfPage\":{\"@id\":\"https:\/\/pschick-group.de\/sales\/produkt\/tensiball\/#primaryimage\"},\"datePublished\":\"2022-03-25T10:22:31+00:00\",\"dateModified\":\"2022-03-28T09:46:02+00:00\",\"inLanguage\":\"de\",\"potentialAction\":[{\"@type\":\"ReadAction\",\"target\":[\"https:\/\/pschick-group.de\/sales\/produkt\/tensiball\/\"]}]}]}<\/script>\n<!-- \/ Yoast SEO plugin. -->","_links":{"self":[{"href":"https:\/\/pschick-group.de\/sales\/wp-json\/wp\/v2\/product\/47101"}],"collection":[{"href":"https:\/\/pschick-group.de\/sales\/wp-json\/wp\/v2\/product"}],"about":[{"href":"https:\/\/pschick-group.de\/sales\/wp-json\/wp\/v2\/types\/product"}],"replies":[{"embeddable":true,"href":"https:\/\/pschick-group.de\/sales\/wp-json\/wp\/v2\/comments?post=47101"}],"wp:featuredmedia":[{"embeddable":true,"href":"https:\/\/pschick-group.de\/sales\/wp-json\/wp\/v2\/media\/47111"}],"wp:attachment":[{"href":"https:\/\/pschick-group.de\/sales\/wp-json\/wp\/v2\/media?parent=47101"}],"curies":[{"name":"wp","href":"https:\/\/api.w.org\/{rel}","templated":true}]}}