{"id":42331,"date":"2021-03-18T08:07:29","date_gmt":"2021-03-18T07:07:29","guid":{"rendered":"https:\/\/pschick-group.de\/sales\/?post_type=product&#038;p=42331"},"modified":"2021-03-18T17:57:16","modified_gmt":"2021-03-18T16:57:16","slug":"my-keto-beanie","status":"publish","type":"product","link":"https:\/\/pschick-group.de\/sales\/produkt\/my-keto-beanie\/","title":{"rendered":"My Keto Beanie"},"content":{"rendered":"","protected":false},"excerpt":{"rendered":"<div class=\"column-right\">\n<ul class=\"details\">\n<li>95 % Baumwolle\/ 5 % Elastan<\/li>\n<li>Micro-Strick aus dichter Baumwolle<\/li>\n<li>Doppellagiger Strick<\/li>\n<li>L\u00e4nge: 28 cm<a title=\"heather grey\" href=\"http:\/\/www.beechfield.com\/images\/more\/B368\/beechfield_b368_heather-grey-zoom.jpg\" rel=\"zoom-id:zoom1;zoom-fade:false\" rev=\"\/images\/more\/B368\/beechfield_b368_heather-grey.jpg\">&nbsp;<\/a><\/li>\n<\/ul>\n<div class=\"alternative-views\">&nbsp;<\/div>\n<\/div>\n<div id=\"swatches\" class=\"clearfix\">&nbsp;<\/div>\n<p>Einheitsgr\u00f6\u00dfen<\/p>\n<p>verf\u00fcgbare Farben: schwarz, grau, pink<\/p>\n","protected":false},"featured_media":42421,"comment_status":"closed","ping_status":"closed","template":"","meta":{"ngg_post_thumbnail":0},"class_list":["post-42331","product","type-product","status-publish","has-post-thumbnail","hentry","product_cat-exogene-ketone","product_shipping_class-standard-artikel"],"yoast_head":"<!-- This site is optimized with the Yoast SEO plugin v15.0 - https:\/\/yoast.com\/wordpress\/plugins\/seo\/ -->\n<title>My Keto Beanie - Pschick Sales<\/title>\n<meta name=\"robots\" content=\"index, follow, max-snippet:-1, max-image-preview:large, max-video-preview:-1\" \/>\n<link rel=\"canonical\" href=\"https:\/\/pschick-group.de\/sales\/produkt\/my-keto-beanie\/\" \/>\n<meta property=\"og:locale\" content=\"de_DE\" \/>\n<meta property=\"og:type\" content=\"article\" \/>\n<meta property=\"og:title\" content=\"My Keto Beanie - Pschick Sales\" \/>\n<meta property=\"og:description\" content=\"95 % Baumwolle\/ 5 % Elastan  Micro-Strick aus dichter Baumwolle  Doppellagiger Strick  L\u00e4nge: 28 cm&nbsp;  &nbsp;  &nbsp; Einheitsgr\u00f6\u00dfen  verf\u00fcgbare Farben: schwarz, grau, pink\" \/>\n<meta property=\"og:url\" content=\"https:\/\/pschick-group.de\/sales\/produkt\/my-keto-beanie\/\" \/>\n<meta property=\"og:site_name\" content=\"Pschick Sales\" \/>\n<meta property=\"article:modified_time\" content=\"2021-03-18T16:57:16+00:00\" \/>\n<meta property=\"og:image\" content=\"https:\/\/pschick-group.de\/sales\/wp-content\/uploads\/sites\/31\/2021\/03\/Muetze-schwarz-neu-scaled.jpg\" \/>\n\t<meta property=\"og:image:width\" content=\"2257\" \/>\n\t<meta property=\"og:image:height\" content=\"2560\" \/>\n<meta name=\"twitter:card\" content=\"summary\" \/>\n<script type=\"application\/ld+json\" class=\"yoast-schema-graph\">{\"@context\":\"https:\/\/schema.org\",\"@graph\":[{\"@type\":\"WebSite\",\"@id\":\"https:\/\/pschick-group.de\/sales\/#website\",\"url\":\"https:\/\/pschick-group.de\/sales\/\",\"name\":\"Pschick Sales\",\"description\":\"Online Shop\",\"potentialAction\":[{\"@type\":\"SearchAction\",\"target\":\"https:\/\/pschick-group.de\/sales\/?s={search_term_string}\",\"query-input\":\"required name=search_term_string\"}],\"inLanguage\":\"de\"},{\"@type\":\"ImageObject\",\"@id\":\"https:\/\/pschick-group.de\/sales\/produkt\/my-keto-beanie\/#primaryimage\",\"inLanguage\":\"de\",\"url\":\"https:\/\/pschick-group.de\/sales\/wp-content\/uploads\/sites\/31\/2021\/03\/Muetze-schwarz-neu-scaled.jpg\",\"width\":2257,\"height\":2560},{\"@type\":\"WebPage\",\"@id\":\"https:\/\/pschick-group.de\/sales\/produkt\/my-keto-beanie\/#webpage\",\"url\":\"https:\/\/pschick-group.de\/sales\/produkt\/my-keto-beanie\/\",\"name\":\"My Keto Beanie - Pschick Sales\",\"isPartOf\":{\"@id\":\"https:\/\/pschick-group.de\/sales\/#website\"},\"primaryImageOfPage\":{\"@id\":\"https:\/\/pschick-group.de\/sales\/produkt\/my-keto-beanie\/#primaryimage\"},\"datePublished\":\"2021-03-18T07:07:29+00:00\",\"dateModified\":\"2021-03-18T16:57:16+00:00\",\"inLanguage\":\"de\",\"potentialAction\":[{\"@type\":\"ReadAction\",\"target\":[\"https:\/\/pschick-group.de\/sales\/produkt\/my-keto-beanie\/\"]}]}]}<\/script>\n<!-- \/ Yoast SEO plugin. -->","_links":{"self":[{"href":"https:\/\/pschick-group.de\/sales\/wp-json\/wp\/v2\/product\/42331"}],"collection":[{"href":"https:\/\/pschick-group.de\/sales\/wp-json\/wp\/v2\/product"}],"about":[{"href":"https:\/\/pschick-group.de\/sales\/wp-json\/wp\/v2\/types\/product"}],"replies":[{"embeddable":true,"href":"https:\/\/pschick-group.de\/sales\/wp-json\/wp\/v2\/comments?post=42331"}],"wp:featuredmedia":[{"embeddable":true,"href":"https:\/\/pschick-group.de\/sales\/wp-json\/wp\/v2\/media\/42421"}],"wp:attachment":[{"href":"https:\/\/pschick-group.de\/sales\/wp-json\/wp\/v2\/media?parent=42331"}],"curies":[{"name":"wp","href":"https:\/\/api.w.org\/{rel}","templated":true}]}}