{"id":41251,"date":"2021-01-27T09:21:33","date_gmt":"2021-01-27T08:21:33","guid":{"rendered":"https:\/\/pschick-group.de\/sales\/?post_type=product&#038;p=41251"},"modified":"2023-03-08T16:08:36","modified_gmt":"2023-03-08T15:08:36","slug":"my-keto-bottle","status":"publish","type":"product","link":"https:\/\/pschick-group.de\/sales\/produkt\/my-keto-bottle\/","title":{"rendered":"My Keto Bottle"},"content":{"rendered":"","protected":false},"excerpt":{"rendered":"<p>Keto liegt voll im Trend!<br \/>\nPraktisch: Mixe Dir Deinen KetoDrink direkt in der Flasche und nimm sie mit. Ob zum Sport, zur Arbeit oder auf den Spielplatz.<\/p>\n<p>Mit praktischer Trageschlaufe und auslaufsicherem Deckel mit Ein-Hand-Mechanik.<\/p>\n<p>Trinklasche aus Tritan mit verschlie\u00dfbarem Deckel, Druckfunktion und praktischem Trageriemen. 100% BPA-frei.<\/p>\n<p>Inhalt 800 ml<\/p>\n<p>verf\u00fcgbare Farben: grau, gr\u00fcn<\/p>\n<p>Einzelpreis 19,95 \u20ac<br \/>\nSet 3 Flaschen 55,00 \u20ac<br \/>\nSet 10 Flaschen 175,00 \u20ac<br \/>\nSet 20 Flaschen 300,00 \u20ac<\/p>\n<p>Beim Kauf eines Sets stellen wir Euch gerne verschiedene Farben der Flaschen individuell zusammen. Bitte gebt einfach im Bestellvorgang beim Feld &#8220;Anmerkungen&#8221; Eure Wunsch-Zusammenstellung an. Verf\u00fcgbare Farben sind grau und gr\u00fcn.<\/p>\n","protected":false},"featured_media":43931,"comment_status":"closed","ping_status":"closed","template":"","meta":{"ngg_post_thumbnail":0},"class_list":["post-41251","product","type-product","status-publish","has-post-thumbnail","hentry","product_cat-exogene-ketone","product_shipping_class-standard-artikel"],"yoast_head":"<!-- This site is optimized with the Yoast SEO plugin v15.0 - https:\/\/yoast.com\/wordpress\/plugins\/seo\/ -->\n<title>My Keto Bottle - Pschick Sales<\/title>\n<meta name=\"robots\" content=\"index, follow, max-snippet:-1, max-image-preview:large, max-video-preview:-1\" \/>\n<link rel=\"canonical\" href=\"https:\/\/pschick-group.de\/sales\/produkt\/my-keto-bottle\/\" \/>\n<meta property=\"og:locale\" content=\"de_DE\" \/>\n<meta property=\"og:type\" content=\"article\" \/>\n<meta property=\"og:title\" content=\"My Keto Bottle - Pschick Sales\" \/>\n<meta property=\"og:description\" content=\"Keto liegt voll im Trend! Praktisch: Mixe Dir Deinen KetoDrink direkt in der Flasche und nimm sie mit. Ob zum Sport, zur Arbeit oder auf den Spielplatz.  Mit praktischer Trageschlaufe und auslaufsicherem Deckel mit Ein-Hand-Mechanik.  Trinklasche aus Tritan mit verschlie\u00dfbarem Deckel, Druckfunktion und praktischem Trageriemen. 100% BPA-frei.  Inhalt 800 ml  verf\u00fcgbare Farben: grau, gr\u00fcn  Einzelpreis 19,95 \u20ac Set 3 Flaschen 55,00 \u20ac Set 10 Flaschen 175,00 \u20ac Set 20 Flaschen 300,00 \u20ac  Beim Kauf eines Sets stellen wir Euch gerne verschiedene Farben der Flaschen individuell zusammen. Bitte gebt einfach im Bestellvorgang beim Feld &quot;Anmerkungen&quot; Eure Wunsch-Zusammenstellung an. Verf\u00fcgbare Farben sind grau und gr\u00fcn.\" \/>\n<meta property=\"og:url\" content=\"https:\/\/pschick-group.de\/sales\/produkt\/my-keto-bottle\/\" \/>\n<meta property=\"og:site_name\" content=\"Pschick Sales\" \/>\n<meta property=\"article:modified_time\" content=\"2023-03-08T15:08:36+00:00\" \/>\n<meta property=\"og:image\" content=\"https:\/\/pschick-group.de\/sales\/wp-content\/uploads\/sites\/31\/2021\/01\/pink-scaled.jpeg\" \/>\n\t<meta property=\"og:image:width\" content=\"1920\" \/>\n\t<meta property=\"og:image:height\" content=\"2560\" \/>\n<meta name=\"twitter:card\" content=\"summary\" \/>\n<script type=\"application\/ld+json\" class=\"yoast-schema-graph\">{\"@context\":\"https:\/\/schema.org\",\"@graph\":[{\"@type\":\"WebSite\",\"@id\":\"https:\/\/pschick-group.de\/sales\/#website\",\"url\":\"https:\/\/pschick-group.de\/sales\/\",\"name\":\"Pschick Sales\",\"description\":\"Online Shop\",\"potentialAction\":[{\"@type\":\"SearchAction\",\"target\":\"https:\/\/pschick-group.de\/sales\/?s={search_term_string}\",\"query-input\":\"required name=search_term_string\"}],\"inLanguage\":\"de\"},{\"@type\":\"ImageObject\",\"@id\":\"https:\/\/pschick-group.de\/sales\/produkt\/my-keto-bottle\/#primaryimage\",\"inLanguage\":\"de\",\"url\":\"https:\/\/pschick-group.de\/sales\/wp-content\/uploads\/sites\/31\/2021\/01\/pink-scaled.jpeg\",\"width\":1920,\"height\":2560},{\"@type\":\"WebPage\",\"@id\":\"https:\/\/pschick-group.de\/sales\/produkt\/my-keto-bottle\/#webpage\",\"url\":\"https:\/\/pschick-group.de\/sales\/produkt\/my-keto-bottle\/\",\"name\":\"My Keto Bottle - Pschick Sales\",\"isPartOf\":{\"@id\":\"https:\/\/pschick-group.de\/sales\/#website\"},\"primaryImageOfPage\":{\"@id\":\"https:\/\/pschick-group.de\/sales\/produkt\/my-keto-bottle\/#primaryimage\"},\"datePublished\":\"2021-01-27T08:21:33+00:00\",\"dateModified\":\"2023-03-08T15:08:36+00:00\",\"inLanguage\":\"de\",\"potentialAction\":[{\"@type\":\"ReadAction\",\"target\":[\"https:\/\/pschick-group.de\/sales\/produkt\/my-keto-bottle\/\"]}]}]}<\/script>\n<!-- \/ Yoast SEO plugin. -->","_links":{"self":[{"href":"https:\/\/pschick-group.de\/sales\/wp-json\/wp\/v2\/product\/41251"}],"collection":[{"href":"https:\/\/pschick-group.de\/sales\/wp-json\/wp\/v2\/product"}],"about":[{"href":"https:\/\/pschick-group.de\/sales\/wp-json\/wp\/v2\/types\/product"}],"replies":[{"embeddable":true,"href":"https:\/\/pschick-group.de\/sales\/wp-json\/wp\/v2\/comments?post=41251"}],"wp:featuredmedia":[{"embeddable":true,"href":"https:\/\/pschick-group.de\/sales\/wp-json\/wp\/v2\/media\/43931"}],"wp:attachment":[{"href":"https:\/\/pschick-group.de\/sales\/wp-json\/wp\/v2\/media?parent=41251"}],"curies":[{"name":"wp","href":"https:\/\/api.w.org\/{rel}","templated":true}]}}