{"id":39251,"date":"2020-08-05T09:48:04","date_gmt":"2020-08-05T07:48:04","guid":{"rendered":"https:\/\/pschick-group.de\/sales\/?post_type=product&#038;p=39251"},"modified":"2021-03-15T13:24:38","modified_gmt":"2021-03-15T12:24:38","slug":"ek","status":"publish","type":"product","link":"https:\/\/pschick-group.de\/sales\/produkt\/ek\/","title":{"rendered":"Exogene Ketone &#8211; Was ist das?"},"content":{"rendered":"","protected":false},"excerpt":{"rendered":"<div class=\"uk-panel uk-margin-remove-first-child uk-margin\">\n<h3 class=\"el-title uk-margin-top uk-margin-remove-bottom\">1. Was sind Ketone?<\/h3>\n<div class=\"el-content uk-panel uk-margin-top\">\n<p>Ketone dienen dem K\u00f6rper und Geist als sehr positive Unterst\u00fctzung. Sie sind einer der besten Energielieferanten f\u00fcr den kompletten K\u00f6rper. Zudem helfen sie dem Immunsystem Entz\u00fcndungsprozesse im K\u00f6rper besser zu bereinigen, Dein Schlaf ist tiefer und das Einschlafen f\u00e4llt Dir leichter. Die Bildung der Ketone findet in der Leber statt.<\/p>\n<p>&nbsp;<\/p>\n<\/div>\n<\/div>\n<div class=\"uk-panel uk-margin-remove-first-child uk-margin\">\n<h3 class=\"el-title uk-margin-top uk-margin-remove-bottom\">2. Wie komme ich in die Ketose und welchen Nutzen habe ich davon?<\/h3>\n<div class=\"el-content uk-panel uk-margin-top\">\n<p>Es gibt verschiedene Varianten, um in die Ketose zu kommen:<\/p>\n<ul>\n<li>l\u00e4ngere Zeit nichts essen und hungern (macht keinen Spa\u00df und ist keine gute Idee)<\/li>\n<li>intensive und sehr lange Trainingseinheiten absolvieren (eine Frage der Zeit!)<\/li>\n<li>fast keine Kohlenhydrate essen -&gt; &#8220;Ketogene Ern\u00e4hrung&#8221;<\/li>\n<li>&#8220;Exogene Ketone&#8221; zuf\u00fchren &#8211; just drink it!<\/li>\n<\/ul>\n<p><strong>Welche Effekte k\u00f6nnen in der Ketose entstehen?<\/strong><\/p>\n<ul>\n<li>bessere Fettverbrennung<\/li>\n<li>unterst\u00fctzt den Muskelaufbau<\/li>\n<li>weniger Stimmungsschwankungen&nbsp;<\/li>\n<li>mehr Fokus und Energie<\/li>\n<li>besserer Schlaf<\/li>\n<li>bessere Verdauung<\/li>\n<li>Steigerung der Leistungsf\u00e4higkeit<\/li>\n<li>weniger Hungergef\u00fchl und weniger Hei\u00dfhunger auf S\u00fc\u00dfes<\/li>\n<\/ul>\n<p>&nbsp;<\/p>\n<\/div>\n<\/div>\n<div class=\"uk-panel uk-margin-remove-first-child uk-margin\">\n<h3 class=\"el-title uk-margin-top uk-margin-remove-bottom\">3. Warum exogene Ketone?<\/h3>\n<div class=\"el-content uk-panel uk-margin-top\">\n<p>Die Wirkung entfaltet sich bereits nach 20 \u2013 60 Minuten und erh\u00f6ht sofort Deinen Ketosewert. Die Vorteile, wie mehr Fokus und Energie, merkst Du gleich und kannst direkt durchstarten.<\/p>\n<p>Durch die Einnahme der Ketone ben\u00f6tigst Du keine weiteren Di\u00e4ten oder erfordern keine sonstige Einschr\u00e4nkungen.<\/p>\n<p>&nbsp;<\/p>\n<\/div>\n<\/div>\n<div class=\"uk-panel uk-margin-remove-first-child uk-margin\">\n<h3 class=\"el-title uk-margin-top uk-margin-remove-bottom\">4. Was muss ich beachten?<\/h3>\n<div class=\"el-content uk-panel uk-margin-top\">\n<p>In der heutigen Zeit gibt es viele andere Produkte auf dem Markt, die sich als Ketone bezeichnen. Doch unsere Keto-Produkte sind nicht mit anderen vergleichbar.<\/p>\n<p>Unsere Produkte sind vegan, pflanzlich extrahiert und haben eine hohe Bioverf\u00fcgbarkeit. Zudem beinhalten sie einen wichtigen Stoff: &#8220;R-BHB&#8221;. Das reine &#8220;R-BHB&#8221; wird vom K\u00f6rper gleicherma\u00dfen verarbeitet wie die k\u00f6rpereigenen Ketone (endogene Ketone). Daher ist dieser Stoff sehr essentiell in unseren Produkten und man findet ihn in den anderen am Markt verf\u00fcgbaren Produkten in der Regel nicht.<\/p>\n<p>&nbsp;<\/p>\n<\/div>\n<\/div>\n<div class=\"uk-panel uk-margin-remove-first-child uk-margin\">\n<h3 class=\"el-title uk-margin-top uk-margin-remove-bottom\">5. Wie komme ich an die Keto-Produkte und wann kann ich starten?<\/h3>\n<div class=\"el-content uk-panel uk-margin-top\">Bitte schreibe uns eine E-Mail an <a href=\"mailto:info@pschick-sales.de\">info@pschick-sales.de<\/a>!<\/div>\n<div>&nbsp;<\/div>\n<\/div>\n<p><a href=\"https:\/\/pschick-group.de\/sales\/video-zum-thema-ketone\" target=\"_blank\" rel=\"noopener noreferrer\"><img decoding=\"async\" class=\"alignnone\" src=\"https:\/\/pschick-group.de\/sales\/wp-content\/uploads\/sites\/31\/2020\/10\/Vortrag-mit-Thomay-Tholey-2.jpg\" alt=\"\" width=\"200\"><\/a><\/p>\n","protected":false},"featured_media":40861,"comment_status":"closed","ping_status":"closed","template":"","meta":{"ngg_post_thumbnail":0},"class_list":["post-39251","product","type-product","status-publish","has-post-thumbnail","hentry","product_cat-exogene-ketone"],"yoast_head":"<!-- This site is optimized with the Yoast SEO plugin v15.0 - https:\/\/yoast.com\/wordpress\/plugins\/seo\/ -->\n<title>Exogene Ketone - Was ist das? - Pschick Sales<\/title>\n<meta name=\"robots\" content=\"index, follow, max-snippet:-1, max-image-preview:large, max-video-preview:-1\" \/>\n<link rel=\"canonical\" href=\"https:\/\/pschick-group.de\/sales\/produkt\/ek\/\" \/>\n<meta property=\"og:locale\" content=\"de_DE\" \/>\n<meta property=\"og:type\" content=\"article\" \/>\n<meta property=\"og:title\" content=\"Exogene Ketone - Was ist das? - Pschick Sales\" \/>\n<meta property=\"og:description\" content=\"1. Was sind Ketone?   Ketone dienen dem K\u00f6rper und Geist als sehr positive Unterst\u00fctzung. Sie sind einer der besten Energielieferanten f\u00fcr den kompletten K\u00f6rper. Zudem helfen sie dem Immunsystem Entz\u00fcndungsprozesse im K\u00f6rper besser zu bereinigen, Dein Schlaf ist tiefer und das Einschlafen f\u00e4llt Dir leichter. Die Bildung der Ketone findet in der Leber statt.  &nbsp;     2. Wie komme ich in die Ketose und welchen Nutzen habe ich davon?   Es gibt verschiedene Varianten, um in die Ketose zu kommen:   l\u00e4ngere Zeit nichts essen und hungern (macht keinen Spa\u00df und ist keine gute Idee)  intensive und sehr lange Trainingseinheiten absolvieren (eine Frage der Zeit!)  fast keine Kohlenhydrate essen -&gt; &quot;Ketogene Ern\u00e4hrung&quot;  &quot;Exogene Ketone&quot; zuf\u00fchren - just drink it!  Welche Effekte k\u00f6nnen in der Ketose entstehen?   bessere Fettverbrennung  unterst\u00fctzt den Muskelaufbau  weniger Stimmungsschwankungen&nbsp;  mehr Fokus und Energie  besserer Schlaf  bessere Verdauung  Steigerung der Leistungsf\u00e4higkeit  weniger Hungergef\u00fchl und weniger Hei\u00dfhunger auf S\u00fc\u00dfes  &nbsp;     3. Warum exogene Ketone?   Die Wirkung entfaltet sich bereits nach 20 \u2013 60 Minuten und erh\u00f6ht sofort Deinen Ketosewert. Die Vorteile, wie mehr Fokus und Energie, merkst Du gleich und kannst direkt durchstarten.  Durch die Einnahme der Ketone ben\u00f6tigst Du keine weiteren Di\u00e4ten oder erfordern keine sonstige Einschr\u00e4nkungen.  &nbsp;     4. Was muss ich beachten?   In der heutigen Zeit gibt es viele andere Produkte auf dem Markt, die sich als Ketone bezeichnen. Doch unsere Keto-Produkte sind nicht mit anderen vergleichbar.  Unsere Produkte sind vegan, pflanzlich extrahiert und haben eine hohe Bioverf\u00fcgbarkeit. Zudem beinhalten sie einen wichtigen Stoff: &quot;R-BHB&quot;. Das reine &quot;R-BHB&quot; wird vom K\u00f6rper gleicherma\u00dfen verarbeitet wie die k\u00f6rpereigenen Ketone (endogene Ketone). Daher ist dieser Stoff sehr essentiell in unseren Produkten und man findet ihn in den anderen am Markt verf\u00fcgbaren Produkten in der Regel nicht.  &nbsp;     5. Wie komme ich an die Keto-Produkte und wann kann ich starten? Bitte schreibe uns eine E-Mail an info@pschick-sales.de! &nbsp;\" \/>\n<meta property=\"og:url\" content=\"https:\/\/pschick-group.de\/sales\/produkt\/ek\/\" \/>\n<meta property=\"og:site_name\" content=\"Pschick Sales\" \/>\n<meta property=\"article:modified_time\" content=\"2021-03-15T12:24:38+00:00\" \/>\n<meta property=\"og:image\" content=\"https:\/\/pschick-group.de\/sales\/wp-content\/uploads\/sites\/31\/2019\/03\/Bild-Visitenkarte.jpg\" \/>\n\t<meta property=\"og:image:width\" content=\"1125\" \/>\n\t<meta property=\"og:image:height\" content=\"1074\" \/>\n<meta name=\"twitter:card\" content=\"summary\" \/>\n<script type=\"application\/ld+json\" class=\"yoast-schema-graph\">{\"@context\":\"https:\/\/schema.org\",\"@graph\":[{\"@type\":\"WebSite\",\"@id\":\"https:\/\/pschick-group.de\/sales\/#website\",\"url\":\"https:\/\/pschick-group.de\/sales\/\",\"name\":\"Pschick Sales\",\"description\":\"Online Shop\",\"potentialAction\":[{\"@type\":\"SearchAction\",\"target\":\"https:\/\/pschick-group.de\/sales\/?s={search_term_string}\",\"query-input\":\"required name=search_term_string\"}],\"inLanguage\":\"de\"},{\"@type\":\"ImageObject\",\"@id\":\"https:\/\/pschick-group.de\/sales\/produkt\/ek\/#primaryimage\",\"inLanguage\":\"de\",\"url\":\"https:\/\/pschick-group.de\/sales\/wp-content\/uploads\/sites\/31\/2019\/03\/Bild-Visitenkarte.jpg\",\"width\":1125,\"height\":1074},{\"@type\":\"WebPage\",\"@id\":\"https:\/\/pschick-group.de\/sales\/produkt\/ek\/#webpage\",\"url\":\"https:\/\/pschick-group.de\/sales\/produkt\/ek\/\",\"name\":\"Exogene Ketone - Was ist das? - Pschick Sales\",\"isPartOf\":{\"@id\":\"https:\/\/pschick-group.de\/sales\/#website\"},\"primaryImageOfPage\":{\"@id\":\"https:\/\/pschick-group.de\/sales\/produkt\/ek\/#primaryimage\"},\"datePublished\":\"2020-08-05T07:48:04+00:00\",\"dateModified\":\"2021-03-15T12:24:38+00:00\",\"inLanguage\":\"de\",\"potentialAction\":[{\"@type\":\"ReadAction\",\"target\":[\"https:\/\/pschick-group.de\/sales\/produkt\/ek\/\"]}]}]}<\/script>\n<!-- \/ Yoast SEO plugin. -->","_links":{"self":[{"href":"https:\/\/pschick-group.de\/sales\/wp-json\/wp\/v2\/product\/39251"}],"collection":[{"href":"https:\/\/pschick-group.de\/sales\/wp-json\/wp\/v2\/product"}],"about":[{"href":"https:\/\/pschick-group.de\/sales\/wp-json\/wp\/v2\/types\/product"}],"replies":[{"embeddable":true,"href":"https:\/\/pschick-group.de\/sales\/wp-json\/wp\/v2\/comments?post=39251"}],"wp:featuredmedia":[{"embeddable":true,"href":"https:\/\/pschick-group.de\/sales\/wp-json\/wp\/v2\/media\/40861"}],"wp:attachment":[{"href":"https:\/\/pschick-group.de\/sales\/wp-json\/wp\/v2\/media?parent=39251"}],"curies":[{"name":"wp","href":"https:\/\/api.w.org\/{rel}","templated":true}]}}