{"id":3241,"date":"2016-03-24T14:07:49","date_gmt":"2016-03-24T13:07:49","guid":{"rendered":"http:\/\/pschick-group.de\/sales\/?post_type=product&#038;p=3241"},"modified":"2020-12-05T08:53:01","modified_gmt":"2020-12-05T07:53:01","slug":"fortbildungsgutschein-fortbildungsakademie-markus-pschick-gmbh","status":"publish","type":"product","link":"https:\/\/pschick-group.de\/sales\/produkt\/fortbildungsgutschein-fortbildungsakademie-markus-pschick-gmbh\/","title":{"rendered":"Fortbildungsgutschein (Fortbildungsakademie &#8211; Markus Pschick GmbH)"},"content":{"rendered":"","protected":false},"excerpt":{"rendered":"<p>Sie k\u00f6nnen diesen&nbsp;Gutschein f\u00fcr die Kurse und Angebote der &#8220;Fortbildungsakademie &#8211; Markus Pschick GmbH&#8221; einl\u00f6sen.<br \/>\nDie angebotenen Kurse und Weiterbildungen finden Sie unter:<br \/>\n<a href=\"http:\/\/www.fobi-akademie.de\" target=\"_blank\" rel=\"noopener noreferrer\">www.fobi-akademie.de<\/a><\/p>\n<p>Dieser Gutschein wird im Namen und im Auftrag der &#8220;Fortbildungsakademie &#8211; Markus Pschick GmbH&#8221; verkauft.<\/p>\n","protected":false},"featured_media":36831,"comment_status":"closed","ping_status":"closed","template":"","meta":{"ngg_post_thumbnail":0},"class_list":["post-3241","product","type-product","status-publish","has-post-thumbnail","hentry","product_cat-kleidung"],"yoast_head":"<!-- This site is optimized with the Yoast SEO plugin v15.0 - https:\/\/yoast.com\/wordpress\/plugins\/seo\/ -->\n<title>Fortbildungsgutschein (Fortbildungsakademie - Markus Pschick GmbH) - Pschick Sales<\/title>\n<meta name=\"robots\" content=\"index, follow, max-snippet:-1, max-image-preview:large, max-video-preview:-1\" \/>\n<link rel=\"canonical\" href=\"https:\/\/pschick-group.de\/sales\/produkt\/fortbildungsgutschein-fortbildungsakademie-markus-pschick-gmbh\/\" \/>\n<meta property=\"og:locale\" content=\"de_DE\" \/>\n<meta property=\"og:type\" content=\"article\" \/>\n<meta property=\"og:title\" content=\"Fortbildungsgutschein (Fortbildungsakademie - Markus Pschick GmbH) - Pschick Sales\" \/>\n<meta property=\"og:description\" content=\"Sie k\u00f6nnen diesen&nbsp;Gutschein f\u00fcr die Kurse und Angebote der &quot;Fortbildungsakademie - Markus Pschick GmbH&quot; einl\u00f6sen. Die angebotenen Kurse und Weiterbildungen finden Sie unter: www.fobi-akademie.de  Dieser Gutschein wird im Namen und im Auftrag der &quot;Fortbildungsakademie - Markus Pschick GmbH&quot; verkauft.\" \/>\n<meta property=\"og:url\" content=\"https:\/\/pschick-group.de\/sales\/produkt\/fortbildungsgutschein-fortbildungsakademie-markus-pschick-gmbh\/\" \/>\n<meta property=\"og:site_name\" content=\"Pschick Sales\" \/>\n<meta property=\"article:modified_time\" content=\"2020-12-05T07:53:01+00:00\" \/>\n<meta property=\"og:image\" content=\"https:\/\/pschick-group.de\/sales\/wp-content\/uploads\/sites\/31\/2016\/03\/Gutschein.png\" \/>\n\t<meta property=\"og:image:width\" content=\"1240\" \/>\n\t<meta property=\"og:image:height\" content=\"1240\" \/>\n<meta name=\"twitter:card\" content=\"summary\" \/>\n<script type=\"application\/ld+json\" class=\"yoast-schema-graph\">{\"@context\":\"https:\/\/schema.org\",\"@graph\":[{\"@type\":\"WebSite\",\"@id\":\"https:\/\/pschick-group.de\/sales\/#website\",\"url\":\"https:\/\/pschick-group.de\/sales\/\",\"name\":\"Pschick Sales\",\"description\":\"Online Shop\",\"potentialAction\":[{\"@type\":\"SearchAction\",\"target\":\"https:\/\/pschick-group.de\/sales\/?s={search_term_string}\",\"query-input\":\"required name=search_term_string\"}],\"inLanguage\":\"de\"},{\"@type\":\"ImageObject\",\"@id\":\"https:\/\/pschick-group.de\/sales\/produkt\/fortbildungsgutschein-fortbildungsakademie-markus-pschick-gmbh\/#primaryimage\",\"inLanguage\":\"de\",\"url\":\"https:\/\/pschick-group.de\/sales\/wp-content\/uploads\/sites\/31\/2016\/03\/Gutschein.png\",\"width\":1240,\"height\":1240},{\"@type\":\"WebPage\",\"@id\":\"https:\/\/pschick-group.de\/sales\/produkt\/fortbildungsgutschein-fortbildungsakademie-markus-pschick-gmbh\/#webpage\",\"url\":\"https:\/\/pschick-group.de\/sales\/produkt\/fortbildungsgutschein-fortbildungsakademie-markus-pschick-gmbh\/\",\"name\":\"Fortbildungsgutschein (Fortbildungsakademie - Markus Pschick GmbH) - Pschick Sales\",\"isPartOf\":{\"@id\":\"https:\/\/pschick-group.de\/sales\/#website\"},\"primaryImageOfPage\":{\"@id\":\"https:\/\/pschick-group.de\/sales\/produkt\/fortbildungsgutschein-fortbildungsakademie-markus-pschick-gmbh\/#primaryimage\"},\"datePublished\":\"2016-03-24T13:07:49+00:00\",\"dateModified\":\"2020-12-05T07:53:01+00:00\",\"inLanguage\":\"de\",\"potentialAction\":[{\"@type\":\"ReadAction\",\"target\":[\"https:\/\/pschick-group.de\/sales\/produkt\/fortbildungsgutschein-fortbildungsakademie-markus-pschick-gmbh\/\"]}]}]}<\/script>\n<!-- \/ Yoast SEO plugin. -->","_links":{"self":[{"href":"https:\/\/pschick-group.de\/sales\/wp-json\/wp\/v2\/product\/3241"}],"collection":[{"href":"https:\/\/pschick-group.de\/sales\/wp-json\/wp\/v2\/product"}],"about":[{"href":"https:\/\/pschick-group.de\/sales\/wp-json\/wp\/v2\/types\/product"}],"replies":[{"embeddable":true,"href":"https:\/\/pschick-group.de\/sales\/wp-json\/wp\/v2\/comments?post=3241"}],"wp:featuredmedia":[{"embeddable":true,"href":"https:\/\/pschick-group.de\/sales\/wp-json\/wp\/v2\/media\/36831"}],"wp:attachment":[{"href":"https:\/\/pschick-group.de\/sales\/wp-json\/wp\/v2\/media?parent=3241"}],"curies":[{"name":"wp","href":"https:\/\/api.w.org\/{rel}","templated":true}]}}