{"id":3201,"date":"2016-03-24T11:14:23","date_gmt":"2016-03-24T10:14:23","guid":{"rendered":"http:\/\/pschick-group.de\/sales\/?post_type=product&#038;p=3201"},"modified":"2024-04-10T17:29:30","modified_gmt":"2024-04-10T15:29:30","slug":"the-one-ankle-brace-white","status":"publish","type":"product","link":"https:\/\/pschick-group.de\/sales\/produkt\/the-one-ankle-brace-white\/","title":{"rendered":"The ONE Ankle Brace"},"content":{"rendered":"","protected":false},"excerpt":{"rendered":"<p>Die originale <strong>Ankle Brace &#8220;The ONE&#8221;<\/strong> aus Amerika! Sehr leicht &amp; d\u00fcnn!<br \/>\nSie l\u00e4sst sich sowohl in Stra\u00dfen- als auch in Sportschuhen (z.B. Stollenschuhe) tragen.<\/p>\n<p>Die Unterseite der Ankle Brace ist nahtlos und die einstellbaren Seitenriemen sind \u00fcber Kreuz angeordnet.<\/p>\n<p>Zudem ist die Zunge der Ankle Brace atmungsaktiv gepolstert, um einen optimalen Tragekomfort zu gew\u00e4hrleisten.<\/p>\n<p>F\u00fcr den linken und den rechten Fu\u00df geeignet!<\/p>\n<hr>\n<p><b>Gr\u00f6\u00dfentabelle Damen<\/b><br \/>\n36-39 = XS<br \/>\n39-41 = S<br \/>\n44-46 = L<br \/>\n46-48 = XL<br \/>\n48-50 = XXL<\/p>\n<hr>\n<p><b>Gr\u00f6\u00dfentabelle Herren<\/b><br \/>\n38-40 = XS<br \/>\n40-42 = S<br \/>\n45-47 = L<br \/>\n47-49 = XL<br \/>\n49-51 = XXL<\/p>\n","protected":false},"featured_media":3221,"comment_status":"closed","ping_status":"closed","template":"","meta":{"ngg_post_thumbnail":0},"class_list":["post-3201","product","type-product","status-publish","has-post-thumbnail","hentry","product_cat-tools","product_shipping_class-standard-artikel"],"yoast_head":"<!-- This site is optimized with the Yoast SEO plugin v15.0 - https:\/\/yoast.com\/wordpress\/plugins\/seo\/ -->\n<title>The ONE Ankle Brace - Pschick Sales<\/title>\n<meta name=\"robots\" content=\"index, follow, max-snippet:-1, max-image-preview:large, max-video-preview:-1\" \/>\n<link rel=\"canonical\" href=\"https:\/\/pschick-group.de\/sales\/produkt\/the-one-ankle-brace-white\/\" \/>\n<meta property=\"og:locale\" content=\"de_DE\" \/>\n<meta property=\"og:type\" content=\"article\" \/>\n<meta property=\"og:title\" content=\"The ONE Ankle Brace - Pschick Sales\" \/>\n<meta property=\"og:description\" content=\"Die originale Ankle Brace &quot;The ONE&quot; aus Amerika! Sehr leicht &amp; d\u00fcnn! Sie l\u00e4sst sich sowohl in Stra\u00dfen- als auch in Sportschuhen (z.B. Stollenschuhe) tragen.  Die Unterseite der Ankle Brace ist nahtlos und die einstellbaren Seitenriemen sind \u00fcber Kreuz angeordnet.  Zudem ist die Zunge der Ankle Brace atmungsaktiv gepolstert, um einen optimalen Tragekomfort zu gew\u00e4hrleisten.  F\u00fcr den linken und den rechten Fu\u00df geeignet!    Gr\u00f6\u00dfentabelle Damen 36-39 = XS 39-41 = S 44-46 = L 46-48 = XL 48-50 = XXL    Gr\u00f6\u00dfentabelle Herren 38-40 = XS 40-42 = S 45-47 = L 47-49 = XL 49-51 = XXL\" \/>\n<meta property=\"og:url\" content=\"https:\/\/pschick-group.de\/sales\/produkt\/the-one-ankle-brace-white\/\" \/>\n<meta property=\"og:site_name\" content=\"Pschick Sales\" \/>\n<meta property=\"article:modified_time\" content=\"2024-04-10T15:29:30+00:00\" \/>\n<meta property=\"og:image\" content=\"https:\/\/pschick-group.de\/sales\/wp-content\/uploads\/sites\/31\/2016\/03\/nhpfqzqcvqinvpxp74p6.jpg\" \/>\n\t<meta property=\"og:image:width\" content=\"400\" \/>\n\t<meta property=\"og:image:height\" content=\"600\" \/>\n<meta name=\"twitter:card\" content=\"summary\" \/>\n<script type=\"application\/ld+json\" class=\"yoast-schema-graph\">{\"@context\":\"https:\/\/schema.org\",\"@graph\":[{\"@type\":\"WebSite\",\"@id\":\"https:\/\/pschick-group.de\/sales\/#website\",\"url\":\"https:\/\/pschick-group.de\/sales\/\",\"name\":\"Pschick Sales\",\"description\":\"Online Shop\",\"potentialAction\":[{\"@type\":\"SearchAction\",\"target\":\"https:\/\/pschick-group.de\/sales\/?s={search_term_string}\",\"query-input\":\"required name=search_term_string\"}],\"inLanguage\":\"de\"},{\"@type\":\"ImageObject\",\"@id\":\"https:\/\/pschick-group.de\/sales\/produkt\/the-one-ankle-brace-white\/#primaryimage\",\"inLanguage\":\"de\",\"url\":\"https:\/\/pschick-group.de\/sales\/wp-content\/uploads\/sites\/31\/2016\/03\/nhpfqzqcvqinvpxp74p6.jpg\",\"width\":400,\"height\":600},{\"@type\":\"WebPage\",\"@id\":\"https:\/\/pschick-group.de\/sales\/produkt\/the-one-ankle-brace-white\/#webpage\",\"url\":\"https:\/\/pschick-group.de\/sales\/produkt\/the-one-ankle-brace-white\/\",\"name\":\"The ONE Ankle Brace - Pschick Sales\",\"isPartOf\":{\"@id\":\"https:\/\/pschick-group.de\/sales\/#website\"},\"primaryImageOfPage\":{\"@id\":\"https:\/\/pschick-group.de\/sales\/produkt\/the-one-ankle-brace-white\/#primaryimage\"},\"datePublished\":\"2016-03-24T10:14:23+00:00\",\"dateModified\":\"2024-04-10T15:29:30+00:00\",\"inLanguage\":\"de\",\"potentialAction\":[{\"@type\":\"ReadAction\",\"target\":[\"https:\/\/pschick-group.de\/sales\/produkt\/the-one-ankle-brace-white\/\"]}]}]}<\/script>\n<!-- \/ Yoast SEO plugin. -->","_links":{"self":[{"href":"https:\/\/pschick-group.de\/sales\/wp-json\/wp\/v2\/product\/3201"}],"collection":[{"href":"https:\/\/pschick-group.de\/sales\/wp-json\/wp\/v2\/product"}],"about":[{"href":"https:\/\/pschick-group.de\/sales\/wp-json\/wp\/v2\/types\/product"}],"replies":[{"embeddable":true,"href":"https:\/\/pschick-group.de\/sales\/wp-json\/wp\/v2\/comments?post=3201"}],"wp:featuredmedia":[{"embeddable":true,"href":"https:\/\/pschick-group.de\/sales\/wp-json\/wp\/v2\/media\/3221"}],"wp:attachment":[{"href":"https:\/\/pschick-group.de\/sales\/wp-json\/wp\/v2\/media?parent=3201"}],"curies":[{"name":"wp","href":"https:\/\/api.w.org\/{rel}","templated":true}]}}