{"id":221,"date":"2015-10-08T18:53:50","date_gmt":"2015-10-08T16:53:50","guid":{"rendered":"http:\/\/pschick-group.de\/sales\/?post_type=product&#038;p=221"},"modified":"2022-08-25T11:36:23","modified_gmt":"2022-08-25T09:36:23","slug":"atlas-modell","status":"publish","type":"product","link":"https:\/\/pschick-group.de\/sales\/produkt\/atlas-modell\/","title":{"rendered":"Atlas Modell"},"content":{"rendered":"","protected":false},"excerpt":{"rendered":"<p>Dieses weltweit einmalige Modell besteht aus Halswirbel C3, Axis (Dreher) C2, Atlas C1 und einem Segment des Hinterhauptbeins. Alle Teile sind zur besseren Demonstration 2-fach vergr\u00f6\u00dfert dargestellt. Mit diesem Modell k\u00f6nnen die Bewegungen im oberen Halswirbelbereich naturgetreu und anatomisch richtig nachvollzogen werden. Alle Bewegungsm\u00f6glichkeiten im Atlanto-occipital und Atlanto-axialgelenk sind hervorragend demonstrierbar. Mit abnehmbarem Stativ.<\/p>\n","protected":false},"featured_media":231,"comment_status":"closed","ping_status":"closed","template":"","meta":{"ngg_post_thumbnail":0},"class_list":["post-221","product","type-product","status-publish","has-post-thumbnail","hentry","product_cat-anatomische-modelle","product_shipping_class-standard-artikel"],"yoast_head":"<!-- This site is optimized with the Yoast SEO plugin v15.0 - https:\/\/yoast.com\/wordpress\/plugins\/seo\/ -->\n<title>Atlas Modell - Pschick Sales<\/title>\n<meta name=\"robots\" content=\"index, follow, max-snippet:-1, max-image-preview:large, max-video-preview:-1\" \/>\n<link rel=\"canonical\" href=\"https:\/\/pschick-group.de\/sales\/produkt\/atlas-modell\/\" \/>\n<meta property=\"og:locale\" content=\"de_DE\" \/>\n<meta property=\"og:type\" content=\"article\" \/>\n<meta property=\"og:title\" content=\"Atlas Modell - Pschick Sales\" \/>\n<meta property=\"og:description\" content=\"Dieses weltweit einmalige Modell besteht aus Halswirbel C3, Axis (Dreher) C2, Atlas C1 und einem Segment des Hinterhauptbeins. Alle Teile sind zur besseren Demonstration 2-fach vergr\u00f6\u00dfert dargestellt. Mit diesem Modell k\u00f6nnen die Bewegungen im oberen Halswirbelbereich naturgetreu und anatomisch richtig nachvollzogen werden. Alle Bewegungsm\u00f6glichkeiten im Atlanto-occipital und Atlanto-axialgelenk sind hervorragend demonstrierbar. Mit abnehmbarem Stativ.\" \/>\n<meta property=\"og:url\" content=\"https:\/\/pschick-group.de\/sales\/produkt\/atlas-modell\/\" \/>\n<meta property=\"og:site_name\" content=\"Pschick Sales\" \/>\n<meta property=\"article:modified_time\" content=\"2022-08-25T09:36:23+00:00\" \/>\n<meta property=\"og:image\" content=\"https:\/\/pschick-group.de\/sales\/wp-content\/uploads\/sites\/31\/2015\/10\/Atlas-Modell.png\" \/>\n\t<meta property=\"og:image:width\" content=\"814\" \/>\n\t<meta property=\"og:image:height\" content=\"791\" \/>\n<meta name=\"twitter:card\" content=\"summary\" \/>\n<script type=\"application\/ld+json\" class=\"yoast-schema-graph\">{\"@context\":\"https:\/\/schema.org\",\"@graph\":[{\"@type\":\"WebSite\",\"@id\":\"https:\/\/pschick-group.de\/sales\/#website\",\"url\":\"https:\/\/pschick-group.de\/sales\/\",\"name\":\"Pschick Sales\",\"description\":\"Online Shop\",\"potentialAction\":[{\"@type\":\"SearchAction\",\"target\":\"https:\/\/pschick-group.de\/sales\/?s={search_term_string}\",\"query-input\":\"required name=search_term_string\"}],\"inLanguage\":\"de\"},{\"@type\":\"ImageObject\",\"@id\":\"https:\/\/pschick-group.de\/sales\/produkt\/atlas-modell\/#primaryimage\",\"inLanguage\":\"de\",\"url\":\"https:\/\/pschick-group.de\/sales\/wp-content\/uploads\/sites\/31\/2015\/10\/Atlas-Modell.png\",\"width\":814,\"height\":791},{\"@type\":\"WebPage\",\"@id\":\"https:\/\/pschick-group.de\/sales\/produkt\/atlas-modell\/#webpage\",\"url\":\"https:\/\/pschick-group.de\/sales\/produkt\/atlas-modell\/\",\"name\":\"Atlas Modell - Pschick Sales\",\"isPartOf\":{\"@id\":\"https:\/\/pschick-group.de\/sales\/#website\"},\"primaryImageOfPage\":{\"@id\":\"https:\/\/pschick-group.de\/sales\/produkt\/atlas-modell\/#primaryimage\"},\"datePublished\":\"2015-10-08T16:53:50+00:00\",\"dateModified\":\"2022-08-25T09:36:23+00:00\",\"inLanguage\":\"de\",\"potentialAction\":[{\"@type\":\"ReadAction\",\"target\":[\"https:\/\/pschick-group.de\/sales\/produkt\/atlas-modell\/\"]}]}]}<\/script>\n<!-- \/ Yoast SEO plugin. -->","_links":{"self":[{"href":"https:\/\/pschick-group.de\/sales\/wp-json\/wp\/v2\/product\/221"}],"collection":[{"href":"https:\/\/pschick-group.de\/sales\/wp-json\/wp\/v2\/product"}],"about":[{"href":"https:\/\/pschick-group.de\/sales\/wp-json\/wp\/v2\/types\/product"}],"replies":[{"embeddable":true,"href":"https:\/\/pschick-group.de\/sales\/wp-json\/wp\/v2\/comments?post=221"}],"wp:featuredmedia":[{"embeddable":true,"href":"https:\/\/pschick-group.de\/sales\/wp-json\/wp\/v2\/media\/231"}],"wp:attachment":[{"href":"https:\/\/pschick-group.de\/sales\/wp-json\/wp\/v2\/media?parent=221"}],"curies":[{"name":"wp","href":"https:\/\/api.w.org\/{rel}","templated":true}]}}