{"id":15971,"date":"2018-11-02T11:14:52","date_gmt":"2018-11-02T10:14:52","guid":{"rendered":"http:\/\/pschick-group.de\/sales\/?post_type=product&#038;p=15971"},"modified":"2020-12-05T08:46:00","modified_gmt":"2020-12-05T07:46:00","slug":"trigger-master-twinball","status":"publish","type":"product","link":"https:\/\/pschick-group.de\/sales\/produkt\/trigger-master-twinball\/","title":{"rendered":"Trigger Master\u00ae &#8211; TwinBall"},"content":{"rendered":"","protected":false},"excerpt":{"rendered":"<p>&nbsp;<\/p>\n<p><iframe loading=\"lazy\" src=\"https:\/\/www.youtube.com\/embed\/E62sXtmHb8k\" allowfullscreen=\"allowfullscreen\" width=\"560\" height=\"315\" frameborder=\"0\"><\/iframe><\/p>\n<p><strong>Produktinformationen &#8220;Trigger Master\u00ae TwinBall&#8221;<\/strong><\/p>\n<p>Der Trigger Master TwinBall ist mit seine zwei Massage-Kugel perfekt f\u00fcr die Massage paralleler Muskelstr\u00e4nge, an Nacken und Wirbels\u00e4ule! Zudem erm\u00f6glichen die zahlreichen Massagekanten an den Kugeln tiefe Friktionen, Druck- und Verschiebetechniken bei der Patienten- und Eigenbehandlung.<br \/>\nDer TwinBall ist der Spezialist f\u00fcr Akupressur, Faszien- und Muskel-Massage von Kopf bis Fu\u00df! Ein optimales Werkzeug f\u00fcr Therapeuten. Besonders die Massage-Kugeln sind f\u00fcr Therapeuten der Daumen-Ersatz!<br \/>\n\u2022 Gewicht: 200 g<br \/>\n\u2022 Holzart: Esche<br \/>\n\u2022 Lackierung: Naturholzlack<br \/>\n\u2022 L\u00e4nge: 13 cm<br \/>\n\u2022 Dm: Gro\u00dfe-Massagekugel: 7 cm&nbsp;<\/p>\n<p>&nbsp;<\/p>\n","protected":false},"featured_media":15951,"comment_status":"closed","ping_status":"closed","template":"","meta":{"ngg_post_thumbnail":0},"class_list":["post-15971","product","type-product","status-publish","has-post-thumbnail","hentry","product_cat-tools","product_tag-trigger","product_tag-twinball","product_shipping_class-standard-artikel"],"yoast_head":"<!-- This site is optimized with the Yoast SEO plugin v15.0 - https:\/\/yoast.com\/wordpress\/plugins\/seo\/ -->\n<title>Trigger Master\u00ae - TwinBall - Pschick Sales<\/title>\n<meta name=\"robots\" content=\"index, follow, max-snippet:-1, max-image-preview:large, max-video-preview:-1\" \/>\n<link rel=\"canonical\" href=\"https:\/\/pschick-group.de\/sales\/produkt\/trigger-master-twinball\/\" \/>\n<meta property=\"og:locale\" content=\"de_DE\" \/>\n<meta property=\"og:type\" content=\"article\" \/>\n<meta property=\"og:title\" content=\"Trigger Master\u00ae - TwinBall - Pschick Sales\" \/>\n<meta property=\"og:description\" content=\"&nbsp;    Produktinformationen &quot;Trigger Master\u00ae TwinBall&quot;  Der Trigger Master TwinBall ist mit seine zwei Massage-Kugel perfekt f\u00fcr die Massage paralleler Muskelstr\u00e4nge, an Nacken und Wirbels\u00e4ule! Zudem erm\u00f6glichen die zahlreichen Massagekanten an den Kugeln tiefe Friktionen, Druck- und Verschiebetechniken bei der Patienten- und Eigenbehandlung. Der TwinBall ist der Spezialist f\u00fcr Akupressur, Faszien- und Muskel-Massage von Kopf bis Fu\u00df! Ein optimales Werkzeug f\u00fcr Therapeuten. Besonders die Massage-Kugeln sind f\u00fcr Therapeuten der Daumen-Ersatz! \u2022 Gewicht: 200 g \u2022 Holzart: Esche \u2022 Lackierung: Naturholzlack \u2022 L\u00e4nge: 13 cm \u2022 Dm: Gro\u00dfe-Massagekugel: 7 cm&nbsp;  &nbsp;\" \/>\n<meta property=\"og:url\" content=\"https:\/\/pschick-group.de\/sales\/produkt\/trigger-master-twinball\/\" \/>\n<meta property=\"og:site_name\" content=\"Pschick Sales\" \/>\n<meta property=\"article:modified_time\" content=\"2020-12-05T07:46:00+00:00\" \/>\n<meta property=\"og:image\" content=\"https:\/\/pschick-group.de\/sales\/wp-content\/uploads\/sites\/31\/2018\/11\/Trigger-Master-TwinBall.jpg\" \/>\n\t<meta property=\"og:image:width\" content=\"1000\" \/>\n\t<meta property=\"og:image:height\" content=\"1000\" \/>\n<meta name=\"twitter:card\" content=\"summary\" \/>\n<script type=\"application\/ld+json\" class=\"yoast-schema-graph\">{\"@context\":\"https:\/\/schema.org\",\"@graph\":[{\"@type\":\"WebSite\",\"@id\":\"https:\/\/pschick-group.de\/sales\/#website\",\"url\":\"https:\/\/pschick-group.de\/sales\/\",\"name\":\"Pschick Sales\",\"description\":\"Online Shop\",\"potentialAction\":[{\"@type\":\"SearchAction\",\"target\":\"https:\/\/pschick-group.de\/sales\/?s={search_term_string}\",\"query-input\":\"required name=search_term_string\"}],\"inLanguage\":\"de\"},{\"@type\":\"ImageObject\",\"@id\":\"https:\/\/pschick-group.de\/sales\/produkt\/trigger-master-twinball\/#primaryimage\",\"inLanguage\":\"de\",\"url\":\"https:\/\/pschick-group.de\/sales\/wp-content\/uploads\/sites\/31\/2018\/11\/Trigger-Master-TwinBall.jpg\",\"width\":1000,\"height\":1000},{\"@type\":\"WebPage\",\"@id\":\"https:\/\/pschick-group.de\/sales\/produkt\/trigger-master-twinball\/#webpage\",\"url\":\"https:\/\/pschick-group.de\/sales\/produkt\/trigger-master-twinball\/\",\"name\":\"Trigger Master\\u00ae - TwinBall - Pschick Sales\",\"isPartOf\":{\"@id\":\"https:\/\/pschick-group.de\/sales\/#website\"},\"primaryImageOfPage\":{\"@id\":\"https:\/\/pschick-group.de\/sales\/produkt\/trigger-master-twinball\/#primaryimage\"},\"datePublished\":\"2018-11-02T10:14:52+00:00\",\"dateModified\":\"2020-12-05T07:46:00+00:00\",\"inLanguage\":\"de\",\"potentialAction\":[{\"@type\":\"ReadAction\",\"target\":[\"https:\/\/pschick-group.de\/sales\/produkt\/trigger-master-twinball\/\"]}]}]}<\/script>\n<!-- \/ Yoast SEO plugin. -->","_links":{"self":[{"href":"https:\/\/pschick-group.de\/sales\/wp-json\/wp\/v2\/product\/15971"}],"collection":[{"href":"https:\/\/pschick-group.de\/sales\/wp-json\/wp\/v2\/product"}],"about":[{"href":"https:\/\/pschick-group.de\/sales\/wp-json\/wp\/v2\/types\/product"}],"replies":[{"embeddable":true,"href":"https:\/\/pschick-group.de\/sales\/wp-json\/wp\/v2\/comments?post=15971"}],"wp:featuredmedia":[{"embeddable":true,"href":"https:\/\/pschick-group.de\/sales\/wp-json\/wp\/v2\/media\/15951"}],"wp:attachment":[{"href":"https:\/\/pschick-group.de\/sales\/wp-json\/wp\/v2\/media?parent=15971"}],"curies":[{"name":"wp","href":"https:\/\/api.w.org\/{rel}","templated":true}]}}