{"id":15961,"date":"2018-11-02T10:14:17","date_gmt":"2018-11-02T09:14:17","guid":{"rendered":"http:\/\/pschick-group.de\/sales\/?post_type=product&#038;p=15961"},"modified":"2021-12-23T10:59:00","modified_gmt":"2021-12-23T09:59:00","slug":"trigger-master-two-mini","status":"publish","type":"product","link":"https:\/\/pschick-group.de\/sales\/produkt\/trigger-master-two-mini\/","title":{"rendered":"Trigger Master\u00ae Two &#8211; Mini"},"content":{"rendered":"","protected":false},"excerpt":{"rendered":"<p>&nbsp;<\/p>\n<p><iframe loading=\"lazy\" src=\"https:\/\/www.youtube.com\/embed\/E62sXtmHb8k\" allowfullscreen=\"allowfullscreen\" width=\"560\" height=\"315\" frameborder=\"0\"><\/iframe><\/p>\n<p><strong>Produktinformationen &#8220;Trigger Master\u00ae Two &#8211; Mini&#8221;<\/strong><\/p>\n<p>Der Trigger Master Two \u2013 Mini ist mit seinen 15 cm L\u00e4nge der kleine Bruder vom Original mit 38 cm. Der Mini ist der Spezialist f\u00fcr Akupressur, Faszien- und Muskel-Massage an der HWS den H\u00e4nden, F\u00fc\u00dfen und Kiefer! Immer wenn es sehr filigran wird, ist der Mini eine super Erg\u00e4nzung. Ein optimales Werkzeug f\u00fcr Therapeuten. Besonders die Massage-Kugeln sind f\u00fcr Therapeuten der Daumen-Ersatz!Die zahlreichen Massagekanten an den Kugeln erm\u00f6glichen tiefe Friktionen, Druck- und Verschiebetechniken bei der Patienten- und Eigenbehandlung.<br \/>\n<span style=\"float: none; background-color: transparent; color: #333333; cursor: text; font-family: Georgia,'Times New Roman','Bitstream Charter',Times,serif; font-size: 16px; font-style: normal; font-variant: normal; font-weight: 400; letter-spacing: normal; line-height: 24px; text-align: left; text-decoration: none; text-indent: 0px;\">\u2022<\/span> Gewicht: 25 g<br \/>\n<span style=\"float: none; background-color: transparent; color: #333333; cursor: text; font-family: Georgia,'Times New Roman','Bitstream Charter',Times,serif; font-size: 16px; font-style: normal; font-variant: normal; font-weight: 400; letter-spacing: normal; line-height: 24px; text-align: left; text-decoration: none; text-indent: 0px;\">\u2022<\/span> Holzart: Esche<br \/>\n<span style=\"float: none; background-color: transparent; color: #333333; cursor: text; font-family: Georgia,'Times New Roman','Bitstream Charter',Times,serif; font-size: 16px; font-style: normal; font-variant: normal; font-weight: 400; letter-spacing: normal; line-height: 24px; text-align: left; text-decoration: none; text-indent: 0px;\">\u2022<\/span> Lackierung: Naturholzlack<br \/>\n<span style=\"float: none; background-color: transparent; color: #333333; cursor: text; font-family: Georgia,'Times New Roman','Bitstream Charter',Times,serif; font-size: 16px; font-style: normal; font-variant: normal; font-weight: 400; letter-spacing: normal; line-height: 24px; text-align: left; text-decoration: none; text-indent: 0px;\">\u2022<\/span> L\u00e4nge: 15 cm<br \/>\n<span style=\"float: none; background-color: transparent; color: #333333; cursor: text; font-family: Georgia,'Times New Roman','Bitstream Charter',Times,serif; font-size: 16px; font-style: normal; font-variant: normal; font-weight: 400; letter-spacing: normal; line-height: 24px; text-align: left; text-decoration: none; text-indent: 0px;\">\u2022<\/span> Dm: Gro\u00dfe-Massagekugel: 3 cm \u2013 Kleine-Massagekugel: 2 cm<\/p>\n<p>&nbsp;<\/p>\n","protected":false},"featured_media":15851,"comment_status":"closed","ping_status":"closed","template":"","meta":{"ngg_post_thumbnail":0},"class_list":["post-15961","product","type-product","status-publish","has-post-thumbnail","hentry","product_cat-tools","product_tag-one-mini","product_tag-trigger","product_shipping_class-standard-artikel"],"yoast_head":"<!-- This site is optimized with the Yoast SEO plugin v15.0 - https:\/\/yoast.com\/wordpress\/plugins\/seo\/ -->\n<title>Trigger Master\u00ae Two - Mini - Pschick Sales<\/title>\n<meta name=\"robots\" content=\"index, follow, max-snippet:-1, max-image-preview:large, max-video-preview:-1\" \/>\n<link rel=\"canonical\" href=\"https:\/\/pschick-group.de\/sales\/produkt\/trigger-master-two-mini\/\" \/>\n<meta property=\"og:locale\" content=\"de_DE\" \/>\n<meta property=\"og:type\" content=\"article\" \/>\n<meta property=\"og:title\" content=\"Trigger Master\u00ae Two - Mini - Pschick Sales\" \/>\n<meta property=\"og:description\" content=\"&nbsp;    Produktinformationen &quot;Trigger Master\u00ae Two - Mini&quot;  Der Trigger Master Two \u2013 Mini ist mit seinen 15 cm L\u00e4nge der kleine Bruder vom Original mit 38 cm. Der Mini ist der Spezialist f\u00fcr Akupressur, Faszien- und Muskel-Massage an der HWS den H\u00e4nden, F\u00fc\u00dfen und Kiefer! Immer wenn es sehr filigran wird, ist der Mini eine super Erg\u00e4nzung. Ein optimales Werkzeug f\u00fcr Therapeuten. Besonders die Massage-Kugeln sind f\u00fcr Therapeuten der Daumen-Ersatz!Die zahlreichen Massagekanten an den Kugeln erm\u00f6glichen tiefe Friktionen, Druck- und Verschiebetechniken bei der Patienten- und Eigenbehandlung. \u2022 Gewicht: 25 g \u2022 Holzart: Esche \u2022 Lackierung: Naturholzlack \u2022 L\u00e4nge: 15 cm \u2022 Dm: Gro\u00dfe-Massagekugel: 3 cm \u2013 Kleine-Massagekugel: 2 cm  &nbsp;\" \/>\n<meta property=\"og:url\" content=\"https:\/\/pschick-group.de\/sales\/produkt\/trigger-master-two-mini\/\" \/>\n<meta property=\"og:site_name\" content=\"Pschick Sales\" \/>\n<meta property=\"article:modified_time\" content=\"2021-12-23T09:59:00+00:00\" \/>\n<meta property=\"og:image\" content=\"https:\/\/pschick-group.de\/sales\/wp-content\/uploads\/sites\/31\/2018\/11\/T2.jpg\" \/>\n\t<meta property=\"og:image:width\" content=\"1527\" \/>\n\t<meta property=\"og:image:height\" content=\"1527\" \/>\n<meta name=\"twitter:card\" content=\"summary\" \/>\n<script type=\"application\/ld+json\" class=\"yoast-schema-graph\">{\"@context\":\"https:\/\/schema.org\",\"@graph\":[{\"@type\":\"WebSite\",\"@id\":\"https:\/\/pschick-group.de\/sales\/#website\",\"url\":\"https:\/\/pschick-group.de\/sales\/\",\"name\":\"Pschick Sales\",\"description\":\"Online Shop\",\"potentialAction\":[{\"@type\":\"SearchAction\",\"target\":\"https:\/\/pschick-group.de\/sales\/?s={search_term_string}\",\"query-input\":\"required name=search_term_string\"}],\"inLanguage\":\"de\"},{\"@type\":\"ImageObject\",\"@id\":\"https:\/\/pschick-group.de\/sales\/produkt\/trigger-master-two-mini\/#primaryimage\",\"inLanguage\":\"de\",\"url\":\"https:\/\/pschick-group.de\/sales\/wp-content\/uploads\/sites\/31\/2018\/11\/T2.jpg\",\"width\":1527,\"height\":1527},{\"@type\":\"WebPage\",\"@id\":\"https:\/\/pschick-group.de\/sales\/produkt\/trigger-master-two-mini\/#webpage\",\"url\":\"https:\/\/pschick-group.de\/sales\/produkt\/trigger-master-two-mini\/\",\"name\":\"Trigger Master\\u00ae Two - Mini - Pschick Sales\",\"isPartOf\":{\"@id\":\"https:\/\/pschick-group.de\/sales\/#website\"},\"primaryImageOfPage\":{\"@id\":\"https:\/\/pschick-group.de\/sales\/produkt\/trigger-master-two-mini\/#primaryimage\"},\"datePublished\":\"2018-11-02T09:14:17+00:00\",\"dateModified\":\"2021-12-23T09:59:00+00:00\",\"inLanguage\":\"de\",\"potentialAction\":[{\"@type\":\"ReadAction\",\"target\":[\"https:\/\/pschick-group.de\/sales\/produkt\/trigger-master-two-mini\/\"]}]}]}<\/script>\n<!-- \/ Yoast SEO plugin. -->","_links":{"self":[{"href":"https:\/\/pschick-group.de\/sales\/wp-json\/wp\/v2\/product\/15961"}],"collection":[{"href":"https:\/\/pschick-group.de\/sales\/wp-json\/wp\/v2\/product"}],"about":[{"href":"https:\/\/pschick-group.de\/sales\/wp-json\/wp\/v2\/types\/product"}],"replies":[{"embeddable":true,"href":"https:\/\/pschick-group.de\/sales\/wp-json\/wp\/v2\/comments?post=15961"}],"wp:featuredmedia":[{"embeddable":true,"href":"https:\/\/pschick-group.de\/sales\/wp-json\/wp\/v2\/media\/15851"}],"wp:attachment":[{"href":"https:\/\/pschick-group.de\/sales\/wp-json\/wp\/v2\/media?parent=15961"}],"curies":[{"name":"wp","href":"https:\/\/api.w.org\/{rel}","templated":true}]}}