{"id":15871,"date":"2018-11-02T09:28:41","date_gmt":"2018-11-02T08:28:41","guid":{"rendered":"http:\/\/pschick-group.de\/sales\/?post_type=product&#038;p=15871"},"modified":"2021-12-23T10:58:33","modified_gmt":"2021-12-23T09:58:33","slug":"trigger-master-one-mini","status":"publish","type":"product","link":"https:\/\/pschick-group.de\/sales\/produkt\/trigger-master-one-mini\/","title":{"rendered":"Trigger Master\u00ae One &#8211; Mini"},"content":{"rendered":"","protected":false},"excerpt":{"rendered":"<p>&nbsp;<\/p>\n<p><iframe loading=\"lazy\" src=\"https:\/\/www.youtube.com\/embed\/E62sXtmHb8k\" allowfullscreen=\"allowfullscreen\" width=\"560\" height=\"315\" frameborder=\"0\"><\/iframe><\/p>\n<p><strong>Produktinformationen &#8220;Trigger Master\u00ae One &#8211; Mini&#8221;<\/strong><\/p>\n<p>Der Trigger Master One Mini ist mit seinen 15 cm L\u00e4nge der kleine Bruder vom Original mit 38 cm. Der Mini ist der Spezialist f\u00fcr Akupressur, Faszien- und Muskel-Massage an der HWS den H\u00e4nden, F\u00fc\u00dfen und Kiefer!<br \/>\nImmer wenn es sehr filigran wird, ist der Mini eine super Erg\u00e4nzung. Ein optimales Werkzeug f\u00fcr Therapeuten. Besonders die Massage-Spitze und die Massage-Kugeln sind f\u00fcr Therapeuten der Daumen-Ersatz!<\/p>\n<ul>\n<li>Gewicht: 20 g<\/li>\n<li>Holzart: Esche<\/li>\n<li>Lackierung: Naturholzlack<\/li>\n<li>L\u00e4nge: 15 cm<\/li>\n<li>Dm: Gro\u00dfe-Massagekugel: 3 cm \u2013&nbsp;Kleine-Massagekugel: 2 cm<\/li>\n<\/ul>\n","protected":false},"featured_media":13241,"comment_status":"closed","ping_status":"closed","template":"","meta":{"ngg_post_thumbnail":0},"class_list":["post-15871","product","type-product","status-publish","has-post-thumbnail","hentry","product_cat-tools","product_tag-one-mini","product_tag-trigger","product_shipping_class-standard-artikel"],"yoast_head":"<!-- This site is optimized with the Yoast SEO plugin v15.0 - https:\/\/yoast.com\/wordpress\/plugins\/seo\/ -->\n<title>Trigger Master\u00ae One - Mini - Pschick Sales<\/title>\n<meta name=\"robots\" content=\"index, follow, max-snippet:-1, max-image-preview:large, max-video-preview:-1\" \/>\n<link rel=\"canonical\" href=\"https:\/\/pschick-group.de\/sales\/produkt\/trigger-master-one-mini\/\" \/>\n<meta property=\"og:locale\" content=\"de_DE\" \/>\n<meta property=\"og:type\" content=\"article\" \/>\n<meta property=\"og:title\" content=\"Trigger Master\u00ae One - Mini - Pschick Sales\" \/>\n<meta property=\"og:description\" content=\"&nbsp;    Produktinformationen &quot;Trigger Master\u00ae One - Mini&quot;  Der Trigger Master One Mini ist mit seinen 15 cm L\u00e4nge der kleine Bruder vom Original mit 38 cm. Der Mini ist der Spezialist f\u00fcr Akupressur, Faszien- und Muskel-Massage an der HWS den H\u00e4nden, F\u00fc\u00dfen und Kiefer! Immer wenn es sehr filigran wird, ist der Mini eine super Erg\u00e4nzung. Ein optimales Werkzeug f\u00fcr Therapeuten. Besonders die Massage-Spitze und die Massage-Kugeln sind f\u00fcr Therapeuten der Daumen-Ersatz!   Gewicht: 20 g  Holzart: Esche  Lackierung: Naturholzlack  L\u00e4nge: 15 cm  Dm: Gro\u00dfe-Massagekugel: 3 cm \u2013&nbsp;Kleine-Massagekugel: 2 cm\" \/>\n<meta property=\"og:url\" content=\"https:\/\/pschick-group.de\/sales\/produkt\/trigger-master-one-mini\/\" \/>\n<meta property=\"og:site_name\" content=\"Pschick Sales\" \/>\n<meta property=\"article:modified_time\" content=\"2021-12-23T09:58:33+00:00\" \/>\n<meta property=\"og:image\" content=\"https:\/\/pschick-group.de\/sales\/wp-content\/uploads\/sites\/31\/2017\/11\/T1-leicht-schraeg.929.jpg\" \/>\n\t<meta property=\"og:image:width\" content=\"3001\" \/>\n\t<meta property=\"og:image:height\" content=\"1527\" \/>\n<meta name=\"twitter:card\" content=\"summary\" \/>\n<script type=\"application\/ld+json\" class=\"yoast-schema-graph\">{\"@context\":\"https:\/\/schema.org\",\"@graph\":[{\"@type\":\"WebSite\",\"@id\":\"https:\/\/pschick-group.de\/sales\/#website\",\"url\":\"https:\/\/pschick-group.de\/sales\/\",\"name\":\"Pschick Sales\",\"description\":\"Online Shop\",\"potentialAction\":[{\"@type\":\"SearchAction\",\"target\":\"https:\/\/pschick-group.de\/sales\/?s={search_term_string}\",\"query-input\":\"required name=search_term_string\"}],\"inLanguage\":\"de\"},{\"@type\":\"ImageObject\",\"@id\":\"https:\/\/pschick-group.de\/sales\/produkt\/trigger-master-one-mini\/#primaryimage\",\"inLanguage\":\"de\",\"url\":\"https:\/\/pschick-group.de\/sales\/wp-content\/uploads\/sites\/31\/2017\/11\/T1-leicht-schraeg.929.jpg\",\"width\":3001,\"height\":1527},{\"@type\":\"WebPage\",\"@id\":\"https:\/\/pschick-group.de\/sales\/produkt\/trigger-master-one-mini\/#webpage\",\"url\":\"https:\/\/pschick-group.de\/sales\/produkt\/trigger-master-one-mini\/\",\"name\":\"Trigger Master\\u00ae One - Mini - Pschick Sales\",\"isPartOf\":{\"@id\":\"https:\/\/pschick-group.de\/sales\/#website\"},\"primaryImageOfPage\":{\"@id\":\"https:\/\/pschick-group.de\/sales\/produkt\/trigger-master-one-mini\/#primaryimage\"},\"datePublished\":\"2018-11-02T08:28:41+00:00\",\"dateModified\":\"2021-12-23T09:58:33+00:00\",\"inLanguage\":\"de\",\"potentialAction\":[{\"@type\":\"ReadAction\",\"target\":[\"https:\/\/pschick-group.de\/sales\/produkt\/trigger-master-one-mini\/\"]}]}]}<\/script>\n<!-- \/ Yoast SEO plugin. -->","_links":{"self":[{"href":"https:\/\/pschick-group.de\/sales\/wp-json\/wp\/v2\/product\/15871"}],"collection":[{"href":"https:\/\/pschick-group.de\/sales\/wp-json\/wp\/v2\/product"}],"about":[{"href":"https:\/\/pschick-group.de\/sales\/wp-json\/wp\/v2\/types\/product"}],"replies":[{"embeddable":true,"href":"https:\/\/pschick-group.de\/sales\/wp-json\/wp\/v2\/comments?post=15871"}],"wp:featuredmedia":[{"embeddable":true,"href":"https:\/\/pschick-group.de\/sales\/wp-json\/wp\/v2\/media\/13241"}],"wp:attachment":[{"href":"https:\/\/pschick-group.de\/sales\/wp-json\/wp\/v2\/media?parent=15871"}],"curies":[{"name":"wp","href":"https:\/\/api.w.org\/{rel}","templated":true}]}}