{"id":15811,"date":"2018-11-02T09:06:36","date_gmt":"2018-11-02T08:06:36","guid":{"rendered":"http:\/\/pschick-group.de\/sales\/?post_type=product&#038;p=15811"},"modified":"2021-08-20T10:40:59","modified_gmt":"2021-08-20T08:40:59","slug":"trigger-master-two","status":"publish","type":"product","link":"https:\/\/pschick-group.de\/sales\/produkt\/trigger-master-two\/","title":{"rendered":"Trigger Master\u00ae Two"},"content":{"rendered":"","protected":false},"excerpt":{"rendered":"<p>&nbsp;<\/p>\n<p><iframe loading=\"lazy\" src=\"https:\/\/www.youtube.com\/embed\/E62sXtmHb8k\" allowfullscreen=\"allowfullscreen\" width=\"560\" height=\"315\" frameborder=\"0\"><\/iframe><\/p>\n<p><strong>Produktinformationen &#8220;Trigger Master\u00ae Two&#8221;<\/strong><\/p>\n<p>Der Trigger Master Two \u2022 Ist mit seinen drei Massage-Kugeln, Massageger\u00e4t und Faszienrolle in einem Ger\u00e4t! Der Spezialist f\u00fcr das 3D-Faszientraining, Akupressur sowie Faszien-und Muskel-Massage! Ein optimales Massage und Trainingsger\u00e4t f\u00fcr Selbstanwender!<\/p>\n<p>\u2022 Inkl. Trigger Master Trainings-Tasche<\/p>\n<p><strong>3D Faszien Training mit dem Trigger Master Two<\/strong><br \/>\n\u2022 Isometrisches Krafttraining f\u00fcr Schultern, Arme,<br \/>\n\u2022 Bewegungstraining f\u00fcr die gesamte Wirbels\u00e4ule<br \/>\n\u2022 Bewegungs-und Dehn\u00fcbungen f\u00fcr Hand, Arm und Schultergelenke<br \/>\n\u2022 Dreidimensionales Arm und Rumpftraining<\/p>\n<p>Trigger Master Two<\/p>\n<p>\u2022 Gewicht: 400 g<br \/>\n\u2022 Holzart: Esche<br \/>\n\u2022 Lackierung: Naturholzlack<br \/>\n\u2022 L\u00e4nge: 38 cm<br \/>\nDm: Gro\u00dfe Massagekugel: 7 cm \u2013 Kleine Massagekugel: 5 cm<\/p>\n<p>&nbsp;<\/p>\n<p>&nbsp;<\/p>\n","protected":false},"featured_media":15841,"comment_status":"closed","ping_status":"closed","template":"","meta":{"ngg_post_thumbnail":0},"class_list":["post-15811","product","type-product","status-publish","has-post-thumbnail","hentry","product_cat-tools","product_tag-trigger","product_tag-trigger-two","product_shipping_class-standard-artikel"],"yoast_head":"<!-- This site is optimized with the Yoast SEO plugin v15.0 - https:\/\/yoast.com\/wordpress\/plugins\/seo\/ -->\n<title>Trigger Master\u00ae Two - Pschick Sales<\/title>\n<meta name=\"robots\" content=\"index, follow, max-snippet:-1, max-image-preview:large, max-video-preview:-1\" \/>\n<link rel=\"canonical\" href=\"https:\/\/pschick-group.de\/sales\/produkt\/trigger-master-two\/\" \/>\n<meta property=\"og:locale\" content=\"de_DE\" \/>\n<meta property=\"og:type\" content=\"article\" \/>\n<meta property=\"og:title\" content=\"Trigger Master\u00ae Two - Pschick Sales\" \/>\n<meta property=\"og:description\" content=\"&nbsp;    Produktinformationen &quot;Trigger Master\u00ae Two&quot;  Der Trigger Master Two \u2022 Ist mit seinen drei Massage-Kugeln, Massageger\u00e4t und Faszienrolle in einem Ger\u00e4t! Der Spezialist f\u00fcr das 3D-Faszientraining, Akupressur sowie Faszien-und Muskel-Massage! Ein optimales Massage und Trainingsger\u00e4t f\u00fcr Selbstanwender!  \u2022 Inkl. Trigger Master Trainings-Tasche  3D Faszien Training mit dem Trigger Master Two \u2022 Isometrisches Krafttraining f\u00fcr Schultern, Arme, \u2022 Bewegungstraining f\u00fcr die gesamte Wirbels\u00e4ule \u2022 Bewegungs-und Dehn\u00fcbungen f\u00fcr Hand, Arm und Schultergelenke \u2022 Dreidimensionales Arm und Rumpftraining  Trigger Master Two  \u2022 Gewicht: 400 g \u2022 Holzart: Esche \u2022 Lackierung: Naturholzlack \u2022 L\u00e4nge: 38 cm Dm: Gro\u00dfe Massagekugel: 7 cm \u2013 Kleine Massagekugel: 5 cm  &nbsp;  &nbsp;\" \/>\n<meta property=\"og:url\" content=\"https:\/\/pschick-group.de\/sales\/produkt\/trigger-master-two\/\" \/>\n<meta property=\"og:site_name\" content=\"Pschick Sales\" \/>\n<meta property=\"article:modified_time\" content=\"2021-08-20T08:40:59+00:00\" \/>\n<meta property=\"og:image\" content=\"https:\/\/pschick-group.de\/sales\/wp-content\/uploads\/sites\/31\/2018\/11\/T2.975.jpg\" \/>\n\t<meta property=\"og:image:width\" content=\"3001\" \/>\n\t<meta property=\"og:image:height\" content=\"1527\" \/>\n<meta name=\"twitter:card\" content=\"summary\" \/>\n<script type=\"application\/ld+json\" class=\"yoast-schema-graph\">{\"@context\":\"https:\/\/schema.org\",\"@graph\":[{\"@type\":\"WebSite\",\"@id\":\"https:\/\/pschick-group.de\/sales\/#website\",\"url\":\"https:\/\/pschick-group.de\/sales\/\",\"name\":\"Pschick Sales\",\"description\":\"Online Shop\",\"potentialAction\":[{\"@type\":\"SearchAction\",\"target\":\"https:\/\/pschick-group.de\/sales\/?s={search_term_string}\",\"query-input\":\"required name=search_term_string\"}],\"inLanguage\":\"de\"},{\"@type\":\"ImageObject\",\"@id\":\"https:\/\/pschick-group.de\/sales\/produkt\/trigger-master-two\/#primaryimage\",\"inLanguage\":\"de\",\"url\":\"https:\/\/pschick-group.de\/sales\/wp-content\/uploads\/sites\/31\/2018\/11\/T2.975.jpg\",\"width\":3001,\"height\":1527},{\"@type\":\"WebPage\",\"@id\":\"https:\/\/pschick-group.de\/sales\/produkt\/trigger-master-two\/#webpage\",\"url\":\"https:\/\/pschick-group.de\/sales\/produkt\/trigger-master-two\/\",\"name\":\"Trigger Master\\u00ae Two - Pschick Sales\",\"isPartOf\":{\"@id\":\"https:\/\/pschick-group.de\/sales\/#website\"},\"primaryImageOfPage\":{\"@id\":\"https:\/\/pschick-group.de\/sales\/produkt\/trigger-master-two\/#primaryimage\"},\"datePublished\":\"2018-11-02T08:06:36+00:00\",\"dateModified\":\"2021-08-20T08:40:59+00:00\",\"inLanguage\":\"de\",\"potentialAction\":[{\"@type\":\"ReadAction\",\"target\":[\"https:\/\/pschick-group.de\/sales\/produkt\/trigger-master-two\/\"]}]}]}<\/script>\n<!-- \/ Yoast SEO plugin. -->","_links":{"self":[{"href":"https:\/\/pschick-group.de\/sales\/wp-json\/wp\/v2\/product\/15811"}],"collection":[{"href":"https:\/\/pschick-group.de\/sales\/wp-json\/wp\/v2\/product"}],"about":[{"href":"https:\/\/pschick-group.de\/sales\/wp-json\/wp\/v2\/types\/product"}],"replies":[{"embeddable":true,"href":"https:\/\/pschick-group.de\/sales\/wp-json\/wp\/v2\/comments?post=15811"}],"wp:featuredmedia":[{"embeddable":true,"href":"https:\/\/pschick-group.de\/sales\/wp-json\/wp\/v2\/media\/15841"}],"wp:attachment":[{"href":"https:\/\/pschick-group.de\/sales\/wp-json\/wp\/v2\/media?parent=15811"}],"curies":[{"name":"wp","href":"https:\/\/api.w.org\/{rel}","templated":true}]}}