{"id":13231,"date":"2017-11-24T09:19:41","date_gmt":"2017-11-24T08:19:41","guid":{"rendered":"http:\/\/pschick-group.de\/sales\/?post_type=product&#038;p=13231"},"modified":"2021-07-25T00:00:18","modified_gmt":"2021-07-24T22:00:18","slug":"trigger-master-one","status":"publish","type":"product","link":"https:\/\/pschick-group.de\/sales\/produkt\/trigger-master-one\/","title":{"rendered":"Trigger Master One\u00ae"},"content":{"rendered":"","protected":false},"excerpt":{"rendered":"<p>&nbsp;<\/p>\n<p><strong>Produktinformationen &#8220;Trigger Master One\u00ae&#8221;<\/strong><\/p>\n<p><iframe loading=\"lazy\" src=\"https:\/\/www.youtube.com\/embed\/E62sXtmHb8k\" allowfullscreen=\"allowfullscreen\" width=\"560\" height=\"315\" frameborder=\"0\"><\/iframe><\/p>\n<p>Der Spezialist f\u00fcr Akupressur, Faszien- und Muskel-Massage!<\/p>\n<p>Der Trigger Master One \u2022 Ist mit seiner Massage-Spitze und zwei Massage-Kugeln der Spezialist f\u00fcr Akupressur, Faszien- und Muskel-Massage! Ein optimales Werkzeug f\u00fcr Therapeuten und Selbstanwender. Besonders die Massage-Spitze und die Massage-Kugeln sind f\u00fcr Therapeuten der Daumen-Ersatz! Die zahlreichen Massagekanten an den Kugeln erm\u00f6glichen tiefe Friktionen, Druck- und Verschiebetechniken bei der Patienten- und Eigenbehandlung. Somit erreichen Sie im Handumdrehen Ihre Therapieziele.<\/p>\n<p>Der Trigger Master:<\/p>\n<ul>\n<li style=\"text-align: left;\">erm\u00f6glicht in einem Ger\u00e4t eine Selbst- und Patientenbehandlung von Kopf bis Fu\u00df<\/li>\n<li style=\"text-align: left;\">verringert mittels Hebelkraft den Kraftaufwand bei der Massage und Akupressur<\/li>\n<li style=\"text-align: left;\">kann mit sehr wenig Fingerkraft bei der Massagebehandlung festgehalten werden<\/li>\n<li style=\"text-align: left;\">erlaubt durch die entspannten Finger ein Tasten und F\u00fchlen der Gewebespannung \u00fcber das Ger\u00e4t.<br \/>\nDer Trigger Master ist daher mit etwas \u00dcbung f\u00fcr die Diagnose geeignet.<\/li>\n<li style=\"text-align: left;\">erm\u00f6glicht eine aufrechte und abwechslungsreiche K\u00f6rperhaltung bei der Behandlung<\/li>\n<li style=\"text-align: left;\">erh\u00f6ht dank seiner Vielfalt an Griffm\u00f6glichkeiten, die Auswahl an Behandlungstechniken<\/li>\n<li style=\"text-align: left;\">erlaubt dem Therapeuten kreativ zu werden und seine eigenen Techniken zu nutzen<\/li>\n<li style=\"text-align: left;\">ist per Handw\u00e4sche oder Desinfektion einfach zu reinigen<\/li>\n<li style=\"text-align: left;\">ist zu 100% made in Germany<\/li>\n<\/ul>\n<p style=\"text-align: left;\"><strong>Entlastet die H\u00e4nde bei der Behandlung<\/strong><\/p>\n<p>Die ergonomische Form entlastet die H\u00e4nde in der Behandlung, weil man den Trigger Master&nbsp; mit sehr wenig Kraft festhalten kann. Dieser Vorteil ist nicht zu untersch\u00e4tzen, da man davon ausgehen kann, dass eine h\u00e4ufige Faustbildung bzw. der Pinzettengriff, die beim Einsatz von kleinen Massagehilfen notwendig sind, die Finger und Handgelenke mehr belastet, als wenn sie nahezu entspannt sind. Mit entspannten H\u00e4nden f\u00fchlt man mehr!<\/p>\n<p><strong>Wirkt \u00fcber Hebelkr\u00e4fte als Kraftverst\u00e4rker<\/strong><\/p>\n<p>Fl\u00e4chige, kraftvolle und punktuelle Behandlungs-Techniken sind effektiver, wenn die Intensit\u00e4t stimmt. Weil der Trigger Master \u00fcber Hebelkr\u00e4fte wie ein Kraftverst\u00e4rker funktioniert, wandelt sich das Gewicht der Arme und des K\u00f6rpers in Arbeitskraft um. Die Arbeitsentlastung erlaubt durch die entspannten Finger, ein Tasten und F\u00fchlen der Gewebespannung \u00fcber das Ger\u00e4t. Der Trigger Master ist daher mit etwas \u00dcbung f\u00fcr die Diagnose von Bindegewebsverklebungen geeignet.<\/p>\n<p><strong>Erm\u00f6glicht eine aufrechte, angenehme Arbeitshaltung<\/strong><\/p>\n<p>Besonders bei Druck-, Zug- und Verschiebetechniken kommt die Arbeitskraft mit dem Trigger Master aus dem gesamten K\u00f6rper. Dabei wird die Kraft aus den Beinen und dem Rumpf unter anderem \u00fcber die Faszienketten in die Massage \u00fcbertragen. Die aufrechte K\u00f6rperhaltung und die einfache Handhabung mit beiden H\u00e4nden bringt mehr Dynamik in die Therapie und macht aus einer Arbeitshaltung eine Arbeitsbewegung.<\/p>\n<p><strong>Wirkt wie ein Bewegungstraining f\u00fcr den Therapeuten<\/strong><\/p>\n<p>Dank der Gr\u00f6\u00dfe vom Trigger Master arbeitet man bei vielen Techniken mit beiden H\u00e4nden und Armen. Daher wirkt die Behandlung mit dem Trigger Master wie ein Bewegungstraining. Man wird nahezu dazu getriggert die Arbeitskraft mehr aus dem ganzen K\u00f6rper und vor allem aus den Beinen und dem Rumpf zu nutzen. Relativ schnell ergibt sich daraus eine kombinierte Bewegung der Oberen-Extremit\u00e4t, Rumpf und der Unteren-Extremit\u00e4t. Der behandelnde Therapeut mobilisiert daher \u00fcber Rotationsbewegungen w\u00e4hrend der Anwendung seine Wirbels\u00e4ule. Nutzt man bei der Massage mit beiden Armen den Hin und R\u00fcckweg, entsteht aus der Massagebewegung eine Selbstmobilisation der Wirbels\u00e4ule und des zugeh\u00f6rigen Myofaszialen-Systems. Zudem wird die Muskelvenenpumpe \u00fcber die Beine aktiviert, was zus\u00e4tzlich einen pr\u00e4ventiven Schutzeffekt bei einem Steharbeitsplatz besitzt!<\/p>\n<p>\u2022 Gewicht: 300 g<br \/>\n\u2022 Holzart: Esche<br \/>\n\u2022 Lackierung: Naturholzlack<br \/>\n\u2022 L\u00e4nge: 38 cm<br \/>\n\u2022 Durchmesser: gro\u00dfe Massagekugel: 7 cm kleine Massagekugel: 5 cm<\/p>\n","protected":false},"featured_media":13241,"comment_status":"closed","ping_status":"closed","template":"","meta":{"ngg_post_thumbnail":0},"class_list":["post-13231","product","type-product","status-publish","has-post-thumbnail","hentry","product_cat-tools","product_tag-trigger","product_shipping_class-standard-artikel"],"yoast_head":"<!-- This site is optimized with the Yoast SEO plugin v15.0 - https:\/\/yoast.com\/wordpress\/plugins\/seo\/ -->\n<title>Trigger Master One\u00ae - Pschick Sales<\/title>\n<meta name=\"robots\" content=\"index, follow, max-snippet:-1, max-image-preview:large, max-video-preview:-1\" \/>\n<link rel=\"canonical\" href=\"https:\/\/pschick-group.de\/sales\/produkt\/trigger-master-one\/\" \/>\n<meta property=\"og:locale\" content=\"de_DE\" \/>\n<meta property=\"og:type\" content=\"article\" \/>\n<meta property=\"og:title\" content=\"Trigger Master One\u00ae - Pschick Sales\" \/>\n<meta property=\"og:description\" content=\"&nbsp;  Produktinformationen &quot;Trigger Master One\u00ae&quot;    Der Spezialist f\u00fcr Akupressur, Faszien- und Muskel-Massage!  Der Trigger Master One \u2022 Ist mit seiner Massage-Spitze und zwei Massage-Kugeln der Spezialist f\u00fcr Akupressur, Faszien- und Muskel-Massage! Ein optimales Werkzeug f\u00fcr Therapeuten und Selbstanwender. Besonders die Massage-Spitze und die Massage-Kugeln sind f\u00fcr Therapeuten der Daumen-Ersatz! Die zahlreichen Massagekanten an den Kugeln erm\u00f6glichen tiefe Friktionen, Druck- und Verschiebetechniken bei der Patienten- und Eigenbehandlung. Somit erreichen Sie im Handumdrehen Ihre Therapieziele.  Der Trigger Master:   erm\u00f6glicht in einem Ger\u00e4t eine Selbst- und Patientenbehandlung von Kopf bis Fu\u00df  verringert mittels Hebelkraft den Kraftaufwand bei der Massage und Akupressur  kann mit sehr wenig Fingerkraft bei der Massagebehandlung festgehalten werden  erlaubt durch die entspannten Finger ein Tasten und F\u00fchlen der Gewebespannung \u00fcber das Ger\u00e4t. Der Trigger Master ist daher mit etwas \u00dcbung f\u00fcr die Diagnose geeignet.  erm\u00f6glicht eine aufrechte und abwechslungsreiche K\u00f6rperhaltung bei der Behandlung  erh\u00f6ht dank seiner Vielfalt an Griffm\u00f6glichkeiten, die Auswahl an Behandlungstechniken  erlaubt dem Therapeuten kreativ zu werden und seine eigenen Techniken zu nutzen  ist per Handw\u00e4sche oder Desinfektion einfach zu reinigen  ist zu 100% made in Germany  Entlastet die H\u00e4nde bei der Behandlung Die ergonomische Form entlastet die H\u00e4nde in der Behandlung, weil man den Trigger Master&nbsp; mit sehr wenig Kraft festhalten kann. Dieser Vorteil ist nicht zu untersch\u00e4tzen, da man davon ausgehen kann, dass eine h\u00e4ufige Faustbildung bzw. der Pinzettengriff, die beim Einsatz von kleinen Massagehilfen notwendig sind, die Finger und Handgelenke mehr belastet, als wenn sie nahezu entspannt sind. Mit entspannten H\u00e4nden f\u00fchlt man mehr!  Wirkt \u00fcber Hebelkr\u00e4fte als Kraftverst\u00e4rker  Fl\u00e4chige, kraftvolle und punktuelle Behandlungs-Techniken sind effektiver, wenn die Intensit\u00e4t stimmt. Weil der Trigger Master \u00fcber Hebelkr\u00e4fte wie ein Kraftverst\u00e4rker funktioniert, wandelt sich das Gewicht der Arme und des K\u00f6rpers in Arbeitskraft um. Die Arbeitsentlastung erlaubt durch die entspannten Finger, ein Tasten und F\u00fchlen der Gewebespannung \u00fcber das Ger\u00e4t. Der Trigger Master ist daher mit etwas \u00dcbung f\u00fcr die Diagnose von Bindegewebsverklebungen geeignet.  Erm\u00f6glicht eine aufrechte, angenehme Arbeitshaltung  Besonders bei Druck-, Zug- und Verschiebetechniken kommt die Arbeitskraft mit dem Trigger Master aus dem gesamten K\u00f6rper. Dabei wird die Kraft aus den Beinen und dem Rumpf unter anderem \u00fcber die Faszienketten in die Massage \u00fcbertragen. Die aufrechte K\u00f6rperhaltung und die einfache Handhabung mit beiden H\u00e4nden bringt mehr Dynamik in die Therapie und macht aus einer Arbeitshaltung eine Arbeitsbewegung.  Wirkt wie ein Bewegungstraining f\u00fcr den Therapeuten  Dank der Gr\u00f6\u00dfe vom Trigger Master arbeitet man bei vielen Techniken mit beiden H\u00e4nden und Armen. Daher wirkt die Behandlung mit dem Trigger Master wie ein Bewegungstraining. Man wird nahezu dazu getriggert die Arbeitskraft mehr aus dem ganzen K\u00f6rper und vor allem aus den Beinen und dem Rumpf zu nutzen. Relativ schnell ergibt sich daraus eine kombinierte Bewegung der Oberen-Extremit\u00e4t, Rumpf und der Unteren-Extremit\u00e4t. Der behandelnde Therapeut mobilisiert daher \u00fcber Rotationsbewegungen w\u00e4hrend der Anwendung seine Wirbels\u00e4ule. Nutzt man bei der Massage mit beiden Armen den Hin und R\u00fcckweg, entsteht aus der Massagebewegung eine Selbstmobilisation der Wirbels\u00e4ule und des zugeh\u00f6rigen Myofaszialen-Systems. Zudem wird die Muskelvenenpumpe \u00fcber die Beine aktiviert, was zus\u00e4tzlich einen pr\u00e4ventiven Schutzeffekt bei einem Steharbeitsplatz besitzt!  \u2022 Gewicht: 300 g \u2022 Holzart: Esche \u2022 Lackierung: Naturholzlack \u2022 L\u00e4nge: 38 cm \u2022 Durchmesser: gro\u00dfe Massagekugel: 7 cm kleine Massagekugel: 5 cm\" \/>\n<meta property=\"og:url\" content=\"https:\/\/pschick-group.de\/sales\/produkt\/trigger-master-one\/\" \/>\n<meta property=\"og:site_name\" content=\"Pschick Sales\" \/>\n<meta property=\"article:modified_time\" content=\"2021-07-24T22:00:18+00:00\" \/>\n<meta property=\"og:image\" content=\"https:\/\/pschick-group.de\/sales\/wp-content\/uploads\/sites\/31\/2017\/11\/T1-leicht-schraeg.929.jpg\" \/>\n\t<meta property=\"og:image:width\" content=\"3001\" \/>\n\t<meta property=\"og:image:height\" content=\"1527\" \/>\n<meta name=\"twitter:card\" content=\"summary\" \/>\n<script type=\"application\/ld+json\" class=\"yoast-schema-graph\">{\"@context\":\"https:\/\/schema.org\",\"@graph\":[{\"@type\":\"WebSite\",\"@id\":\"https:\/\/pschick-group.de\/sales\/#website\",\"url\":\"https:\/\/pschick-group.de\/sales\/\",\"name\":\"Pschick Sales\",\"description\":\"Online Shop\",\"potentialAction\":[{\"@type\":\"SearchAction\",\"target\":\"https:\/\/pschick-group.de\/sales\/?s={search_term_string}\",\"query-input\":\"required name=search_term_string\"}],\"inLanguage\":\"de\"},{\"@type\":\"ImageObject\",\"@id\":\"https:\/\/pschick-group.de\/sales\/produkt\/trigger-master-one\/#primaryimage\",\"inLanguage\":\"de\",\"url\":\"https:\/\/pschick-group.de\/sales\/wp-content\/uploads\/sites\/31\/2017\/11\/T1-leicht-schraeg.929.jpg\",\"width\":3001,\"height\":1527},{\"@type\":\"WebPage\",\"@id\":\"https:\/\/pschick-group.de\/sales\/produkt\/trigger-master-one\/#webpage\",\"url\":\"https:\/\/pschick-group.de\/sales\/produkt\/trigger-master-one\/\",\"name\":\"Trigger Master One\\u00ae - Pschick Sales\",\"isPartOf\":{\"@id\":\"https:\/\/pschick-group.de\/sales\/#website\"},\"primaryImageOfPage\":{\"@id\":\"https:\/\/pschick-group.de\/sales\/produkt\/trigger-master-one\/#primaryimage\"},\"datePublished\":\"2017-11-24T08:19:41+00:00\",\"dateModified\":\"2021-07-24T22:00:18+00:00\",\"inLanguage\":\"de\",\"potentialAction\":[{\"@type\":\"ReadAction\",\"target\":[\"https:\/\/pschick-group.de\/sales\/produkt\/trigger-master-one\/\"]}]}]}<\/script>\n<!-- \/ Yoast SEO plugin. -->","_links":{"self":[{"href":"https:\/\/pschick-group.de\/sales\/wp-json\/wp\/v2\/product\/13231"}],"collection":[{"href":"https:\/\/pschick-group.de\/sales\/wp-json\/wp\/v2\/product"}],"about":[{"href":"https:\/\/pschick-group.de\/sales\/wp-json\/wp\/v2\/types\/product"}],"replies":[{"embeddable":true,"href":"https:\/\/pschick-group.de\/sales\/wp-json\/wp\/v2\/comments?post=13231"}],"wp:featuredmedia":[{"embeddable":true,"href":"https:\/\/pschick-group.de\/sales\/wp-json\/wp\/v2\/media\/13241"}],"wp:attachment":[{"href":"https:\/\/pschick-group.de\/sales\/wp-json\/wp\/v2\/media?parent=13231"}],"curies":[{"name":"wp","href":"https:\/\/api.w.org\/{rel}","templated":true}]}}