{"id":20,"date":"2013-09-17T10:57:41","date_gmt":"2013-09-17T10:57:41","guid":{"rendered":"http:\/\/localhost\/wordpress\/flat-theme\/?page_id=2"},"modified":"2024-09-17T13:41:23","modified_gmt":"2024-09-17T11:41:23","slug":"sample-page-2","status":"publish","type":"page","link":"https:\/\/pschick-group.de\/pw\/","title":{"rendered":"Startseite"},"content":{"rendered":"<section id=testimonial class=\"alizarin\"><div class=\"container\"><\/p>\n<p>&nbsp;<\/p>\n<h2 style=\"text-align: center;\">Herzlich Willkommen in der Privatpraxis f\u00fcr Physiotherapie in Wenzenbach<\/h2>\n<p>&nbsp;<\/p>\n<h4>Unser Credo<\/h4>\n<p class=\"fliesstext\">Umfassende Befunderhebung und Beratung ist der erste Schritt zu einer erfolgreichen Behandlung.<\/p>\n<p class=\"fliesstext\">In exclusiver Atmosph\u00e4re werden Sie intensiv und fachkundig physiotherapeutisch und manualtherapeutisch betreut und beraten.<\/p>\n<p>Aufgrund der Zulassung als &#8222;Sektoraler Heilpraktiker f\u00fcr Physiotherapie&#8220; k\u00f6nnen Sie auch ohne vorheriger \u00e4rztlicher Untersuchung bei uns behandelt werden.<\/p>\n<p>&nbsp;<\/p>\n<p class=\"fliesstext\"><strong>Unser Leistungsspektrum<\/strong><\/p>\n<ul>\n<li>Krankengymnastik<\/li>\n<li>Sportphysiotherapie Lizenz DOSB<\/li>\n<li>Manuelle Therapie<\/li>\n<li>Tapeverb\u00e4nde<\/li>\n<li>Kiefergelenksbehandlung<\/li>\n<li>Ultraschall<\/li>\n<li>Atlastherapie<\/li>\n<li>PST &#8211; KinesiologyTaping<\/li>\n<li>Funktionelle Schuheinlagen vom Physiotherapeuten<\/li>\n<li>und vieles mehr&#8230;<\/li>\n<\/ul>\n<p><div class=\"clearfix divider-md \"><\/div>  <div class=\"row\">\n        <\/div>\n    <\/div><\/section>\n","protected":false},"excerpt":{"rendered":"","protected":false},"author":1,"featured_media":0,"parent":0,"menu_order":0,"comment_status":"open","ping_status":"closed","template":"page-frontpage.php","meta":{"ngg_post_thumbnail":0,"footnotes":""},"class_list":["post-20","page","type-page","status-publish","hentry"],"yoast_head":"<!-- This site is optimized with the Yoast SEO plugin v15.0 - https:\/\/yoast.com\/wordpress\/plugins\/seo\/ -->\n<meta name=\"robots\" content=\"index, follow, max-snippet:-1, max-image-preview:large, max-video-preview:-1\" \/>\n<link rel=\"canonical\" href=\"https:\/\/pschick-group.de\/pw\/\" \/>\n<meta property=\"og:locale\" content=\"de_DE\" \/>\n<meta property=\"og:type\" content=\"article\" \/>\n<meta property=\"og:title\" content=\"Startseite - Privatpraxis Wenzenbach\" \/>\n<meta property=\"og:url\" content=\"https:\/\/pschick-group.de\/pw\/\" \/>\n<meta property=\"og:site_name\" content=\"Privatpraxis Wenzenbach\" \/>\n<meta property=\"article:modified_time\" content=\"2024-09-17T11:41:23+00:00\" \/>\n<meta name=\"twitter:card\" content=\"summary\" \/>\n<script type=\"application\/ld+json\" class=\"yoast-schema-graph\">{\"@context\":\"https:\/\/schema.org\",\"@graph\":[{\"@type\":\"WebSite\",\"@id\":\"https:\/\/pschick-group.de\/pw\/#website\",\"url\":\"https:\/\/pschick-group.de\/pw\/\",\"name\":\"Privatpraxis Wenzenbach\",\"description\":\"Eine weitere Pschick Group Seiten Website\",\"potentialAction\":[{\"@type\":\"SearchAction\",\"target\":\"https:\/\/pschick-group.de\/pw\/?s={search_term_string}\",\"query-input\":\"required name=search_term_string\"}],\"inLanguage\":\"de\"},{\"@type\":\"WebPage\",\"@id\":\"https:\/\/pschick-group.de\/pw\/#webpage\",\"url\":\"https:\/\/pschick-group.de\/pw\/\",\"name\":\"Startseite - Privatpraxis Wenzenbach\",\"isPartOf\":{\"@id\":\"https:\/\/pschick-group.de\/pw\/#website\"},\"datePublished\":\"2013-09-17T10:57:41+00:00\",\"dateModified\":\"2024-09-17T11:41:23+00:00\",\"inLanguage\":\"de\",\"potentialAction\":[{\"@type\":\"ReadAction\",\"target\":[\"https:\/\/pschick-group.de\/pw\/\"]}]}]}<\/script>\n<!-- \/ Yoast SEO plugin. -->","_links":{"self":[{"href":"https:\/\/pschick-group.de\/pw\/wp-json\/wp\/v2\/pages\/20"}],"collection":[{"href":"https:\/\/pschick-group.de\/pw\/wp-json\/wp\/v2\/pages"}],"about":[{"href":"https:\/\/pschick-group.de\/pw\/wp-json\/wp\/v2\/types\/page"}],"author":[{"embeddable":true,"href":"https:\/\/pschick-group.de\/pw\/wp-json\/wp\/v2\/users\/1"}],"replies":[{"embeddable":true,"href":"https:\/\/pschick-group.de\/pw\/wp-json\/wp\/v2\/comments?post=20"}],"version-history":[{"count":13,"href":"https:\/\/pschick-group.de\/pw\/wp-json\/wp\/v2\/pages\/20\/revisions"}],"predecessor-version":[{"id":1714,"href":"https:\/\/pschick-group.de\/pw\/wp-json\/wp\/v2\/pages\/20\/revisions\/1714"}],"wp:attachment":[{"href":"https:\/\/pschick-group.de\/pw\/wp-json\/wp\/v2\/media?parent=20"}],"curies":[{"name":"wp","href":"https:\/\/api.w.org\/{rel}","templated":true}]}}