{"id":941,"date":"2015-09-23T20:56:22","date_gmt":"2015-09-23T18:56:22","guid":{"rendered":"http:\/\/pschick-group.de\/paw\/?page_id=941"},"modified":"2019-08-20T15:53:33","modified_gmt":"2019-08-20T13:53:33","slug":"veranstaltungen","status":"publish","type":"page","link":"https:\/\/pschick-group.de\/paw\/veranstaltungen\/","title":{"rendered":"Veranstaltungen"},"content":{"rendered":"<h2>Orthop\u00e4dische R\u00fcckenschule &#8211; Das Konzept der neuen Generation<\/h2>\n<p><b>Info:<\/b><br \/>\nEin orthop\u00e4dische R\u00fcckenschule unter Einflu\u00df neuester Therapiekonzepte und neuester medizinischer Erkenntnisse.<br \/>\n<br \/>\n<b>Leitung:<\/b><br \/>\nTeam Gesundheitszentrum Obertraubling<br \/>\n<br \/>\n<b>Termine:<\/b><br \/>\nObertraubling: Termin auf Anfrage<br \/>\n<br \/>\n<b>Preis:<\/b><br \/>\nAuf Anfrage (bis zu 80 % Kosten\u00fcbernahme von vielen Krankenkassen !!!).<\/p>\n<p><\/p>\n<hr>\n<h2>Wirbels\u00e4ulengymnastik Navigationspfeil<\/h2>\n<p><b>Info:<\/b><br \/>\nTrainieren Sie Ihre Bauch- und R\u00fcckenmuskulatur mit Hilfe von Pezziball, Theraband und Gymnastikmatte!<br \/>\n<br \/>\n<b>Leitung:<\/b><br \/>\nTeam Gesundheitszentrum Obertraubling<br \/>\n<br \/>\n<b>Termine:<\/b><br \/>\nObertraubling: Termin auf Anfrage<br \/>\n<br \/>\n<b>Preis:<\/b><br \/>\nauf Anfrage (bis zu 80 % Kosten\u00fcbernahme von vielen Krankenkassen !!!)<\/p>\n","protected":false},"excerpt":{"rendered":"<p> [&hellip;]<\/p>\n","protected":false},"author":1,"featured_media":0,"parent":0,"menu_order":0,"comment_status":"closed","ping_status":"closed","template":"","meta":{"ngg_post_thumbnail":0,"footnotes":""},"class_list":["post-941","page","type-page","status-publish","hentry"],"yoast_head":"<!-- This site is optimized with the Yoast SEO plugin v15.0 - https:\/\/yoast.com\/wordpress\/plugins\/seo\/ -->\n<meta name=\"robots\" content=\"index, follow, max-snippet:-1, max-image-preview:large, max-video-preview:-1\" \/>\n<link rel=\"canonical\" href=\"https:\/\/pschick-group.de\/paw\/veranstaltungen\/\" \/>\n<meta property=\"og:locale\" content=\"de_DE\" \/>\n<meta property=\"og:type\" content=\"article\" \/>\n<meta property=\"og:title\" content=\"Veranstaltungen - Praxis am Westend\" \/>\n<meta property=\"og:description\" content=\"[&hellip;]\" \/>\n<meta property=\"og:url\" content=\"https:\/\/pschick-group.de\/paw\/veranstaltungen\/\" \/>\n<meta property=\"og:site_name\" content=\"Praxis am Westend\" \/>\n<meta property=\"article:modified_time\" content=\"2019-08-20T13:53:33+00:00\" \/>\n<meta name=\"twitter:card\" content=\"summary\" \/>\n<script type=\"application\/ld+json\" class=\"yoast-schema-graph\">{\"@context\":\"https:\/\/schema.org\",\"@graph\":[{\"@type\":\"WebSite\",\"@id\":\"https:\/\/pschick-group.de\/paw\/#website\",\"url\":\"https:\/\/pschick-group.de\/paw\/\",\"name\":\"Praxis am Westend\",\"description\":\"Eine weitere Pschick Group Seiten Website\",\"potentialAction\":[{\"@type\":\"SearchAction\",\"target\":\"https:\/\/pschick-group.de\/paw\/?s={search_term_string}\",\"query-input\":\"required name=search_term_string\"}],\"inLanguage\":\"de\"},{\"@type\":\"WebPage\",\"@id\":\"https:\/\/pschick-group.de\/paw\/veranstaltungen\/#webpage\",\"url\":\"https:\/\/pschick-group.de\/paw\/veranstaltungen\/\",\"name\":\"Veranstaltungen - Praxis am Westend\",\"isPartOf\":{\"@id\":\"https:\/\/pschick-group.de\/paw\/#website\"},\"datePublished\":\"2015-09-23T18:56:22+00:00\",\"dateModified\":\"2019-08-20T13:53:33+00:00\",\"inLanguage\":\"de\",\"potentialAction\":[{\"@type\":\"ReadAction\",\"target\":[\"https:\/\/pschick-group.de\/paw\/veranstaltungen\/\"]}]}]}<\/script>\n<!-- \/ Yoast SEO plugin. -->","_links":{"self":[{"href":"https:\/\/pschick-group.de\/paw\/wp-json\/wp\/v2\/pages\/941"}],"collection":[{"href":"https:\/\/pschick-group.de\/paw\/wp-json\/wp\/v2\/pages"}],"about":[{"href":"https:\/\/pschick-group.de\/paw\/wp-json\/wp\/v2\/types\/page"}],"author":[{"embeddable":true,"href":"https:\/\/pschick-group.de\/paw\/wp-json\/wp\/v2\/users\/1"}],"replies":[{"embeddable":true,"href":"https:\/\/pschick-group.de\/paw\/wp-json\/wp\/v2\/comments?post=941"}],"version-history":[{"count":4,"href":"https:\/\/pschick-group.de\/paw\/wp-json\/wp\/v2\/pages\/941\/revisions"}],"predecessor-version":[{"id":4221,"href":"https:\/\/pschick-group.de\/paw\/wp-json\/wp\/v2\/pages\/941\/revisions\/4221"}],"wp:attachment":[{"href":"https:\/\/pschick-group.de\/paw\/wp-json\/wp\/v2\/media?parent=941"}],"curies":[{"name":"wp","href":"https:\/\/api.w.org\/{rel}","templated":true}]}}