{"id":1001,"date":"2015-09-23T20:58:24","date_gmt":"2015-09-23T18:58:24","guid":{"rendered":"http:\/\/pschick-group.de\/paw\/?page_id=1001"},"modified":"2015-10-02T20:13:28","modified_gmt":"2015-10-02T18:13:28","slug":"basketball-physios","status":"publish","type":"page","link":"https:\/\/pschick-group.de\/paw\/basketball-physios\/","title":{"rendered":"Basketball &#8211; Physios"},"content":{"rendered":"<table>\n<tbody>\n<tr>\n<td>\n<h4><span style=\"color: #333399;\"><strong>Die Basketball \u2013 Physios<\/strong><\/span><\/h4>\n<p><strong>Sportphysiotherapie im Basketball:<\/strong><\/td>\n<td width=\"50\"><\/td>\n<td><img loading=\"lazy\" decoding=\"async\" src=\"https:\/\/pschick-group.de\/paw\/wp-content\/uploads\/sites\/41\/2015\/10\/ball.gif\" alt=\"\" width=\"65\" height=\"66\" \/><\/td>\n<\/tr>\n<\/tbody>\n<\/table>\n<p>Unser Team hat sich in den letzten Jahren auf die Bertreuung und Behandlung von Basketballer\/-innen aller Leistungsebenen spezialisiert.<\/p>\n<p><b>Therapiestandorte:<\/b><\/p>\n<ul>\n<li><a href=\"std_page.php?id=141&amp;nav=144&amp;nav1=202\">Gesundheitszentrum &#8211; Obertraubling<\/a><a href=\"http:\/\/www.robert-schuhbeck.de\/\" target=\"_blank\"><br \/>\n<\/a><\/li>\n<li><a href=\"std_page.php?id=234&amp;nav=205\">Villa Medica &#8211; Dingolfing<\/a><a href=\"http:\/\/www.robert-schuhbeck.de\/\" target=\"_blank\"><br \/>\n<\/a><\/li>\n<li>PhysioAthletics GmbH<\/li>\n<\/ul>\n<p><b>Folgende Mannschaften und Veranstaltungen haben wir betreut oder betreuen wir aktuell:<\/b><\/p>\n<table>\n<tbody>\n<tr>\n<td>\n<ul>\n<li>\n<div>FC Bayern M\u00fcnchen &#8211; 2. Basketball Bundesliga<\/div>\n<\/li>\n<li>\n<div>Giants N\u00f6rdlingen &#8211; 1. Basketball Bundesliga<\/div>\n<\/li>\n<li>\n<div>M\u00fcnchen Basket &#8211; 1. Basketball Bundesliga Damen<\/div>\n<\/li>\n<li>\n<div>A Nationalmannschaft weiblich des Deutschen Basketball Bundes<\/div>\n<\/li>\n<li>\n<div>A2 Nationalmannschaft m\u00e4nnlich des Deutschen Basketball Bundes<\/div>\n<\/li>\n<li>\n<div>U 16 Nationalmannschaft m\u00e4nnlich des Deutschen Basketball Bundes<\/div>\n<\/li>\n<li>\n<div>U 18 Nationalmannschaft m\u00e4nnlich des Deutschen Basketball Bundes<\/div>\n<\/li>\n<li>\n<div>Landesauswahlkader Bayern m\u00e4nnlich und weiblich<\/div>\n<\/li>\n<li>\n<div>Deutsche Bahn Basketball Academy<\/div>\n<\/li>\n<li>\n<div>Camps des Deutschen Basketball Bundes, des Bayerischen Basketball Verbandes und des Baden W\u00fcrttembergischen Basketball Verbandes<\/div>\n<\/li>\n<li>\n<div>AAU und Highscool &#8211; Teams in Florida, USA<\/div>\n<\/li>\n<li>\n<div>Cocoon Baskets Weiden &#8211; 1. Regionalliga<\/div>\n<\/li>\n<li>\n<div>Baskets Vilsbiburg &#8211; 2. Regionalliga<\/div>\n<\/li>\n<li>\n<div>usw.<\/div>\n<\/li>\n<\/ul>\n<\/td>\n<td><img decoding=\"async\" style=\"width: 182px; height: 74px;\" src=\"https:\/\/pschick-group.de\/paw\/wp-content\/uploads\/sites\/41\/2015\/10\/logo_bbl2.gif\" alt=\"\" \/><\/td>\n<\/tr>\n<\/tbody>\n<\/table>\n<p>Au\u00dferdem befinden sich laufend Spieler-\/innen aus der 1. Bundesliga, 2. Bundesliga, Regionalliga und Oberliga in unserer Obhut. Auch zahlreiche Nachwuchstalente schenken uns Ihr Vertrauen, wenn es darum geht, schnell wieder fit zu werden.<\/p>\n<p><b>Intensivreha f\u00fcr Basketballer:<\/b><\/p>\n<p>Auch Basketballer\/-innen, die nicht im direkten Einzugsgebiet leben, k\u00f6nnen wir dank unserer <a href=\"std_page.php?id=188&amp;nav=144&amp;nav1=202\">INTENSIV &#8211; REHA<\/a> optimal versorgen. Dieses Angebot nehmen zahlreiche Athleten der 1. Basketball Bundesliga, 2. Basketball Bundesliga und der Jugend Nationalmannschaften regelm\u00e4\u00dfig wahr.<\/p>\n<p><b>Athletiktraining, Krafttraining, und Dehnen f\u00fcr Basketballer:<\/b><\/p>\n<p>Gerade bei der Ausbildung junger Talente ist es wichtig, \u00fcber den Tellerrand des Basketballs hinaus zu blicken und zu versuchen, einen kompletten Spieler-\/in zu entwickeln. Leider wird viel zu oft nur am Ballhandling und an teamtaktischen Feinheiten gefeilt und die individuelle athletische Entwicklung des Basketballers vernachl\u00e4ssigt. Haben Sie Fragen zu diesen Themen? Wir beraten Sie gerne!<\/p>\n<p>2004 &#8211; 2006 arbeiteten wir auch mit jungen, talentierten Spielern in den USA im athletischen und koordinativen Bereich:<\/p>\n<table align=\"center\">\n<tbody>\n<tr>\n<td><img loading=\"lazy\" decoding=\"async\" src=\"https:\/\/pschick-group.de\/paw\/wp-content\/uploads\/sites\/41\/2015\/10\/basketball_terry.jpg\" alt=\"\" width=\"232\" height=\"300\" \/><\/td>\n<td width=\"15\"><\/td>\n<td><img loading=\"lazy\" decoding=\"async\" src=\"https:\/\/pschick-group.de\/paw\/wp-content\/uploads\/sites\/41\/2015\/10\/basketball_krop.jpg\" alt=\"\" width=\"232\" height=\"300\" \/><\/td>\n<\/tr>\n<tr>\n<td>\n<p class=\"bildtext\">Chaminade Madonna High School Hollywood, FL USA<br \/>\nHead Coach &#8211; Baronton Terry (li)<br \/>\nMarkus Pschick (mitte)<br \/>\nMax Gr\u00f6be Jg. 88 (re)<\/p>\n<\/td>\n<td width=\"20\"><\/td>\n<td>\n<p class=\"bildtext\">Dr. Michael Krop Senior High School Miami, FL USA<br \/>\nHead Coach &#8211; Marcos &#8220;Shaky&#8220; Rodriguez (re)<br \/>\nMarkus Pschick (mitte)<br \/>\nMax Gr\u00f6be Jg. 88 (li)<\/p>\n<\/td>\n<\/tr>\n<\/tbody>\n<\/table>\n<p><b>Vorbeugung basketballspezifischer Verletzungen:<\/b><\/p>\n<p>Haben Sie sich schon einmal gefragt, warum es Spieler-\/innen gibt, die innerhalb weniger Monate mehrfach umknicken oder immer wieder \u00fcber R\u00fcckenschmerzen klagen? Das kann einfache Ursachen haben, die man mit richtiger Intervention beheben kann. Haben Sie Fragen zu diesen Themen? Wir beraten Sie gerne!<\/p>\n<p><b>Referentent\u00e4tigkeit im Basketball:<\/b><\/p>\n<p>Wir referieren seit Jahren auf Trainerausbildungen des Bayerischen Basketball Verbandes und diversen Events zu den Themen Sportmedizin, Verletzungsprophylaxe, Dehnen &#8211; aber richtig!, Krafttraining im Basketball, Athletiktraining, Trainingslehre usw. Au\u00dferdem f\u00fchren wir regelm\u00e4\u00dfig Tapekurse f\u00fcr Basketballer an diversen Standorten durch. Gerne k\u00f6nnen auch Sie uns f\u00fcr Ihren Traineraus- und -fortbildung oder Ihre Veranstaltung als Referenten oder sporttherapeutischen Berater buchen.<\/p>\n<p><img loading=\"lazy\" decoding=\"async\" src=\"https:\/\/pschick-group.de\/paw\/wp-content\/uploads\/sites\/41\/2015\/10\/basketball_tape.jpg\" alt=\"\" width=\"300\" height=\"225\" \/><\/p>\n<p>&nbsp;<\/p>\n<p><strong>Haben Sie Fragen an die Basketball \u2013 Physios ?<\/strong><\/p>\n<p>Gesundheitszentrum &#8211; Obertraubling\u00a0\u00a0\u00a0\u00a0\u00a0\u00a0\u00a0\u00a0\u00a0 Tel.: 09401 \/ 60 00 950\u00a0\u00a0\u00a0\u00a0\u00a0\u00a0\u00a0\u00a0\u00a0 <a href=\"mailto:reha@gz-obertraubling.de\">reha@gz-obertraubling.de<\/a><\/p>\n<p>Villa Medica &#8211; Dingolfing\u00a0\u00a0\u00a0\u00a0\u00a0\u00a0\u00a0\u00a0\u00a0 Tel: 08731 \/ 32 68 190\u00a0\u00a0\u00a0\u00a0\u00a0\u00a0\u00a0\u00a0\u00a0 <a href=\"mailto:reha@villa-medica-dgf.de\">reha@villa-medica-dgf.de<\/a><\/p>\n<p>PhysioAthletics GmbH\u00a0\u00a0\u00a0\u00a0\u00a0\u00a0\u00a0\u00a0 Tel.: 02202 \/ 25 14 90 8\u00a0 \u00a0 \u00a0 \u00a0\u00a0<a href=\"mailto:info@physio-athletics.com\">info@physio-athletics.com<\/a><\/p>\n","protected":false},"excerpt":{"rendered":"<p> [&hellip;]<\/p>\n","protected":false},"author":1,"featured_media":0,"parent":0,"menu_order":0,"comment_status":"closed","ping_status":"closed","template":"","meta":{"ngg_post_thumbnail":0,"footnotes":""},"class_list":["post-1001","page","type-page","status-publish","hentry"],"yoast_head":"<!-- This site is optimized with the Yoast SEO plugin v15.0 - https:\/\/yoast.com\/wordpress\/plugins\/seo\/ -->\n<meta name=\"robots\" content=\"index, follow, max-snippet:-1, max-image-preview:large, max-video-preview:-1\" \/>\n<link rel=\"canonical\" href=\"https:\/\/pschick-group.de\/paw\/basketball-physios\/\" \/>\n<meta property=\"og:locale\" content=\"de_DE\" \/>\n<meta property=\"og:type\" content=\"article\" \/>\n<meta property=\"og:title\" content=\"Basketball - Physios - Praxis am Westend\" \/>\n<meta property=\"og:description\" content=\"[&hellip;]\" \/>\n<meta property=\"og:url\" content=\"https:\/\/pschick-group.de\/paw\/basketball-physios\/\" \/>\n<meta property=\"og:site_name\" content=\"Praxis am Westend\" \/>\n<meta property=\"article:modified_time\" content=\"2015-10-02T18:13:28+00:00\" \/>\n<meta property=\"og:image\" content=\"https:\/\/pschick-group.de\/paw\/wp-content\/uploads\/sites\/41\/2015\/10\/ball.gif\" \/>\n<meta name=\"twitter:card\" content=\"summary\" \/>\n<script type=\"application\/ld+json\" class=\"yoast-schema-graph\">{\"@context\":\"https:\/\/schema.org\",\"@graph\":[{\"@type\":\"WebSite\",\"@id\":\"https:\/\/pschick-group.de\/paw\/#website\",\"url\":\"https:\/\/pschick-group.de\/paw\/\",\"name\":\"Praxis am Westend\",\"description\":\"Eine weitere Pschick Group Seiten Website\",\"potentialAction\":[{\"@type\":\"SearchAction\",\"target\":\"https:\/\/pschick-group.de\/paw\/?s={search_term_string}\",\"query-input\":\"required name=search_term_string\"}],\"inLanguage\":\"de\"},{\"@type\":\"ImageObject\",\"@id\":\"https:\/\/pschick-group.de\/paw\/basketball-physios\/#primaryimage\",\"inLanguage\":\"de\",\"url\":\"https:\/\/pschick-group.de\/paw\/wp-content\/uploads\/sites\/41\/2015\/10\/ball.gif\",\"width\":65,\"height\":66},{\"@type\":\"WebPage\",\"@id\":\"https:\/\/pschick-group.de\/paw\/basketball-physios\/#webpage\",\"url\":\"https:\/\/pschick-group.de\/paw\/basketball-physios\/\",\"name\":\"Basketball - Physios - Praxis am Westend\",\"isPartOf\":{\"@id\":\"https:\/\/pschick-group.de\/paw\/#website\"},\"primaryImageOfPage\":{\"@id\":\"https:\/\/pschick-group.de\/paw\/basketball-physios\/#primaryimage\"},\"datePublished\":\"2015-09-23T18:58:24+00:00\",\"dateModified\":\"2015-10-02T18:13:28+00:00\",\"inLanguage\":\"de\",\"potentialAction\":[{\"@type\":\"ReadAction\",\"target\":[\"https:\/\/pschick-group.de\/paw\/basketball-physios\/\"]}]}]}<\/script>\n<!-- \/ Yoast SEO plugin. -->","_links":{"self":[{"href":"https:\/\/pschick-group.de\/paw\/wp-json\/wp\/v2\/pages\/1001"}],"collection":[{"href":"https:\/\/pschick-group.de\/paw\/wp-json\/wp\/v2\/pages"}],"about":[{"href":"https:\/\/pschick-group.de\/paw\/wp-json\/wp\/v2\/types\/page"}],"author":[{"embeddable":true,"href":"https:\/\/pschick-group.de\/paw\/wp-json\/wp\/v2\/users\/1"}],"replies":[{"embeddable":true,"href":"https:\/\/pschick-group.de\/paw\/wp-json\/wp\/v2\/comments?post=1001"}],"version-history":[{"count":4,"href":"https:\/\/pschick-group.de\/paw\/wp-json\/wp\/v2\/pages\/1001\/revisions"}],"predecessor-version":[{"id":1331,"href":"https:\/\/pschick-group.de\/paw\/wp-json\/wp\/v2\/pages\/1001\/revisions\/1331"}],"wp:attachment":[{"href":"https:\/\/pschick-group.de\/paw\/wp-json\/wp\/v2\/media?parent=1001"}],"curies":[{"name":"wp","href":"https:\/\/api.w.org\/{rel}","templated":true}]}}