{"id":1911,"date":"2019-07-08T10:07:44","date_gmt":"2019-07-08T08:07:44","guid":{"rendered":"https:\/\/pschick-group.de\/mallorca\/?page_id=1911"},"modified":"2024-06-17T17:09:16","modified_gmt":"2024-06-17T15:09:16","slug":"online-anmeldeformular","status":"publish","type":"page","link":"https:\/\/pschick-group.de\/mallorca\/online-anmeldeformular\/","title":{"rendered":"Online &#8211; Anmeldeformular"},"content":{"rendered":"<h1 style=\"text-align: center;\">Online &#8211; Anmeldeformular Mallorca&nbsp;<\/h1>\n<h2 style=\"text-align: center;\"><span style=\"color: #ff6600; font-size: 25pt; text-align: center;\">&nbsp;<\/span><\/h2>\n<div role=\"form\" class=\"wpcf7\" id=\"wpcf7-f1901-o1\" lang=\"de-DE\" dir=\"ltr\">\n<div class=\"screen-reader-response\" role=\"alert\" aria-live=\"polite\"><\/div>\n<form action=\"\/mallorca\/wp-json\/wp\/v2\/pages\/1911#wpcf7-f1901-o1\" method=\"post\" class=\"wpcf7-form init\" enctype=\"multipart\/form-data\" novalidate=\"novalidate\">\n<div style=\"display: none;\">\n<input type=\"hidden\" name=\"_wpcf7\" value=\"1901\" \/>\n<input type=\"hidden\" name=\"_wpcf7_version\" value=\"5.2.2\" \/>\n<input type=\"hidden\" name=\"_wpcf7_locale\" value=\"de_DE\" \/>\n<input type=\"hidden\" name=\"_wpcf7_unit_tag\" value=\"wpcf7-f1901-o1\" \/>\n<input type=\"hidden\" name=\"_wpcf7_container_post\" value=\"0\" \/>\n<input type=\"hidden\" name=\"_wpcf7_posted_data_hash\" value=\"\" \/>\n<\/div>\n<p><b>Hiermit melde ich mich f\u00fcr das folgende Fortbildungsseminar an:<\/b><\/p>\n<hr>\n<div class=\"wps-form\">\n<div class=\"wps-form-row\">\n<div class=\"wps-form-column\">\n<label> Kurs<br \/>\n   <span class=\"wpcf7-form-control-wrap KursbezeichnungOrt\"><select name=\"KursbezeichnungOrt\" class=\"wpcf7-form-control wpcf7-select wpcf7-validates-as-required\" aria-required=\"true\" aria-invalid=\"false\"><option value=\"Bitte Kurs w\u00e4hlen!\">Bitte Kurs w\u00e4hlen!<\/option><option value=\"\u201eFunktionelle Schuheinlagen in der Physiotherapie - SPEZIAL\u201c 24.-30.06.2024\">\u201eFunktionelle Schuheinlagen in der Physiotherapie - SPEZIAL\u201c 24.-30.06.2024<\/option><option value=\"\u201eFunktionelle Schuheinlagen in der Physiotherapie - SPEZIAL\u201c 30.6.-06.07.2025\">\u201eFunktionelle Schuheinlagen in der Physiotherapie - SPEZIAL\u201c 30.6.-06.07.2025<\/option><option value=\"\u201eCMD - Kiefergelenkstherapie (incl. ATLAS - Therapie) - SPEZIAL\u201c 07.-13.07.2025\">\u201eCMD - Kiefergelenkstherapie (incl. ATLAS - Therapie) - SPEZIAL\u201c 07.-13.07.2025<\/option><option value=\"\u201eExperte f\u00fcr Arbeitssicherheit in der Physiotherapie - SPEZIAL\u201c 08.-14.07.2024\">\u201eExperte f\u00fcr Arbeitssicherheit in der Physiotherapie - SPEZIAL\u201c 08.-14.07.2024<\/option><option value=\"\u201eDas Kniegelenk - Pathomechanik &amp; effektive Therapie! - SPEZIAL\u201c 15.-21.07.2024\">\u201eDas Kniegelenk - Pathomechanik &amp; effektive Therapie! - SPEZIAL\u201c 15.-21.07.2024<\/option><option value=\"\u201eDas Kniegelenk - Pathomechanik &amp; effektive Therapie! - SPEZIAL\u201c 14.-20.07.2025\">\u201eDas Kniegelenk - Pathomechanik &amp; effektive Therapie! - SPEZIAL\u201c 14.-20.07.2025<\/option><option value=\"\u201eNeuro - Athletik in Therapie &amp; Pr\u00e4vention - SPEZIAL\u201c 23.-29.06.2025\">\u201eNeuro - Athletik in Therapie &amp; Pr\u00e4vention - SPEZIAL\u201c 23.-29.06.2025<\/option><\/select><\/span><\/label>\n        <\/div>\n<\/p><\/div>\n<p><br><\/p>\n<div class=\"wps-form-row\">\n<div class=\"wps-form-column\">\n<p><b>f\u00fcr die Kurse 2024:<\/b><br \/>\nKursgeb\u00fchr jeweils 300,- \u20ac<br \/>\nNach Buchung des Kurses tritt das Reiseb\u00fcro Stangelmeier in Pfaffenhofen mit Ihnen in Verbindung um Ihnen die M\u00f6glichkeit zu geben die Reise als Pauschalbuchung f\u00fcr Sie zu organisieren. Ihnen steht auch frei die Buchung \u00fcber ein anderes Reiseb\u00fcro vorzunehmen, beachten Sie aber bitte, dass w\u00e4hrend der Kursdauer der Aufenthalt (\u00dcbernachtungen) im Grupotel Montecarlo, in Can Picafort, Grundvoraussetzung ist.  <\/p>\n<p>F\u00fcr die Kursgeb\u00fchr erhalten Sie eine gesonderte Rechnung von uns.<\/p>\n<p><b>Meine Berufsurkunde liegt Ihnen bereits vor:<br \/>\n<span class=\"wpcf7-form-control-wrap Urkunde\"><select name=\"Urkunde\" class=\"wpcf7-form-control wpcf7-select wpcf7-validates-as-required\" aria-required=\"true\" aria-invalid=\"false\"><option value=\"Ja\">Ja<\/option><option value=\"Nein\">Nein<\/option><option value=\"F\u00fcge ich der Anmeldung bei\">F\u00fcge ich der Anmeldung bei<\/option><\/select><\/span><br \/>\n<br><br \/>\nJetzt Berufsurkunde hochladen: <span class=\"wpcf7-form-control-wrap Berufsurkunde\"><input type=\"file\" name=\"Berufsurkunde\" size=\"40\" class=\"wpcf7-form-control wpcf7-file\" accept=\".jpg,.jpeg,.png,.gif,.pdf,.doc,.docx,.ppt,.pptx,.odt,.avi,.ogg,.m4a,.mov,.mp3,.mp4,.mpg,.wav,.wmv\" aria-invalid=\"false\" \/><\/span><\/p>\n<hr>\n<span class=\"wpcf7-form-control-wrap Kursgebuehr\"><span class=\"wpcf7-form-control wpcf7-checkbox wpcf7-validates-as-required\"><span class=\"wpcf7-list-item first last\"><input type=\"checkbox\" name=\"Kursgebuehr[]\" value=\"Die Kursgeb\u00fchr \u00fcberweise ich bis spa\u0308testens 6 Wochen vor Kursbeginn, ggf. umgehend auf das Konto der Hypo-Vereinsbank:BIC: HYVEDEMM447 \u2013 IBAN: DE 35 7502 0073 0344 9637 46\" \/><span class=\"wpcf7-list-item-label\">Die Kursgeb\u00fchr \u00fcberweise ich bis spa\u0308testens 6 Wochen vor Kursbeginn, ggf. umgehend auf das Konto der Hypo-Vereinsbank:BIC: HYVEDEMM447 \u2013 IBAN: DE 35 7502 0073 0344 9637 46<\/span><\/span><\/span><\/span><br \/>\n<br><\/p>\n<hr>\n<span class=\"wpcf7-form-control-wrap AGB\"><span class=\"wpcf7-form-control wpcf7-checkbox wpcf7-validates-as-required\"><span class=\"wpcf7-list-item first last\"><input type=\"checkbox\" name=\"AGB[]\" value=\"Die allgemeinen Bedingungen zur Teilnahme an Fortbildungen auf Mallorca habe ich zur Kenntnis genommen und anerkannt. Ich bin damit einverstanden, dass die Fortbildungsakademie - Markus Pschick GmbH f\u00fcr die Bearbeitung und Abwicklung der Kursanmeldung notwendige personenbezogene Daten erhebt, elektronisch speichert, nutzt und verarbeitet. Ich kann der Verarbeitung und Nutzung meiner personenbezogenen Daten zu Informationszwecken (z.B. Newsletterversand) jederzeit widersprechen.\" \/><span class=\"wpcf7-list-item-label\">Die allgemeinen Bedingungen zur Teilnahme an Fortbildungen auf Mallorca habe ich zur Kenntnis genommen und anerkannt. Ich bin damit einverstanden, dass die Fortbildungsakademie - Markus Pschick GmbH f\u00fcr die Bearbeitung und Abwicklung der Kursanmeldung notwendige personenbezogene Daten erhebt, elektronisch speichert, nutzt und verarbeitet. Ich kann der Verarbeitung und Nutzung meiner personenbezogenen Daten zu Informationszwecken (z.B. Newsletterversand) jederzeit widersprechen.<\/span><\/span><\/span><\/span><br \/>\n<a href=\"http:\/\/pschick-group.de\/mallorca\/wp-content\/uploads\/sites\/191\/2019\/07\/AGB_Mallorca.pdf\" target=\"inhalt\">Klicken Sie hier um die AGBs zu lesen!<\/a><br \/>\n<br><\/p>\n<hr>\n<span class=\"wpcf7-form-control-wrap Datenschutz\"><span class=\"wpcf7-form-control wpcf7-checkbox wpcf7-validates-as-required\"><span class=\"wpcf7-list-item first last\"><input type=\"checkbox\" name=\"Datenschutz[]\" value=\"Ich erkl\u00e4re mich mit der Datenschutzerkl\u00e4rung einverstanden.\" \/><span class=\"wpcf7-list-item-label\">Ich erkl\u00e4re mich mit der Datenschutzerkl\u00e4rung einverstanden.<\/span><\/span><\/span><\/span><br \/>\n<a href=\"https:\/\/pschick-group.de\/fortbildungsakademie\/datenschutz\/\" target=\"inhalt\">Klicken Sie hier um die Datenschutzerkl\u00e4rung zu lesen!<\/a><br \/>\n<br><\/p>\n<hr>\n<div class=\"wps-form-row\">\n<div class=\"wps-form-column\">\n<label> Anrede<br \/>\n<span class=\"wpcf7-form-control-wrap Anrede\"><select name=\"Anrede\" class=\"wpcf7-form-control wpcf7-select wpcf7-validates-as-required\" aria-required=\"true\" aria-invalid=\"false\"><option value=\"\"><\/option><option value=\"Frau\">Frau<\/option><option value=\"Herr\">Herr<\/option><\/select><\/span> <\/label><br \/>\n<br>\n        <\/div>\n<div class=\"wps-form-column\">\n<label> Name<br \/>\n    <span class=\"wpcf7-form-control-wrap Nachname\"><input type=\"text\" name=\"Nachname\" value=\"\" size=\"40\" class=\"wpcf7-form-control wpcf7-text wpcf7-validates-as-required\" aria-required=\"true\" aria-invalid=\"false\" \/><\/span> <\/label>\n        <\/div>\n<div class=\"wps-form-column\">\n<label> Vorname<br \/>\n    <span class=\"wpcf7-form-control-wrap Vorname\"><input type=\"text\" name=\"Vorname\" value=\"\" size=\"40\" class=\"wpcf7-form-control wpcf7-text wpcf7-validates-as-required\" aria-required=\"true\" aria-invalid=\"false\" \/><\/span> <\/label>\n        <\/div>\n<\/p><\/div>\n<div class=\"wps-form-row\">\n<div class=\"wps-form-column\">\n<label> Geburtsdatum<br \/>\n    <span class=\"wpcf7-form-control-wrap Geburtsdatum\"><input type=\"text\" name=\"Geburtsdatum\" value=\"\" size=\"40\" class=\"wpcf7-form-control wpcf7-text wpcf7-validates-as-required\" aria-required=\"true\" aria-invalid=\"false\" \/><\/span> <\/label>\n        <\/div>\n<div class=\"wps-form-column\">\n<label> Beruf<br \/>\n    <span class=\"wpcf7-form-control-wrap Beruf\"><input type=\"text\" name=\"Beruf\" value=\"\" size=\"40\" class=\"wpcf7-form-control wpcf7-text wpcf7-validates-as-required\" aria-required=\"true\" aria-invalid=\"false\" \/><\/span> <\/label>\n        <\/div>\n<div class=\"wps-form-column\">\n<label> Ihre E-Mail-Adresse<br \/>\n    <span class=\"wpcf7-form-control-wrap email\"><input type=\"email\" name=\"email\" value=\"\" size=\"40\" class=\"wpcf7-form-control wpcf7-text wpcf7-email wpcf7-validates-as-required wpcf7-validates-as-email\" aria-required=\"true\" aria-invalid=\"false\" \/><\/span> <\/label>\n        <\/div>\n<\/p><\/div>\n<div class=\"wps-form-row\">\n<div class=\"wps-form-column\">\n<label> Stra\u00dfe & Hausnummer<br \/>\n    <span class=\"wpcf7-form-control-wrap Strasse\"><input type=\"text\" name=\"Strasse\" value=\"\" size=\"40\" class=\"wpcf7-form-control wpcf7-text wpcf7-validates-as-required\" aria-required=\"true\" aria-invalid=\"false\" \/><\/span> <\/label>\n        <\/div>\n<div class=\"wps-form-column\">\n<label> PLZ<br \/>\n    <span class=\"wpcf7-form-control-wrap PLZ\"><input type=\"number\" name=\"PLZ\" value=\"\" class=\"wpcf7-form-control wpcf7-number wpcf7-validates-as-required wpcf7-validates-as-number\" aria-required=\"true\" aria-invalid=\"false\" \/><\/span> <\/label>\n        <\/div>\n<div class=\"wps-form-column\">\n<label> Ort<br \/>\n    <span class=\"wpcf7-form-control-wrap Ort\"><input type=\"text\" name=\"Ort\" value=\"\" size=\"40\" class=\"wpcf7-form-control wpcf7-text wpcf7-validates-as-required\" aria-required=\"true\" aria-invalid=\"false\" \/><\/span> <\/label>\n        <\/div>\n<\/p><\/div>\n<div class=\"wps-form-row\">\n<div class=\"wps-form-column\">\n<label> Telefon privat<br \/>\n      <span class=\"wpcf7-form-control-wrap TelefonP\"><input type=\"number\" name=\"TelefonP\" value=\"\" class=\"wpcf7-form-control wpcf7-number wpcf7-validates-as-number\" aria-invalid=\"false\" \/><\/span> <\/label>\n        <\/div>\n<div class=\"wps-form-column\">\n<label> Mobilfunknummer<br \/>\n      <span class=\"wpcf7-form-control-wrap Mobil\"><input type=\"number\" name=\"Mobil\" value=\"\" class=\"wpcf7-form-control wpcf7-number wpcf7-validates-as-number\" aria-invalid=\"false\" \/><\/span> <\/label>\n        <\/div>\n<div class=\"wps-form-column\">\n<label> Telefon gesch\u00e4ftlich<br \/>\n      <span class=\"wpcf7-form-control-wrap TelefonG\"><input type=\"number\" name=\"TelefonG\" value=\"\" class=\"wpcf7-form-control wpcf7-number wpcf7-validates-as-number\" aria-invalid=\"false\" \/><\/span> <\/label>\n        <\/div>\n<\/p><\/div>\n<\/div>\n<p><label>Zus\u00e4tzliche Nachricht an uns (z.B. eine alternative Rechnungsadresse):<br \/>\n    <span class=\"wpcf7-form-control-wrap Nachricht-Kunde\"><textarea name=\"Nachricht-Kunde\" cols=\"40\" rows=\"10\" class=\"wpcf7-form-control wpcf7-textarea\" aria-invalid=\"false\"><\/textarea><\/span> <\/label><\/p>\n<p><input type=\"submit\" value=\"Jetzt anmelden!\" class=\"wpcf7-form-control wpcf7-submit\" \/><\/p>\n<p>Hinweis: Durch Klicken des Buttons \"Jetzt anmelden!\" wird Ihre Anmeldung online an die Fortbildungsakademie - Markus Pschick GmbH \u00fcbermittelt.<\/p>\n<input type='hidden' class='wpcf7-pum' value='{\"closepopup\":false,\"closedelay\":0,\"openpopup\":false,\"openpopup_id\":0}' \/><div class=\"wpcf7-response-output\" role=\"alert\" aria-hidden=\"true\"><\/div><\/form><\/div>\n","protected":false},"excerpt":{"rendered":"<p>Online &#8211; Anmeldeformular Mallorca&nbsp; &nbsp;<\/p>\n","protected":false},"author":1,"featured_media":0,"parent":0,"menu_order":0,"comment_status":"closed","ping_status":"closed","template":"page-templates\/full-width.php","meta":{"ngg_post_thumbnail":0,"footnotes":""},"class_list":["post-1911","page","type-page","status-publish","hentry"],"yoast_head":"<!-- This site is optimized with the Yoast SEO plugin v15.0 - https:\/\/yoast.com\/wordpress\/plugins\/seo\/ -->\n<title>Online - Anmeldeformular - Mallorca Kurse<\/title>\n<meta name=\"robots\" content=\"index, follow, max-snippet:-1, max-image-preview:large, max-video-preview:-1\" \/>\n<link rel=\"canonical\" href=\"https:\/\/pschick-group.de\/mallorca\/online-anmeldeformular\/\" \/>\n<meta property=\"og:locale\" content=\"de_DE\" \/>\n<meta property=\"og:type\" content=\"article\" \/>\n<meta property=\"og:title\" content=\"Online - Anmeldeformular - Mallorca Kurse\" \/>\n<meta property=\"og:description\" content=\"Online &#8211; Anmeldeformular Mallorca&nbsp; &nbsp;\" \/>\n<meta property=\"og:url\" content=\"https:\/\/pschick-group.de\/mallorca\/online-anmeldeformular\/\" \/>\n<meta property=\"og:site_name\" content=\"Mallorca Kurse\" \/>\n<meta property=\"article:modified_time\" content=\"2024-06-17T15:09:16+00:00\" \/>\n<meta name=\"twitter:card\" content=\"summary\" \/>\n<script type=\"application\/ld+json\" class=\"yoast-schema-graph\">{\"@context\":\"https:\/\/schema.org\",\"@graph\":[{\"@type\":\"WebSite\",\"@id\":\"https:\/\/pschick-group.de\/mallorca\/#website\",\"url\":\"https:\/\/pschick-group.de\/mallorca\/\",\"name\":\"Mallorca Kurse\",\"description\":\"Kurse auf Mallorca\",\"potentialAction\":[{\"@type\":\"SearchAction\",\"target\":\"https:\/\/pschick-group.de\/mallorca\/?s={search_term_string}\",\"query-input\":\"required name=search_term_string\"}],\"inLanguage\":\"de\"},{\"@type\":\"WebPage\",\"@id\":\"https:\/\/pschick-group.de\/mallorca\/online-anmeldeformular\/#webpage\",\"url\":\"https:\/\/pschick-group.de\/mallorca\/online-anmeldeformular\/\",\"name\":\"Online - Anmeldeformular - Mallorca Kurse\",\"isPartOf\":{\"@id\":\"https:\/\/pschick-group.de\/mallorca\/#website\"},\"datePublished\":\"2019-07-08T08:07:44+00:00\",\"dateModified\":\"2024-06-17T15:09:16+00:00\",\"inLanguage\":\"de\",\"potentialAction\":[{\"@type\":\"ReadAction\",\"target\":[\"https:\/\/pschick-group.de\/mallorca\/online-anmeldeformular\/\"]}]}]}<\/script>\n<!-- \/ Yoast SEO plugin. -->","_links":{"self":[{"href":"https:\/\/pschick-group.de\/mallorca\/wp-json\/wp\/v2\/pages\/1911"}],"collection":[{"href":"https:\/\/pschick-group.de\/mallorca\/wp-json\/wp\/v2\/pages"}],"about":[{"href":"https:\/\/pschick-group.de\/mallorca\/wp-json\/wp\/v2\/types\/page"}],"author":[{"embeddable":true,"href":"https:\/\/pschick-group.de\/mallorca\/wp-json\/wp\/v2\/users\/1"}],"replies":[{"embeddable":true,"href":"https:\/\/pschick-group.de\/mallorca\/wp-json\/wp\/v2\/comments?post=1911"}],"version-history":[{"count":15,"href":"https:\/\/pschick-group.de\/mallorca\/wp-json\/wp\/v2\/pages\/1911\/revisions"}],"predecessor-version":[{"id":3125,"href":"https:\/\/pschick-group.de\/mallorca\/wp-json\/wp\/v2\/pages\/1911\/revisions\/3125"}],"wp:attachment":[{"href":"https:\/\/pschick-group.de\/mallorca\/wp-json\/wp\/v2\/media?parent=1911"}],"curies":[{"name":"wp","href":"https:\/\/api.w.org\/{rel}","templated":true}]}}