{"id":348576,"date":"2024-10-15T16:22:35","date_gmt":"2024-10-15T14:22:35","guid":{"rendered":"https:\/\/pschick-group.de\/fortbildungsakademie\/?page_id=348576"},"modified":"2024-11-08T07:24:49","modified_gmt":"2024-11-08T06:24:49","slug":"elearning","status":"publish","type":"page","link":"https:\/\/pschick-group.de\/fortbildungsakademie\/elearning","title":{"rendered":"elearning"},"content":{"rendered":"\t\t<div data-elementor-type=\"wp-page\" data-elementor-id=\"348576\" class=\"elementor elementor-348576\">\n\t\t\t\t\t\t<section class=\"elementor-section elementor-top-section elementor-element elementor-element-e92eba2 elementor-section-boxed elementor-section-height-default elementor-section-height-default\" data-id=\"e92eba2\" data-element_type=\"section\">\n\t\t\t\t\t\t<div class=\"elementor-container elementor-column-gap-default\">\n\t\t\t\t\t<div class=\"elementor-column elementor-col-100 elementor-top-column elementor-element elementor-element-1f95a4b\" data-id=\"1f95a4b\" data-element_type=\"column\">\n\t\t\t<div class=\"elementor-widget-wrap elementor-element-populated\">\n\t\t\t\t\t\t<section class=\"elementor-section elementor-inner-section elementor-element elementor-element-7562e10 elementor-section-content-middle elementor-section-boxed elementor-section-height-default elementor-section-height-default\" data-id=\"7562e10\" data-element_type=\"section\">\n\t\t\t\t\t\t<div class=\"elementor-container elementor-column-gap-default\">\n\t\t\t\t\t<div class=\"elementor-column elementor-col-50 elementor-inner-column elementor-element elementor-element-ff33a92 elementor-hidden-desktop elementor-hidden-tablet elementor-hidden-mobile\" data-id=\"ff33a92\" data-element_type=\"column\">\n\t\t\t<div class=\"elementor-widget-wrap elementor-element-populated\">\n\t\t\t\t\t\t<div class=\"elementor-element elementor-element-4dd08c8 elementor-widget elementor-widget-SO E-Learning Image\" data-id=\"4dd08c8\" data-element_type=\"widget\" data-widget_type=\"SO E-Learning Image.default\">\n\t\t\t\t<div class=\"elementor-widget-container\">\n\t\t\t\t\t<link rel=\"stylesheet\" href=\"\/wp-content\/plugins\/simplyorg\/css\/module-hero-desc-style.css\" \/>\n\n        <div class=\"module-seminar-image\">\n            <img src='https:\/\/pschick-group-admin.simplyorg-seminare.de\/de\/picture\/e-learning\/48' alt='' loading=\"lazy\"\/>\n        <\/div>\n        <div class=\"module-seminar-image\">\n            <img src='https:\/\/pschick-group-admin.simplyorg-seminare.de\/de\/picture\/e-learning\/47' alt='' loading=\"lazy\"\/>\n        <\/div>\n        <div class=\"module-seminar-image\">\n            <img src='https:\/\/pschick-group-admin.simplyorg-seminare.de\/de\/picture\/e-learning\/46' alt='' loading=\"lazy\"\/>\n        <\/div>\n        <div class=\"module-seminar-image\">\n            <img src='https:\/\/pschick-group-admin.simplyorg-seminare.de\/de\/picture\/e-learning\/45' alt='' loading=\"lazy\"\/>\n        <\/div>\n        <div class=\"module-seminar-image\">\n            <img src='https:\/\/pschick-group-admin.simplyorg-seminare.de\/de\/picture\/e-learning\/44' alt='' loading=\"lazy\"\/>\n        <\/div>\n        <div class=\"module-seminar-image\">\n            <img src='https:\/\/pschick-group-admin.simplyorg-seminare.de\/de\/picture\/e-learning\/43' alt='' loading=\"lazy\"\/>\n        <\/div>\n        <div class=\"module-seminar-image\">\n            <img src='https:\/\/pschick-group-admin.simplyorg-seminare.de\/de\/picture\/e-learning\/42' alt='' loading=\"lazy\"\/>\n        <\/div>\n        <div class=\"module-seminar-image\">\n            <img src='https:\/\/pschick-group-admin.simplyorg-seminare.de\/de\/picture\/e-learning\/41' alt='' loading=\"lazy\"\/>\n        <\/div>\n        <div class=\"module-seminar-image\">\n            <img src='https:\/\/pschick-group-admin.simplyorg-seminare.de\/de\/picture\/e-learning\/40' alt='' loading=\"lazy\"\/>\n        <\/div>\n        <div class=\"module-seminar-image\">\n            <img src='https:\/\/pschick-group-admin.simplyorg-seminare.de\/de\/picture\/e-learning\/39' alt='' loading=\"lazy\"\/>\n        <\/div>\n        <div class=\"module-seminar-image\">\n            <img src='https:\/\/pschick-group-admin.simplyorg-seminare.de\/de\/picture\/e-learning\/38' alt='' loading=\"lazy\"\/>\n        <\/div>\n        <div class=\"module-seminar-image\">\n            <img src='https:\/\/pschick-group-admin.simplyorg-seminare.de\/de\/picture\/e-learning\/37' alt='' loading=\"lazy\"\/>\n        <\/div>\n        <div class=\"module-seminar-image\">\n            <img src='https:\/\/pschick-group-admin.simplyorg-seminare.de\/de\/picture\/e-learning\/36' alt='' loading=\"lazy\"\/>\n        <\/div>\n        <div class=\"module-seminar-image\">\n            <img src='https:\/\/pschick-group-admin.simplyorg-seminare.de\/de\/picture\/e-learning\/35' alt='' loading=\"lazy\"\/>\n        <\/div>\n        <div class=\"module-seminar-image\">\n            <img src='https:\/\/pschick-group-admin.simplyorg-seminare.de\/de\/picture\/e-learning\/34' alt='' loading=\"lazy\"\/>\n        <\/div>\n\t\t\t\t<\/div>\n\t\t\t\t<\/div>\n\t\t\t\t\t<\/div>\n\t\t<\/div>\n\t\t\t\t<div class=\"elementor-column elementor-col-50 elementor-inner-column elementor-element elementor-element-291f414\" data-id=\"291f414\" data-element_type=\"column\">\n\t\t\t<div class=\"elementor-widget-wrap elementor-element-populated\">\n\t\t\t\t\t\t<div class=\"elementor-element elementor-element-dfe04d3 elementor-widget elementor-widget-SO E-Learning Details\" data-id=\"dfe04d3\" data-element_type=\"widget\" data-widget_type=\"SO E-Learning Details.default\">\n\t\t\t\t<div class=\"elementor-widget-container\">\n\t\t\t\t\t<link rel=\"stylesheet\" href=\"\/wp-content\/plugins\/simplyorg\/css\/module-hero-desc-style.css\" \/>\n\n        <div class=\"module-hero-section-v2\">\n            <div class=\"module-content\">\n                <h1>eLearning: Kopfschmerz in der Physiotherapie: praktische Techniken<\/h1>\n            <\/div>\n\n            <div class=\"module-info\">\n                <div class=\"info\">\n                    <div class=\"module-category\">\n                        <h5>Categories<\/h5>\n                        <h4>eLearning<\/h4>\n                    <\/div>\n\n                                            <div class=\"module-rate\">\n                            <h5>Evaluation<\/h5>\n                            <h4>\n                                <svg id=\"Layer_2\" data-name=\"Layer 2\" xmlns=\"http:\/\/www.w3.org\/2000\/svg\" viewBox=\"0 0 174.52 167.26\">\n                                    <g id=\"Layer_1-2\" data-name=\"Layer 1\">\n                                        <path class=\"cls-1\" d=\"m31.14,160.17c1.27-7.5,2.62-15.63,4.04-23.74,1.4-8.12,2.78-16.24,4.36-24.32.79-4.04-1.02-6.65-3.77-9.26-10.71-10.2-21.3-20.55-31.93-30.84-.61-.59-1.47-1.1-1.77-1.82-.87-2.11-2.5-4.61-1.96-6.39.53-1.77,3.18-3.72,5.17-4.09,9.76-1.8,19.62-3.13,29.45-4.59,6.32-.94,12.64-1.86,18.97-2.71,3.22-.43,5.26-1.87,6.73-4.96,6.55-13.73,13.37-27.33,20.09-40.98.43-.9.69-2.01,1.37-2.62C83.59,2.34,85.53-.04,87.32,0c1.87.04,4.41,2.13,5.39,3.99,4.8,9.03,9.18,18.29,13.71,27.47,2.64,5.36,5.4,10.66,7.87,16.1,1.31,2.89,3.21,4.41,6.35,4.85,14.06,1.97,28.1,4.06,42.14,6.12,2.11.31,4.36.32,6.27,1.13,2.06.88,4.91,2.25,5.35,3.94.51,1.95-.62,5.08-2.14,6.67-6.15,6.5-12.71,12.63-19.14,18.88-5.31,5.16-10.77,10.17-15.85,15.53-1.3,1.39-2.21,4.04-1.92,5.89,2.5,16.42,5.42,32.77,7.87,49.19.32,2.11-.75,5.34-2.33,6.55-1.36,1.04-4.7.64-6.57-.31-14.32-7.29-28.54-14.79-42.68-22.41-3.14-1.69-5.7-1.6-8.76.06-13.64,7.35-27.38,14.53-41.08,21.77-.88.47-1.77.97-2.69,1.3-4.86,1.74-8.13-.71-7.97-6.53\" style=\"fill:#004F9F\"\/>\n                                    <\/g>\n                                <\/svg>\n                                (5.0 Reviews)\n                            <\/h4>\n                        <\/div>\n                                    <\/div>              \n            <\/div>\n\n            <div class=\"price-bookbtn\">\n                <div class=\"module-price\">\n                                        <h3 class=\"updated-price\">49,95 \u20ac<\/h3>\n                <\/div>\n\n                <div class=\"module-book-now-btn\">\n                    <a href=\"#\" id=\"eventBtn\" class=\"btn-book-now\" target=\"_blank\">Jetzt buchen<\/a>\n                <\/div>\n            <\/div>\n        <\/div>\n<script>\n    (function($) {\n        $('#eventBtn').on('click', function() {\n            var value = 48;\n            var baseUrl = \"https:\/\/pschick-group.simplyorg-seminare.de\/\";\n            var currentUrl = \"https:\/\/pschick-group.de\/fortbildungsakademie\/wp-json\/wp\/v2\/pages\/348576\";\n            var title = \"eLearning: Kopfschmerz in der Physiotherapie: praktische Techniken\";\n\n            var a = document.getElementById('eventBtn'); \/\/or grab it by tagname etc\n            a.href = baseUrl + \"elearning-details?course_id=\" + value + \"&add_to_cart=1&widget_url=\" + currentUrl + \"?id=\" + value;\n\n        });\n    })(jQuery);\n<\/script>\n\n\n<script>\n    function unsetSelectedCookies() {\n    \/\/ Define the list of cookie names to unset\n    const cookiesToUnset = ['planned_id', 'blueprint_id', 'type'];\n\n    \/\/ Loop through and unset each specified cookie\n    cookiesToUnset.forEach(function(cookieName) {\n        \/\/ Set the cookie to expire in the past\n        document.cookie = cookieName + \"=; expires=Thu, 01 Jan 1970 00:00:00 GMT; path=\/;\";\n    });\n}\n\n<\/script>\t\t\t\t<\/div>\n\t\t\t\t<\/div>\n\t\t\t\t\t<\/div>\n\t\t<\/div>\n\t\t\t\t\t<\/div>\n\t\t<\/section>\n\t\t\t\t<section class=\"elementor-section elementor-inner-section elementor-element elementor-element-1ccbb3f elementor-section-boxed elementor-section-height-default elementor-section-height-default\" data-id=\"1ccbb3f\" data-element_type=\"section\">\n\t\t\t\t\t\t<div class=\"elementor-container elementor-column-gap-default\">\n\t\t\t\t\t<div class=\"elementor-column elementor-col-100 elementor-inner-column elementor-element elementor-element-9c68829\" data-id=\"9c68829\" data-element_type=\"column\">\n\t\t\t<div class=\"elementor-widget-wrap elementor-element-populated\">\n\t\t\t\t\t\t<div class=\"elementor-element elementor-element-2b3e7f5 elementor-icon-list--layout-inline elementor-list-item-link-full_width elementor-widget elementor-widget-icon-list\" data-id=\"2b3e7f5\" data-element_type=\"widget\" data-widget_type=\"icon-list.default\">\n\t\t\t\t<div class=\"elementor-widget-container\">\n\t\t\t\t\t\t\t<ul class=\"elementor-icon-list-items elementor-inline-items\">\n\t\t\t\t\t\t\t<li class=\"elementor-icon-list-item elementor-inline-item\">\n\t\t\t\t\t\t\t\t\t\t\t<a href=\"#desc\">\n\n\t\t\t\t\t\t\t\t\t\t\t\t<span class=\"elementor-icon-list-icon\">\n\t\t\t\t\t\t\t<i aria-hidden=\"true\" class=\"fas fa-check\"><\/i>\t\t\t\t\t\t<\/span>\n\t\t\t\t\t\t\t\t\t\t<span class=\"elementor-icon-list-text\">\u00dcbersicht<\/span>\n\t\t\t\t\t\t\t\t\t\t\t<\/a>\n\t\t\t\t\t\t\t\t\t<\/li>\n\t\t\t\t\t\t\t\t<li class=\"elementor-icon-list-item elementor-inline-item\">\n\t\t\t\t\t\t\t\t\t\t\t<a href=\"#targetgroup\">\n\n\t\t\t\t\t\t\t\t\t\t\t\t<span class=\"elementor-icon-list-icon\">\n\t\t\t\t\t\t\t<i aria-hidden=\"true\" class=\"fas fa-times\"><\/i>\t\t\t\t\t\t<\/span>\n\t\t\t\t\t\t\t\t\t\t<span class=\"elementor-icon-list-text\">Lehrplan<\/span>\n\t\t\t\t\t\t\t\t\t\t\t<\/a>\n\t\t\t\t\t\t\t\t\t<\/li>\n\t\t\t\t\t\t<\/ul>\n\t\t\t\t\t\t<\/div>\n\t\t\t\t<\/div>\n\t\t\t\t<div class=\"elementor-element elementor-element-e8762e0 elementor-widget elementor-widget-SO E-Learning Description\" data-id=\"e8762e0\" data-element_type=\"widget\" id=\"desc\" data-widget_type=\"SO E-Learning Description.default\">\n\t\t\t\t<div class=\"elementor-widget-container\">\n\t\t\t\t\t<link rel=\"stylesheet\" href=\"\/wp-content\/plugins\/simplyorg\/css\/module-content-style.css\" \/>\n\n\n\n        <div class=\"module-content-section\">\n            <h2>Inhalte<\/h2>\n                        <div class=\"module-content\">\n                <div class=\"thim-course-content\"><p>Jedem orthop\u00e4disch orientier\u00adten Physiotherapeuten begeg\u00adnen sie in der t\u00e4glichen Praxis: Kopfschmerzen. Ob als prim\u00e4re oder begleitende Diagnose oder im Rahmen der Behandlung cra\u00adniomandibul\u00e4rer Dysfunktionen \u2013 h\u00e4ufig ist unklar, inwieweit sich solche Symptome durch in der Therapie beeinflussen lassen..<\/p><p>In diesem Kursteil werden nach Kl\u00e4rung der wichtigsten anatomischen Strukturen die wichtigsten Befund- und Behandlungstechniken aus unterschiedlichen Konzepten im Kontext des biopsychosozialen Erkl\u00e4rungsmodells vermittelt. Nach der allgemeinen Befunderhebung erfolgt Befund und Behandlung der drei Gebiete:<\/p><ul><li>myofasziales System: Triggerpunkttherapie, segmentale Stabilisation, MTT und allg. KG<\/li><li>artikul\u00e4res System: Test der hochzervikalen B\u00e4nder, manualtherapeutischer Befund und Behandlung der Kopfgelenke, Aspekte der Atlas und Kiefergelenkstherapie im ganzheitlichen Zusammenhang<\/li><li>neurodynamisches System: Test und Behandlung des N. occipitalis maior<\/li><\/ul><p>Dies ist der vierte und letzte Teil der Fortbildungsreihe \u201eKopfschmerz in der Physiotherapie\u201c: Teil 1 Chronischer Schmerz, Teil 2 Migr\u00e4ne, Teil 3 Spannungskopfschmerz.<\/p><p>WICHTIG: Dieser Kurs baut auf dem Wissen auf den vorangegangenen Kursteilen auf und ist damit nur bedingt als eigenst\u00e4ndiger Kurs sinnvoll.<\/p><br><p style=\"color: #0059ff;\">Die Inhalte dieses Kurses sind Urheberrechtlich durch die Fortbildungsakademie \u2013 Markus Pschick GmbH gesch\u00fctzt. Die gezeigten Materialien d\u00fcrfen weder vervielf\u00e4ltigt, verteilt, abgefilmt oder anderweitig in Umlauf gebracht werden!<br>Die in diesem Kurs gezeigten Inhalte wurden mit gr\u00f6\u00dftm\u00f6glicher Sorgfalt erstellt, dennoch \u00fcbernimmt die Fortbildungsakademie \u2013 Markus Pschick GmbH keine Gew\u00e4hr oder Haftung f\u00fcr die Aktualit\u00e4t, Vollst\u00e4ndigkeit und Richtigkeit der bereitgestellten Inhalte.<\/p><\/div>            <\/div>\n                    <\/div>\n\n\n\t\t\t\t<\/div>\n\t\t\t\t<\/div>\n\t\t\t\t<div class=\"elementor-element elementor-element-879c392 elementor-widget elementor-widget-SO E-Learning Overview\" data-id=\"879c392\" data-element_type=\"widget\" data-widget_type=\"SO E-Learning Overview.default\">\n\t\t\t\t<div class=\"elementor-widget-container\">\n\t\t\t\t\t<link rel=\"stylesheet\" href=\"\/wp-content\/plugins\/simplyorg\/css\/module-content-style.css\" \/>\n\n\n\n        <div class=\"module-content-section\">\n            <h2>\u00dcbersicht<\/h2>\n                        <div class=\"module-content\">\n                            <\/div>\n                    <\/div>\n\n\n\t\t\t\t<\/div>\n\t\t\t\t<\/div>\n\t\t\t\t<div class=\"elementor-element elementor-element-bd2ecca elementor-widget elementor-widget-SO E-Learning Prerequisites\" data-id=\"bd2ecca\" data-element_type=\"widget\" data-widget_type=\"SO E-Learning Prerequisites.default\">\n\t\t\t\t<div class=\"elementor-widget-container\">\n\t\t\t\t\t<link rel=\"stylesheet\" href=\"\/wp-content\/plugins\/simplyorg\/css\/module-content-style.css\" \/>\n\n\n\n        <div class=\"module-content-section\">\n            <h2>Voraussetzungen<\/h2>\n                        <div class=\"module-content\">\n                            <\/div>\n                    <\/div>\n\n\n\t\t\t\t<\/div>\n\t\t\t\t<\/div>\n\t\t\t\t<div class=\"elementor-element elementor-element-5365e1e elementor-widget elementor-widget-SO E-Learning Target Group\" data-id=\"5365e1e\" data-element_type=\"widget\" id=\"targetgroup\" data-widget_type=\"SO E-Learning Target Group.default\">\n\t\t\t\t<div class=\"elementor-widget-container\">\n\t\t\t\t\t<link rel=\"stylesheet\" href=\"\/wp-content\/plugins\/simplyorg\/css\/module-content-style.css\" \/>\n\n\n\n        <div class=\"module-content-section\">\n            <h2>Zielgruppe<\/h2>\n                        <div class=\"module-content\">\n                            <\/div>\n                    <\/div>\n\n\n\t\t\t\t<\/div>\n\t\t\t\t<\/div>\n\t\t\t\t\t<\/div>\n\t\t<\/div>\n\t\t\t\t\t<\/div>\n\t\t<\/section>\n\t\t\t\t\t<\/div>\n\t\t<\/div>\n\t\t\t\t\t<\/div>\n\t\t<\/section>\n\t\t\t\t<\/div>\n\t\t","protected":false},"excerpt":{"rendered":"<p>\u00dcbersicht Lehrplan Inhalte \u00dcbersicht Voraussetzungen Zielgruppe<\/p>\n","protected":false},"author":41,"featured_media":0,"parent":0,"menu_order":0,"comment_status":"closed","ping_status":"closed","template":"","meta":{"ngg_post_thumbnail":0,"footnotes":""},"class_list":["post-348576","page","type-page","status-publish","hentry"],"yoast_head":"<!-- This site is optimized with the Yoast SEO plugin v15.0 - https:\/\/yoast.com\/wordpress\/plugins\/seo\/ -->\n<title>elearning - Fortbildungsakademie - Markus Pschick GmbH<\/title>\n<meta name=\"robots\" content=\"index, follow, max-snippet:-1, max-image-preview:large, max-video-preview:-1\" \/>\n<link rel=\"canonical\" href=\"https:\/\/pschick-group.de\/fortbildungsakademie\/elearning\" \/>\n<meta property=\"og:locale\" content=\"de_DE\" \/>\n<meta property=\"og:type\" content=\"article\" \/>\n<meta property=\"og:title\" content=\"elearning - Fortbildungsakademie - Markus Pschick GmbH\" \/>\n<meta property=\"og:description\" content=\"\u00dcbersicht Lehrplan Inhalte \u00dcbersicht Voraussetzungen Zielgruppe\" \/>\n<meta property=\"og:url\" content=\"https:\/\/pschick-group.de\/fortbildungsakademie\/elearning\" \/>\n<meta property=\"og:site_name\" content=\"Fortbildungsakademie - Markus Pschick GmbH\" \/>\n<meta property=\"article:modified_time\" content=\"2024-11-08T06:24:49+00:00\" \/>\n<meta property=\"og:image\" content=\"https:\/\/pschick-group.de\/wp-content\/plugins\/simplyorg\/images\/dummy-img.png\" \/>\n<meta name=\"twitter:card\" content=\"summary\" \/>\n<script type=\"application\/ld+json\" class=\"yoast-schema-graph\">{\"@context\":\"https:\/\/schema.org\",\"@graph\":[{\"@type\":\"WebSite\",\"@id\":\"https:\/\/pschick-group.de\/fortbildungsakademie\/#website\",\"url\":\"https:\/\/pschick-group.de\/fortbildungsakademie\/\",\"name\":\"Fortbildungsakademie - Markus Pschick GmbH\",\"description\":\"Ein Unternehmen der Pschick Group\",\"potentialAction\":[{\"@type\":\"SearchAction\",\"target\":\"https:\/\/pschick-group.de\/fortbildungsakademie\/?s={search_term_string}\",\"query-input\":\"required name=search_term_string\"}],\"inLanguage\":\"de\"},{\"@type\":\"ImageObject\",\"@id\":\"https:\/\/pschick-group.de\/fortbildungsakademie\/elearning#primaryimage\",\"inLanguage\":\"de\",\"url\":\"\/wp-content\/plugins\/simplyorg\/images\/dummy-img.png\"},{\"@type\":\"WebPage\",\"@id\":\"https:\/\/pschick-group.de\/fortbildungsakademie\/elearning#webpage\",\"url\":\"https:\/\/pschick-group.de\/fortbildungsakademie\/elearning\",\"name\":\"elearning - Fortbildungsakademie - Markus Pschick GmbH\",\"isPartOf\":{\"@id\":\"https:\/\/pschick-group.de\/fortbildungsakademie\/#website\"},\"primaryImageOfPage\":{\"@id\":\"https:\/\/pschick-group.de\/fortbildungsakademie\/elearning#primaryimage\"},\"datePublished\":\"2024-10-15T14:22:35+00:00\",\"dateModified\":\"2024-11-08T06:24:49+00:00\",\"inLanguage\":\"de\",\"potentialAction\":[{\"@type\":\"ReadAction\",\"target\":[\"https:\/\/pschick-group.de\/fortbildungsakademie\/elearning\"]}]}]}<\/script>\n<!-- \/ Yoast SEO plugin. -->","_links":{"self":[{"href":"https:\/\/pschick-group.de\/fortbildungsakademie\/wp-json\/wp\/v2\/pages\/348576"}],"collection":[{"href":"https:\/\/pschick-group.de\/fortbildungsakademie\/wp-json\/wp\/v2\/pages"}],"about":[{"href":"https:\/\/pschick-group.de\/fortbildungsakademie\/wp-json\/wp\/v2\/types\/page"}],"author":[{"embeddable":true,"href":"https:\/\/pschick-group.de\/fortbildungsakademie\/wp-json\/wp\/v2\/users\/41"}],"replies":[{"embeddable":true,"href":"https:\/\/pschick-group.de\/fortbildungsakademie\/wp-json\/wp\/v2\/comments?post=348576"}],"version-history":[{"count":20,"href":"https:\/\/pschick-group.de\/fortbildungsakademie\/wp-json\/wp\/v2\/pages\/348576\/revisions"}],"predecessor-version":[{"id":349175,"href":"https:\/\/pschick-group.de\/fortbildungsakademie\/wp-json\/wp\/v2\/pages\/348576\/revisions\/349175"}],"wp:attachment":[{"href":"https:\/\/pschick-group.de\/fortbildungsakademie\/wp-json\/wp\/v2\/media?parent=348576"}],"curies":[{"name":"wp","href":"https:\/\/api.w.org\/{rel}","templated":true}]}}