{"id":170941,"date":"2020-06-03T15:31:31","date_gmt":"2020-06-03T13:31:31","guid":{"rendered":"https:\/\/pschick-group.de\/fortbildungsakademie\/?page_id=170941"},"modified":"2024-09-18T07:24:30","modified_gmt":"2024-09-18T05:24:30","slug":"elearning-live-webinare","status":"publish","type":"page","link":"https:\/\/pschick-group.de\/fortbildungsakademie\/elearning-live-webinare","title":{"rendered":"eLearning \/ Online-Seminare"},"content":{"rendered":"\t\t<div data-elementor-type=\"wp-page\" data-elementor-id=\"170941\" class=\"elementor elementor-170941\">\n\t\t\t\t\t\t<section class=\"elementor-section elementor-top-section elementor-element elementor-element-d692f0b elementor-hidden-desktop elementor-hidden-tablet elementor-hidden-phone elementor-section-boxed elementor-section-height-default elementor-section-height-default\" data-id=\"d692f0b\" data-element_type=\"section\">\n\t\t\t\t\t\t<div class=\"elementor-container elementor-column-gap-default\">\n\t\t\t\t\t<div class=\"elementor-column elementor-col-50 elementor-top-column elementor-element elementor-element-28cb5e4\" data-id=\"28cb5e4\" data-element_type=\"column\">\n\t\t\t<div class=\"elementor-widget-wrap elementor-element-populated\">\n\t\t\t\t\t\t<div class=\"elementor-element elementor-element-c667a56 elementor-position-top elementor-widget elementor-widget-image-box\" data-id=\"c667a56\" data-element_type=\"widget\" data-widget_type=\"image-box.default\">\n\t\t\t\t<div class=\"elementor-widget-container\">\n\t\t\t\t\t<div class=\"elementor-image-box-wrapper\"><figure class=\"elementor-image-box-img\"><a href=\"https:\/\/pschick-group.de\/fortbildungsakademie\/course-category\/medical-hotspot\/\" target=\"_blank\" tabindex=\"-1\"><img decoding=\"async\" width=\"200\" height=\"200\" src=\"https:\/\/pschick-group.de\/fortbildungsakademie\/wp-content\/uploads\/sites\/11\/2021\/01\/TmB-e1611914000561.jpeg\" class=\"elementor-animation-float attachment-full size-full wp-image-218201\" alt=\"\" \/><\/a><\/figure><div class=\"elementor-image-box-content\"><h3 class=\"elementor-image-box-title\"><a href=\"https:\/\/pschick-group.de\/fortbildungsakademie\/course-category\/medical-hotspot\/\" target=\"_blank\">Therapie meets Business - Club<\/a><\/h3><p class=\"elementor-image-box-description\">Der Name ist Programm! Therapeuten\/innen d\u00fcrfen sich ohne weitere Ausbildung oder Qualifikation selbstst\u00e4ndig machen. Allerdings lernen sie h\u00e4ufig weder in der Ausbildung noch im Studium wichtige betriebswirtschaftliche Grundlagen. Unsicherheit und Fehler sind die Folge. Das wollen wir vermeiden! Fehler, die andere gemacht haben, muss man nicht nochmal machen. \n\"Von Therapeuten\/innen f\u00fcr Therapeuten\/innen!\"\nIm TmB Club erh\u00e4ltst du 2x monatlich informative Club-Meetings in denen Themenbereiche von Experten aufgearbeitet werden. Das Gelernte l\u00e4sst sich in der Regel direkt in der Praxis umsetzen. Die Meetings dienen auch zum Diskurs und Austausch mit Kollegen, sodass man nicht nur von den Experten, sondern auch der entsprechenden Erfahrung Anderer lernen kann. \nEs gibt au\u00dferdem ein exklusives TmB Journal, wo weitere aktuelle Themen rund um das Therapiebusiness zusammengestellt werden. <\/p><\/div><\/div>\t\t\t\t<\/div>\n\t\t\t\t<\/div>\n\t\t\t\t\t<\/div>\n\t\t<\/div>\n\t\t\t\t<div class=\"elementor-column elementor-col-50 elementor-top-column elementor-element elementor-element-a3f594d\" data-id=\"a3f594d\" data-element_type=\"column\">\n\t\t\t<div class=\"elementor-widget-wrap elementor-element-populated\">\n\t\t\t\t\t\t<div class=\"elementor-element elementor-element-977e5c5 elementor-position-top elementor-widget elementor-widget-image-box\" data-id=\"977e5c5\" data-element_type=\"widget\" data-widget_type=\"image-box.default\">\n\t\t\t\t<div class=\"elementor-widget-container\">\n\t\t\t\t\t<div class=\"elementor-image-box-wrapper\"><figure class=\"elementor-image-box-img\"><a href=\"https:\/\/pschick-group.de\/fortbildungsakademie\/course-category\/elearning\/\" target=\"_blank\" tabindex=\"-1\"><img fetchpriority=\"high\" decoding=\"async\" width=\"500\" height=\"500\" src=\"https:\/\/pschick-group.de\/fortbildungsakademie\/wp-content\/uploads\/sites\/11\/2020\/03\/eLearning.jpg\" class=\"elementor-animation-float attachment-full size-full wp-image-99461\" alt=\"\" srcset=\"https:\/\/pschick-group.de\/fortbildungsakademie\/wp-content\/uploads\/sites\/11\/2020\/03\/eLearning.jpg 500w, https:\/\/pschick-group.de\/fortbildungsakademie\/wp-content\/uploads\/sites\/11\/2020\/03\/eLearning-300x300.jpg 300w, https:\/\/pschick-group.de\/fortbildungsakademie\/wp-content\/uploads\/sites\/11\/2020\/03\/eLearning-150x150.jpg 150w, https:\/\/pschick-group.de\/fortbildungsakademie\/wp-content\/uploads\/sites\/11\/2020\/03\/eLearning-100x100.jpg 100w\" sizes=\"(max-width: 500px) 100vw, 500px\" \/><\/a><\/figure><div class=\"elementor-image-box-content\"><h3 class=\"elementor-image-box-title\"><a href=\"https:\/\/pschick-group.de\/fortbildungsakademie\/course-category\/elearning\/\" target=\"_blank\">eLearning Kurse<\/a><\/h3><p class=\"elementor-image-box-description\">eLearning Kurse bestehen meist aus einem Video und einem PDF Skript, welches Sie sich direkt \u00fcber unsere Plattform ansehen k\u00f6nnen. Sie haben dadurch den Vorteil, die Videos wann und wo Sie wollen ansehen zu k\u00f6nnen! Zudem sind unsere Kurse nicht zeitlich begrenzt. Sie k\u00f6nnen den Kurs also so oft und wann Sie m\u00f6chten wiederholen!  Wir w\u00fcnschen Ihnen viel Spa\u00df mit unseren eLearning Kursen!<\/p><\/div><\/div>\t\t\t\t<\/div>\n\t\t\t\t<\/div>\n\t\t\t\t\t<\/div>\n\t\t<\/div>\n\t\t\t\t\t<\/div>\n\t\t<\/section>\n\t\t\t\t<section class=\"elementor-section elementor-top-section elementor-element elementor-element-e023197 elementor-section-boxed elementor-section-height-default elementor-section-height-default\" data-id=\"e023197\" data-element_type=\"section\">\n\t\t\t\t\t\t<div class=\"elementor-container elementor-column-gap-default\">\n\t\t\t\t\t<div class=\"elementor-column elementor-col-100 elementor-top-column elementor-element elementor-element-2ef33b2\" data-id=\"2ef33b2\" data-element_type=\"column\">\n\t\t\t<div class=\"elementor-widget-wrap elementor-element-populated\">\n\t\t\t\t\t\t<div class=\"elementor-element elementor-element-6cc5a89 elementor-position-top elementor-widget elementor-widget-image-box\" data-id=\"6cc5a89\" data-element_type=\"widget\" data-widget_type=\"image-box.default\">\n\t\t\t\t<div class=\"elementor-widget-container\">\n\t\t\t\t\t<div class=\"elementor-image-box-wrapper\"><figure class=\"elementor-image-box-img\"><a href=\"https:\/\/pschick-group.de\/fortbildungsakademie\/course-category\/elearning\/\" target=\"_blank\" tabindex=\"-1\"><img fetchpriority=\"high\" decoding=\"async\" width=\"500\" height=\"500\" src=\"https:\/\/pschick-group.de\/fortbildungsakademie\/wp-content\/uploads\/sites\/11\/2020\/03\/eLearning.jpg\" class=\"elementor-animation-float attachment-full size-full wp-image-99461\" alt=\"\" srcset=\"https:\/\/pschick-group.de\/fortbildungsakademie\/wp-content\/uploads\/sites\/11\/2020\/03\/eLearning.jpg 500w, https:\/\/pschick-group.de\/fortbildungsakademie\/wp-content\/uploads\/sites\/11\/2020\/03\/eLearning-300x300.jpg 300w, https:\/\/pschick-group.de\/fortbildungsakademie\/wp-content\/uploads\/sites\/11\/2020\/03\/eLearning-150x150.jpg 150w, https:\/\/pschick-group.de\/fortbildungsakademie\/wp-content\/uploads\/sites\/11\/2020\/03\/eLearning-100x100.jpg 100w\" sizes=\"(max-width: 500px) 100vw, 500px\" \/><\/a><\/figure><div class=\"elementor-image-box-content\"><h3 class=\"elementor-image-box-title\"><a href=\"https:\/\/pschick-group.de\/fortbildungsakademie\/course-category\/elearning\/\" target=\"_blank\">eLearning Kurse<\/a><\/h3><p class=\"elementor-image-box-description\">eLearning Kurse bestehen meist aus einem Video und einem PDF Skript, welches Sie sich direkt \u00fcber unsere Plattform ansehen k\u00f6nnen. Sie haben dadurch den Vorteil, die Videos wann und wo Sie wollen ansehen zu k\u00f6nnen! Zudem sind unsere Kurse nicht zeitlich begrenzt. Sie k\u00f6nnen den Kurs also so oft und wann Sie m\u00f6chten wiederholen!  Wir w\u00fcnschen Ihnen viel Spa\u00df mit unseren eLearning Kursen!<\/p><\/div><\/div>\t\t\t\t<\/div>\n\t\t\t\t<\/div>\n\t\t\t\t\t<\/div>\n\t\t<\/div>\n\t\t\t\t\t<\/div>\n\t\t<\/section>\n\t\t\t\t<section class=\"elementor-section elementor-top-section elementor-element elementor-element-a2983ec elementor-section-boxed elementor-section-height-default elementor-section-height-default\" data-id=\"a2983ec\" data-element_type=\"section\">\n\t\t\t\t\t\t<div class=\"elementor-container elementor-column-gap-default\">\n\t\t\t\t\t<div class=\"elementor-column elementor-col-100 elementor-top-column elementor-element elementor-element-61f461f\" data-id=\"61f461f\" data-element_type=\"column\">\n\t\t\t<div class=\"elementor-widget-wrap elementor-element-populated\">\n\t\t\t\t\t\t<div class=\"elementor-element elementor-element-e92bcf0 elementor-widget-divider--view-line elementor-widget elementor-widget-divider\" data-id=\"e92bcf0\" data-element_type=\"widget\" data-widget_type=\"divider.default\">\n\t\t\t\t<div class=\"elementor-widget-container\">\n\t\t\t\t\t\t\t<div class=\"elementor-divider\">\n\t\t\t<span class=\"elementor-divider-separator\">\n\t\t\t\t\t\t<\/span>\n\t\t<\/div>\n\t\t\t\t\t\t<\/div>\n\t\t\t\t<\/div>\n\t\t\t\t\t<\/div>\n\t\t<\/div>\n\t\t\t\t\t<\/div>\n\t\t<\/section>\n\t\t\t\t<section class=\"elementor-section elementor-top-section elementor-element elementor-element-a091f02 elementor-section-boxed elementor-section-height-default elementor-section-height-default\" data-id=\"a091f02\" data-element_type=\"section\">\n\t\t\t\t\t\t<div class=\"elementor-container elementor-column-gap-default\">\n\t\t\t\t\t<div class=\"elementor-column elementor-col-50 elementor-top-column elementor-element elementor-element-76739ea\" data-id=\"76739ea\" data-element_type=\"column\">\n\t\t\t<div class=\"elementor-widget-wrap elementor-element-populated\">\n\t\t\t\t\t\t<div class=\"elementor-element elementor-element-931fbc9 elementor-position-top elementor-widget elementor-widget-image-box\" data-id=\"931fbc9\" data-element_type=\"widget\" data-widget_type=\"image-box.default\">\n\t\t\t\t<div class=\"elementor-widget-container\">\n\t\t\t\t\t<div class=\"elementor-image-box-wrapper\"><figure class=\"elementor-image-box-img\"><a href=\"https:\/\/pschick-group.de\/fortbildungsakademie\/course-category\/online-seminare\/\" target=\"_blank\" tabindex=\"-1\"><img decoding=\"async\" width=\"500\" height=\"500\" src=\"https:\/\/pschick-group.de\/fortbildungsakademie\/wp-content\/uploads\/sites\/11\/2020\/03\/LiveWebinar.jpg\" class=\"elementor-animation-float attachment-full size-full wp-image-99381\" alt=\"\" srcset=\"https:\/\/pschick-group.de\/fortbildungsakademie\/wp-content\/uploads\/sites\/11\/2020\/03\/LiveWebinar.jpg 500w, https:\/\/pschick-group.de\/fortbildungsakademie\/wp-content\/uploads\/sites\/11\/2020\/03\/LiveWebinar-300x300.jpg 300w, https:\/\/pschick-group.de\/fortbildungsakademie\/wp-content\/uploads\/sites\/11\/2020\/03\/LiveWebinar-150x150.jpg 150w, https:\/\/pschick-group.de\/fortbildungsakademie\/wp-content\/uploads\/sites\/11\/2020\/03\/LiveWebinar-100x100.jpg 100w\" sizes=\"(max-width: 500px) 100vw, 500px\" \/><\/a><\/figure><div class=\"elementor-image-box-content\"><h3 class=\"elementor-image-box-title\"><a href=\"https:\/\/pschick-group.de\/fortbildungsakademie\/course-category\/online-seminare\/\" target=\"_blank\">Live-Online-Seminare<\/a><\/h3><p class=\"elementor-image-box-description\">Liev-Online-Seminare: Ein Live-Online-Seminar k\u00f6nnen Sie sich vorstellen wie ein Videotelefonat mit Ihren Freunden &amp; Bekannten \u00fcber WhatsApp oder Skype. Nur mit dem Unterschied, dass Sie direkt mit dem Referenten in Kontakt sind! Sie k\u00f6nnen Ihre Fragen stellen und sich direkt mit dem Referenten austauschen! Unsere Live-Online-Seminare finden \u00fcber die Plattform \u201eZoom\u201c oder \u00e4hnlichen Formaten statt. Die App dazu k\u00f6nnen Sie sich gratis in jedem AppStore herunterladen.   Wir w\u00fcnschen Ihnen viel Spa\u00df mit unseren Live-Online-Seminaren!<\/p><\/div><\/div>\t\t\t\t<\/div>\n\t\t\t\t<\/div>\n\t\t\t\t\t<\/div>\n\t\t<\/div>\n\t\t\t\t<div class=\"elementor-column elementor-col-50 elementor-top-column elementor-element elementor-element-8728387\" data-id=\"8728387\" data-element_type=\"column\">\n\t\t\t<div class=\"elementor-widget-wrap elementor-element-populated\">\n\t\t\t\t\t\t<div class=\"elementor-element elementor-element-c500041 elementor-position-top elementor-widget elementor-widget-image-box\" data-id=\"c500041\" data-element_type=\"widget\" data-widget_type=\"image-box.default\">\n\t\t\t\t<div class=\"elementor-widget-container\">\n\t\t\t\t\t<div class=\"elementor-image-box-wrapper\"><figure class=\"elementor-image-box-img\"><a href=\"https:\/\/pschick-group.de\/fortbildungsakademie\/course-category\/heilpraktiker-online-seminare\/\/\" target=\"_blank\" tabindex=\"-1\"><img loading=\"lazy\" decoding=\"async\" width=\"500\" height=\"500\" src=\"https:\/\/pschick-group.de\/fortbildungsakademie\/wp-content\/uploads\/sites\/11\/2020\/06\/heilpraktiker_ausbildung.jpg\" class=\"elementor-animation-float attachment-full size-full wp-image-175421\" alt=\"\" srcset=\"https:\/\/pschick-group.de\/fortbildungsakademie\/wp-content\/uploads\/sites\/11\/2020\/06\/heilpraktiker_ausbildung.jpg 500w, https:\/\/pschick-group.de\/fortbildungsakademie\/wp-content\/uploads\/sites\/11\/2020\/06\/heilpraktiker_ausbildung-300x300.jpg 300w, https:\/\/pschick-group.de\/fortbildungsakademie\/wp-content\/uploads\/sites\/11\/2020\/06\/heilpraktiker_ausbildung-150x150.jpg 150w, https:\/\/pschick-group.de\/fortbildungsakademie\/wp-content\/uploads\/sites\/11\/2020\/06\/heilpraktiker_ausbildung-100x100.jpg 100w\" sizes=\"(max-width: 500px) 100vw, 500px\" \/><\/a><\/figure><div class=\"elementor-image-box-content\"><h3 class=\"elementor-image-box-title\"><a href=\"https:\/\/pschick-group.de\/fortbildungsakademie\/course-category\/heilpraktiker-online-seminare\/\/\" target=\"_blank\">Heilpraktiker Ausbildung Online-Seminar<\/a><\/h3><p class=\"elementor-image-box-description\">Die Heilpraktiker Ausbildung als Live-Online-Seminar:  Die Fortbildungsakademie - Markus Pschick GmbH bietet Ihnen die M\u00f6glichkeit, die Heilpraktiker Ausbildung nahezu komplett online zu absolvieren! Lediglich Teil 8 wird als Pr\u00e4senzschulung in Regensburg abgehalten, Teil 1 - 7 findet als Live-Online-Seminar statt. Ein Eintritt in eine bereits laufende Kursreihe ist jederzeit m\u00f6glich dank des Modularen Systems. Die Kurse finden \u00fcber die Online-Plattform \"Zoom\" statt, diese kann gratis im AppStore, PlayStore oder f\u00fcr Ihren PC heruntergeladen werden!<\/p><\/div><\/div>\t\t\t\t<\/div>\n\t\t\t\t<\/div>\n\t\t\t\t\t<\/div>\n\t\t<\/div>\n\t\t\t\t\t<\/div>\n\t\t<\/section>\n\t\t\t\t<section class=\"elementor-section elementor-top-section elementor-element elementor-element-e4944fd elementor-section-boxed elementor-section-height-default elementor-section-height-default\" data-id=\"e4944fd\" data-element_type=\"section\">\n\t\t\t\t\t\t<div class=\"elementor-container elementor-column-gap-default\">\n\t\t\t\t\t<div class=\"elementor-column elementor-col-100 elementor-top-column elementor-element elementor-element-2a25164\" data-id=\"2a25164\" data-element_type=\"column\">\n\t\t\t<div class=\"elementor-widget-wrap elementor-element-populated\">\n\t\t\t\t\t\t<div class=\"elementor-element elementor-element-2422106 elementor-widget-divider--view-line elementor-widget elementor-widget-divider\" data-id=\"2422106\" data-element_type=\"widget\" data-widget_type=\"divider.default\">\n\t\t\t\t<div class=\"elementor-widget-container\">\n\t\t\t\t\t\t\t<div class=\"elementor-divider\">\n\t\t\t<span class=\"elementor-divider-separator\">\n\t\t\t\t\t\t<\/span>\n\t\t<\/div>\n\t\t\t\t\t\t<\/div>\n\t\t\t\t<\/div>\n\t\t\t\t\t<\/div>\n\t\t<\/div>\n\t\t\t\t\t<\/div>\n\t\t<\/section>\n\t\t\t\t<section class=\"elementor-section elementor-top-section elementor-element elementor-element-04e0516 elementor-section-boxed elementor-section-height-default elementor-section-height-default\" data-id=\"04e0516\" data-element_type=\"section\">\n\t\t\t\t\t\t<div class=\"elementor-container elementor-column-gap-default\">\n\t\t\t\t\t<div class=\"elementor-column elementor-col-100 elementor-top-column elementor-element elementor-element-f802804\" data-id=\"f802804\" data-element_type=\"column\">\n\t\t\t<div class=\"elementor-widget-wrap\">\n\t\t\t\t\t\t\t<\/div>\n\t\t<\/div>\n\t\t\t\t\t<\/div>\n\t\t<\/section>\n\t\t\t\t<\/div>\n\t\t","protected":false},"excerpt":{"rendered":"<p>Therapie meets Business &#8211; Club Der Name ist Programm! Therapeuten\/innen d\u00fcrfen sich ohne weitere Ausbildung oder Qualifikation selbstst\u00e4ndig machen. Allerdings lernen sie h\u00e4ufig weder in der Ausbildung noch im Studium wichtige betriebswirtschaftliche Grundlagen. Unsicherheit und Fehler sind die Folge. Das &hellip; <\/p>\n","protected":false},"author":1,"featured_media":0,"parent":0,"menu_order":0,"comment_status":"closed","ping_status":"closed","template":"","meta":{"ngg_post_thumbnail":0,"footnotes":""},"class_list":["post-170941","page","type-page","status-publish","hentry"],"yoast_head":"<!-- This site is optimized with the Yoast SEO plugin v15.0 - https:\/\/yoast.com\/wordpress\/plugins\/seo\/ -->\n<title>eLearning \/ Online-Seminare - Fortbildungsakademie - Markus Pschick GmbH<\/title>\n<meta name=\"robots\" content=\"index, follow, max-snippet:-1, max-image-preview:large, max-video-preview:-1\" \/>\n<link rel=\"canonical\" href=\"https:\/\/pschick-group.de\/fortbildungsakademie\/elearning-live-webinare\" \/>\n<meta property=\"og:locale\" content=\"de_DE\" \/>\n<meta property=\"og:type\" content=\"article\" \/>\n<meta property=\"og:title\" content=\"eLearning \/ Online-Seminare - Fortbildungsakademie - Markus Pschick GmbH\" \/>\n<meta property=\"og:description\" content=\"Therapie meets Business &#8211; Club Der Name ist Programm! Therapeuten\/innen d\u00fcrfen sich ohne weitere Ausbildung oder Qualifikation selbstst\u00e4ndig machen. Allerdings lernen sie h\u00e4ufig weder in der Ausbildung noch im Studium wichtige betriebswirtschaftliche Grundlagen. Unsicherheit und Fehler sind die Folge. Das &hellip;\" \/>\n<meta property=\"og:url\" content=\"https:\/\/pschick-group.de\/fortbildungsakademie\/elearning-live-webinare\" \/>\n<meta property=\"og:site_name\" content=\"Fortbildungsakademie - Markus Pschick GmbH\" \/>\n<meta property=\"article:modified_time\" content=\"2024-09-18T05:24:30+00:00\" \/>\n<meta property=\"og:image\" content=\"https:\/\/pschick-group.de\/fortbildungsakademie\/wp-content\/uploads\/sites\/11\/2021\/01\/TmB-e1611914000561.jpeg\" \/>\n<meta name=\"twitter:card\" content=\"summary\" \/>\n<script type=\"application\/ld+json\" class=\"yoast-schema-graph\">{\"@context\":\"https:\/\/schema.org\",\"@graph\":[{\"@type\":\"WebSite\",\"@id\":\"https:\/\/pschick-group.de\/fortbildungsakademie\/#website\",\"url\":\"https:\/\/pschick-group.de\/fortbildungsakademie\/\",\"name\":\"Fortbildungsakademie - Markus Pschick GmbH\",\"description\":\"Ein Unternehmen der Pschick Group\",\"potentialAction\":[{\"@type\":\"SearchAction\",\"target\":\"https:\/\/pschick-group.de\/fortbildungsakademie\/?s={search_term_string}\",\"query-input\":\"required name=search_term_string\"}],\"inLanguage\":\"de\"},{\"@type\":\"ImageObject\",\"@id\":\"https:\/\/pschick-group.de\/fortbildungsakademie\/elearning-live-webinare#primaryimage\",\"inLanguage\":\"de\",\"url\":\"https:\/\/pschick-group.de\/fortbildungsakademie\/wp-content\/uploads\/sites\/11\/2021\/01\/TmB-e1611914000561.jpeg\",\"width\":200,\"height\":200},{\"@type\":\"WebPage\",\"@id\":\"https:\/\/pschick-group.de\/fortbildungsakademie\/elearning-live-webinare#webpage\",\"url\":\"https:\/\/pschick-group.de\/fortbildungsakademie\/elearning-live-webinare\",\"name\":\"eLearning \/ Online-Seminare - Fortbildungsakademie - Markus Pschick GmbH\",\"isPartOf\":{\"@id\":\"https:\/\/pschick-group.de\/fortbildungsakademie\/#website\"},\"primaryImageOfPage\":{\"@id\":\"https:\/\/pschick-group.de\/fortbildungsakademie\/elearning-live-webinare#primaryimage\"},\"datePublished\":\"2020-06-03T13:31:31+00:00\",\"dateModified\":\"2024-09-18T05:24:30+00:00\",\"inLanguage\":\"de\",\"potentialAction\":[{\"@type\":\"ReadAction\",\"target\":[\"https:\/\/pschick-group.de\/fortbildungsakademie\/elearning-live-webinare\"]}]}]}<\/script>\n<!-- \/ Yoast SEO plugin. -->","_links":{"self":[{"href":"https:\/\/pschick-group.de\/fortbildungsakademie\/wp-json\/wp\/v2\/pages\/170941"}],"collection":[{"href":"https:\/\/pschick-group.de\/fortbildungsakademie\/wp-json\/wp\/v2\/pages"}],"about":[{"href":"https:\/\/pschick-group.de\/fortbildungsakademie\/wp-json\/wp\/v2\/types\/page"}],"author":[{"embeddable":true,"href":"https:\/\/pschick-group.de\/fortbildungsakademie\/wp-json\/wp\/v2\/users\/1"}],"replies":[{"embeddable":true,"href":"https:\/\/pschick-group.de\/fortbildungsakademie\/wp-json\/wp\/v2\/comments?post=170941"}],"version-history":[{"count":44,"href":"https:\/\/pschick-group.de\/fortbildungsakademie\/wp-json\/wp\/v2\/pages\/170941\/revisions"}],"predecessor-version":[{"id":348036,"href":"https:\/\/pschick-group.de\/fortbildungsakademie\/wp-json\/wp\/v2\/pages\/170941\/revisions\/348036"}],"wp:attachment":[{"href":"https:\/\/pschick-group.de\/fortbildungsakademie\/wp-json\/wp\/v2\/media?parent=170941"}],"curies":[{"name":"wp","href":"https:\/\/api.w.org\/{rel}","templated":true}]}}