{"id":12211,"date":"2019-10-17T14:13:01","date_gmt":"2019-10-17T12:13:01","guid":{"rendered":"https:\/\/pschick-group.de\/fortbildungsakademie\/?page_id=12211"},"modified":"2019-10-17T14:13:01","modified_gmt":"2019-10-17T12:13:01","slug":"jetzt-famp-dozent-werden","status":"publish","type":"page","link":"https:\/\/pschick-group.de\/fortbildungsakademie\/jetzt-famp-dozent-werden","title":{"rendered":"Jetzt FAMP \u2013 Dozent werden!"},"content":{"rendered":"<div role=\"form\" class=\"wpcf7\" id=\"wpcf7-f12212-o1\" lang=\"de-DE\" dir=\"ltr\">\n<div class=\"screen-reader-response\" role=\"alert\" aria-live=\"polite\"><\/div>\n<form action=\"\/fortbildungsakademie\/wp-json\/wp\/v2\/pages\/12211#wpcf7-f12212-o1\" method=\"post\" class=\"wpcf7-form init\" enctype=\"multipart\/form-data\" novalidate=\"novalidate\">\n<div style=\"display: none;\">\n<input type=\"hidden\" name=\"_wpcf7\" value=\"12212\" \/>\n<input type=\"hidden\" name=\"_wpcf7_version\" value=\"5.2.2\" \/>\n<input type=\"hidden\" name=\"_wpcf7_locale\" value=\"de_DE\" \/>\n<input type=\"hidden\" name=\"_wpcf7_unit_tag\" value=\"wpcf7-f12212-o1\" \/>\n<input type=\"hidden\" name=\"_wpcf7_container_post\" value=\"0\" \/>\n<input type=\"hidden\" name=\"_wpcf7_posted_data_hash\" value=\"\" \/>\n<\/div>\n<p>M\u00f6chten Sie...<br><br \/>\n<span class=\"wpcf7-form-control-wrap radio-590\"><span class=\"wpcf7-form-control wpcf7-radio\"><span class=\"wpcf7-list-item first last\"><input type=\"radio\" name=\"radio-590\" value=\"Dozent f\u00fcr bestehende Kurse werden?\" checked=\"checked\" \/><span class=\"wpcf7-list-item-label\">Dozent f\u00fcr bestehende Kurse werden?<\/span><\/span><\/span><\/span><br><br \/>\n<span class=\"wpcf7-form-control-wrap radio-590\"><span class=\"wpcf7-form-control wpcf7-radio\"><span class=\"wpcf7-list-item first last\"><input type=\"radio\" name=\"radio-590\" value=\"Ein eigenes Kurskonzept bei der FAMP anbieten?\" checked=\"checked\" \/><span class=\"wpcf7-list-item-label\">Ein eigenes Kurskonzept bei der FAMP anbieten?<\/span><\/span><\/span><\/span><br><\/p>\n<div class=\"wps-form\">\n<div class=\"wps-form-row\">\n<div class=\"wps-form-column\">\n<label> Ihr Name<br \/>\n    <span class=\"wpcf7-form-control-wrap Name\"><input type=\"text\" name=\"Name\" value=\"\" size=\"40\" class=\"wpcf7-form-control wpcf7-text wpcf7-validates-as-required\" aria-required=\"true\" aria-invalid=\"false\" \/><\/span> <\/label>\n        <\/div>\n<div class=\"wps-form-column\">\n<label> Stra\u00dfe<br \/>\n    <span class=\"wpcf7-form-control-wrap Strasse\"><input type=\"text\" name=\"Strasse\" value=\"\" size=\"40\" class=\"wpcf7-form-control wpcf7-text wpcf7-validates-as-required\" aria-required=\"true\" aria-invalid=\"false\" \/><\/span> <\/label>\n        <\/div>\n<div class=\"wps-form-column\">\n<label> PLZ und Ort<br \/>\n    <span class=\"wpcf7-form-control-wrap Ort\"><input type=\"text\" name=\"Ort\" value=\"\" size=\"40\" class=\"wpcf7-form-control wpcf7-text wpcf7-validates-as-required\" aria-required=\"true\" aria-invalid=\"false\" \/><\/span> <\/label>\n        <\/div>\n<\/p><\/div>\n<div class=\"wps-form-row\">\n<div class=\"wps-form-column\">\n<label> Telefonnummer<br \/>\n    <span class=\"wpcf7-form-control-wrap Nummer\"><input type=\"text\" name=\"Nummer\" value=\"\" size=\"40\" class=\"wpcf7-form-control wpcf7-text wpcf7-validates-as-required\" aria-required=\"true\" aria-invalid=\"false\" \/><\/span> <\/label>\n        <\/div>\n<div class=\"wps-form-column\">\n<label> Mailadresse<br \/>\n    <span class=\"wpcf7-form-control-wrap Mail\"><input type=\"text\" name=\"Mail\" value=\"\" size=\"40\" class=\"wpcf7-form-control wpcf7-text wpcf7-validates-as-required\" aria-required=\"true\" aria-invalid=\"false\" \/><\/span> <\/label>\n        <\/div>\n<div class=\"wps-form-column\">\n<label> Beruf<br \/>\n    <span class=\"wpcf7-form-control-wrap Beruf\"><input type=\"text\" name=\"Beruf\" value=\"\" size=\"40\" class=\"wpcf7-form-control wpcf7-text wpcf7-validates-as-required\" aria-required=\"true\" aria-invalid=\"false\" \/><\/span> <\/label>\n        <\/div>\n<\/p><\/div>\n<p><br><\/p>\n<div class=\"wps-nachricht\">\n<label> Beschreiben Sie uns kurz wer Sie sind, welchen Kurs Sie anbieten oder unterrichten m\u00f6chten und erz\u00e4hlen Sie uns etwas \u00fcber sich selbst.<br \/>\n    <span class=\"wpcf7-form-control-wrap your-message\"><textarea name=\"your-message\" cols=\"40\" rows=\"10\" class=\"wpcf7-form-control wpcf7-textarea\" aria-invalid=\"false\"><\/textarea><\/span> <\/label>\n<\/div>\n<p><br><br \/>\n<label> Daten Upload (Kurskonzept, Curriculum, Lebenslauf & co.)<br \/>\n<span class=\"wpcf7-form-control-wrap file-329\"><input type=\"file\" name=\"file-329\" size=\"40\" class=\"wpcf7-form-control wpcf7-file\" accept=\".jpg,.jpeg,.png,.gif,.pdf,.doc,.docx,.ppt,.pptx,.odt,.avi,.ogg,.m4a,.mov,.mp3,.mp4,.mpg,.wav,.wmv\" aria-invalid=\"false\" \/><\/span> <\/label><br \/>\n<br><br \/>\n<input type=\"submit\" value=\"Senden\" class=\"wpcf7-form-control wpcf7-submit\" \/><\/p>\n<div class=\"wpcf7-response-output\" role=\"alert\" aria-hidden=\"true\"><\/div><\/form><\/div>\n","protected":false},"excerpt":{"rendered":"","protected":false},"author":1,"featured_media":0,"parent":0,"menu_order":0,"comment_status":"closed","ping_status":"closed","template":"","meta":{"ngg_post_thumbnail":0,"footnotes":""},"class_list":["post-12211","page","type-page","status-publish","hentry"],"yoast_head":"<!-- This site is optimized with the Yoast SEO plugin v15.0 - https:\/\/yoast.com\/wordpress\/plugins\/seo\/ -->\n<title>Jetzt FAMP \u2013 Dozent werden! - Fortbildungsakademie - Markus Pschick GmbH<\/title>\n<meta name=\"robots\" content=\"index, follow, max-snippet:-1, max-image-preview:large, max-video-preview:-1\" \/>\n<link rel=\"canonical\" href=\"https:\/\/pschick-group.de\/fortbildungsakademie\/jetzt-famp-dozent-werden\" \/>\n<meta property=\"og:locale\" content=\"de_DE\" \/>\n<meta property=\"og:type\" content=\"article\" \/>\n<meta property=\"og:title\" content=\"Jetzt FAMP \u2013 Dozent werden! - Fortbildungsakademie - Markus Pschick GmbH\" \/>\n<meta property=\"og:url\" content=\"https:\/\/pschick-group.de\/fortbildungsakademie\/jetzt-famp-dozent-werden\" \/>\n<meta property=\"og:site_name\" content=\"Fortbildungsakademie - Markus Pschick GmbH\" \/>\n<meta name=\"twitter:card\" content=\"summary\" \/>\n<script type=\"application\/ld+json\" class=\"yoast-schema-graph\">{\"@context\":\"https:\/\/schema.org\",\"@graph\":[{\"@type\":\"WebSite\",\"@id\":\"https:\/\/pschick-group.de\/fortbildungsakademie\/#website\",\"url\":\"https:\/\/pschick-group.de\/fortbildungsakademie\/\",\"name\":\"Fortbildungsakademie - Markus Pschick GmbH\",\"description\":\"Ein Unternehmen der Pschick Group\",\"potentialAction\":[{\"@type\":\"SearchAction\",\"target\":\"https:\/\/pschick-group.de\/fortbildungsakademie\/?s={search_term_string}\",\"query-input\":\"required name=search_term_string\"}],\"inLanguage\":\"de\"},{\"@type\":\"WebPage\",\"@id\":\"https:\/\/pschick-group.de\/fortbildungsakademie\/jetzt-famp-dozent-werden#webpage\",\"url\":\"https:\/\/pschick-group.de\/fortbildungsakademie\/jetzt-famp-dozent-werden\",\"name\":\"Jetzt FAMP \\u2013 Dozent werden! - Fortbildungsakademie - Markus Pschick GmbH\",\"isPartOf\":{\"@id\":\"https:\/\/pschick-group.de\/fortbildungsakademie\/#website\"},\"datePublished\":\"2019-10-17T12:13:01+00:00\",\"dateModified\":\"2019-10-17T12:13:01+00:00\",\"inLanguage\":\"de\",\"potentialAction\":[{\"@type\":\"ReadAction\",\"target\":[\"https:\/\/pschick-group.de\/fortbildungsakademie\/jetzt-famp-dozent-werden\"]}]}]}<\/script>\n<!-- \/ Yoast SEO plugin. -->","_links":{"self":[{"href":"https:\/\/pschick-group.de\/fortbildungsakademie\/wp-json\/wp\/v2\/pages\/12211"}],"collection":[{"href":"https:\/\/pschick-group.de\/fortbildungsakademie\/wp-json\/wp\/v2\/pages"}],"about":[{"href":"https:\/\/pschick-group.de\/fortbildungsakademie\/wp-json\/wp\/v2\/types\/page"}],"author":[{"embeddable":true,"href":"https:\/\/pschick-group.de\/fortbildungsakademie\/wp-json\/wp\/v2\/users\/1"}],"replies":[{"embeddable":true,"href":"https:\/\/pschick-group.de\/fortbildungsakademie\/wp-json\/wp\/v2\/comments?post=12211"}],"version-history":[{"count":2,"href":"https:\/\/pschick-group.de\/fortbildungsakademie\/wp-json\/wp\/v2\/pages\/12211\/revisions"}],"predecessor-version":[{"id":12214,"href":"https:\/\/pschick-group.de\/fortbildungsakademie\/wp-json\/wp\/v2\/pages\/12211\/revisions\/12214"}],"wp:attachment":[{"href":"https:\/\/pschick-group.de\/fortbildungsakademie\/wp-json\/wp\/v2\/media?parent=12211"}],"curies":[{"name":"wp","href":"https:\/\/api.w.org\/{rel}","templated":true}]}}