{"id":10251,"date":"2019-06-06T16:26:54","date_gmt":"2019-06-06T14:26:54","guid":{"rendered":"https:\/\/pschick-group.de\/fortbildungsakademie\/?page_id=10251"},"modified":"2019-11-29T10:37:04","modified_gmt":"2019-11-29T09:37:04","slug":"anmeldeformular-druck","status":"publish","type":"page","link":"https:\/\/pschick-group.de\/fortbildungsakademie\/anmeldeformular-druck","title":{"rendered":"Anmeldeformular &#8211; Druckversion"},"content":{"rendered":"<table width=\"100%\">\n<tbody>\n<tr class=\"first_tr_print\">\n<td style=\"width: 99.6143%;\" colspan=\"2\"><a href=\"https:\/\/pschick-group.de\/fortbildungsakademie\/wp-content\/uploads\/sites\/11\/2015\/10\/Logo-FortbildungsAkademie-CMYK-Header.png\"><img decoding=\"async\" class=\"alignnone size-full wp-image-701\" src=\"https:\/\/pschick-group.de\/fortbildungsakademie\/wp-content\/uploads\/sites\/11\/2015\/10\/Logo-FortbildungsAkademie-CMYK-Header.png\" alt=\"Logo-FortbildungsAkademie-CMYK - Header\" width=\"194\" height=\"100\"><\/a><\/td>\n<\/tr>\n<tr>\n<td style=\"width: 99.6143%;\" colspan=\"2\">&nbsp;<\/td>\n<\/tr>\n<tr>\n<td style=\"width: 99.6143%;\" colspan=\"2\">\n<h4><b>ANMELDUNG:<\/b><\/h4>\n<\/td>\n<\/tr>\n<tr>\n<td style=\"width: 99.6143%;\" colspan=\"2\" height=\"30\"><strong>Bitte Formular online ausf\u00fcllen, drucken und unterschreiben! ACHTUNG: Formular wird NICHT \u00fcbermittelt!!<\/strong><\/td>\n<\/tr>\n<tr>\n<td style=\"width: 99.6143%;\" colspan=\"2\">&nbsp;<\/td>\n<\/tr>\n<tr>\n<td style=\"width: 99.6143%;\" colspan=\"2\" valign=\"top\" height=\"30\"><b>Hiermit melde ich mich f\u00fcr das folgende Fortbildungsseminar an:<\/b><\/td>\n<\/tr>\n<tr>\n<td style=\"width: 33.6548%;\" nowrap=\"nowrap\"><b>Kursbezeichnung und Kursort:<\/b><\/td>\n<td style=\"width: 65.9595%;\"><input maxlength=\"80\" name=\"titel\" size=\"80\" type=\"text\"><\/td>\n<\/tr>\n<tr>\n<td style=\"width: 33.6548%;\"><b>Kursdaten: <\/b><\/td>\n<td style=\"width: 65.9595%;\"><input maxlength=\"80\" name=\"beginn\" size=\"80\" type=\"text\"><\/td>\n<\/tr>\n<tr>\n<td style=\"width: 33.6548%;\"><b>Kursgeb\u00fchr:<\/b><\/td>\n<td style=\"width: 65.9595%;\"><input maxlength=\"80\" name=\"gebuehr\" size=\"80\" type=\"text\"><\/td>\n<\/tr>\n<tr>\n<td style=\"width: 99.6143%;\" colspan=\"2\">&nbsp;<\/td>\n<\/tr>\n<tr>\n<td style=\"width: 99.6143%;\" colspan=\"2\"><b>Die Kopie meiner Berufsurkunde liegt Ihnen bereits vor:<\/b><\/td>\n<\/tr>\n<tr>\n<td style=\"width: 99.6143%;\" colspan=\"2\"><input name=\"urkunde1\" type=\"checkbox\" value=\"ja\">&nbsp; Ja&nbsp;&nbsp;&nbsp;&nbsp; <input name=\"urkunde2\" type=\"checkbox\" value=\"bei\">&nbsp; Sie ist der Anmeldung beigef\u00fcgt&nbsp;&nbsp;&nbsp;&nbsp; <input name=\"urkunde3\" type=\"checkbox\" value=\"nein\">&nbsp;&nbsp;Nein<\/td>\n<\/tr>\n<tr>\n<td style=\"width: 99.6143%;\" colspan=\"2\">&nbsp;<\/td>\n<\/tr>\n<tr>\n<td style=\"width: 99.6143%;\" colspan=\"2\"><b>Die Kursgeb\u00fchr<\/b><\/td>\n<\/tr>\n<tr>\n<td style=\"width: 99.6143%;\" colspan=\"2\">\n<table>\n<tbody>\n<tr>\n<td><input name=\"bank\" type=\"checkbox\" value=\"ja\"><\/td>\n<td>\u00fcberweise ich bis spa\u0308testens 6 Wochen vor Kursbeginn, ggf. umgehend auf das Konto der Hypo-Vereinsbank:<br \/>\nSWIFT CODE: HYVEDEMM447 &#8211; IBAN: DE 35 7502 0073 0344 9637 46<\/td>\n<\/tr>\n<\/tbody>\n<\/table>\n<\/td>\n<\/tr>\n<tr>\n<td style=\"width: 99.6143%;\" colspan=\"2\">&nbsp;<\/td>\n<\/tr>\n<tr>\n<td style=\"width: 99.6143%;\" colspan=\"2\">&nbsp;<\/td>\n<\/tr>\n<tr>\n<td style=\"width: 99.6143%;\" colspan=\"2\">\n<table>\n<tbody>\n<tr>\n<td><input name=\"bank\" type=\"checkbox\" value=\"ja\"><\/td>\n<td>Ich habe zur Kenntnis genommen, dass sich der Kurspreis an allen Standorten au\u00dfer Regensburg, Rosenheim, Bayreuth, W\u00fcrzburg, Thyrnau, Northeim &amp; Mallorca ver\u00e4ndern kann, da unsere externen Kooperationspartner Ihre Preise selbst gestalten.&nbsp;<\/td>\n<\/tr>\n<\/tbody>\n<\/table>\n<\/td>\n<\/tr>\n<tr>\n<td style=\"width: 99.6143%;\" colspan=\"2\" height=\"10\">&nbsp;<\/td>\n<\/tr>\n<tr>\n<td style=\"width: 99.6143%;\" colspan=\"2\">Die allgemeinen Bedingungen (<a href=\"https:\/\/pschick-group.de\/fortbildungsakademie\/agbs\/\" target=\"inhalt\" rel=\"noopener noreferrer\">AGBs<\/a>) zur Teilnahme an Fortbildungskursen habe ich zur Kenntnis genommen und anerkannt. Ich bin damit einverstanden, dass die Fortbildungsakademie Markus Pschick GmbH f\u00fcr die Bearbeitung und Abwicklung der Kursanmeldung notwendige personenbezogene Daten erhebt, elektronisch speichert, nutzt und verarbeitet. Ich kann der Verarbeitung und Nutzung meiner personenbezogenen Daten jederzeit widersprechen.<\/td>\n<\/tr>\n<tr>\n<td style=\"width: 99.6143%;\" colspan=\"2\">&nbsp;<\/td>\n<\/tr>\n<tr>\n<td style=\"width: 33.6548%;\"><b>Name: <\/b><\/td>\n<td style=\"width: 65.9595%;\"><input maxlength=\"50\" name=\"name\" size=\"50\" type=\"text\"><\/td>\n<\/tr>\n<tr>\n<td style=\"width: 33.6548%;\"><b>Vorname: <\/b><\/td>\n<td style=\"width: 65.9595%;\"><input maxlength=\"50\" name=\"vorname\" size=\"50\" type=\"text\"><\/td>\n<\/tr>\n<tr>\n<td style=\"width: 33.6548%;\"><b>Geburtsdatum: <\/b><\/td>\n<td style=\"width: 65.9595%;\"><input maxlength=\"10\" name=\"d_geburt\" size=\"10\" type=\"text\"><\/td>\n<\/tr>\n<tr>\n<td style=\"width: 33.6548%;\"><b>Stra\u00dfe: <\/b><\/td>\n<td style=\"width: 65.9595%;\"><input maxlength=\"50\" name=\"strasse\" size=\"50\" type=\"text\"><\/td>\n<\/tr>\n<tr>\n<td style=\"width: 33.6548%;\"><b>PLZ: <\/b><\/td>\n<td style=\"width: 65.9595%;\"><input maxlength=\"5\" name=\"plz\" size=\"10\" type=\"text\"><\/td>\n<\/tr>\n<tr>\n<td style=\"width: 33.6548%;\"><b>Ort: <\/b><\/td>\n<td style=\"width: 65.9595%;\"><input maxlength=\"50\" name=\"ort\" size=\"50\" type=\"text\"><\/td>\n<\/tr>\n<tr>\n<td style=\"width: 33.6548%;\"><b>Telefon Gesch\u00e4ft:<\/b><\/td>\n<td style=\"width: 65.9595%;\"><input maxlength=\"20\" name=\"tel1\" type=\"text\"><\/td>\n<\/tr>\n<tr>\n<td style=\"width: 33.6548%;\"><b>Telefon Privat: <\/b><\/td>\n<td style=\"width: 65.9595%;\"><input maxlength=\"20\" name=\"tel2\" type=\"text\"><\/td>\n<\/tr>\n<tr>\n<td style=\"width: 33.6548%;\"><b>Handy: <\/b><\/td>\n<td style=\"width: 65.9595%;\"><input maxlength=\"20\" name=\"tel3\" type=\"text\"><\/td>\n<\/tr>\n<tr>\n<td style=\"width: 33.6548%;\"><b>E-Mail: <\/b><\/td>\n<td style=\"width: 65.9595%;\"><input maxlength=\"50\" name=\"email\" size=\"50\" type=\"text\"><\/td>\n<\/tr>\n<tr>\n<td style=\"width: 33.6548%;\"><b>Beruf: <\/b><\/td>\n<td style=\"width: 65.9595%;\"><input maxlength=\"50\" name=\"beruf\" size=\"50\" type=\"text\"><\/td>\n<\/tr>\n<tr>\n<td style=\"width: 33.6548%;\">&nbsp;<\/td>\n<td style=\"width: 65.9595%;\">&nbsp;<\/td>\n<\/tr>\n<tr>\n<td style=\"width: 33.6548%;\"><b>Datum:<\/b><\/td>\n<td style=\"width: 65.9595%;\"><input maxlength=\"10\" name=\"datum\" size=\"10\" type=\"text\"><\/td>\n<\/tr>\n<tr>\n<td style=\"width: 33.6548%;\"><b>Unterschrift:<\/b><\/td>\n<td style=\"width: 65.9595%;\"><input maxlength=\"50\" name=\"unterschrift\" readonly=\"readonly\" size=\"50\" type=\"text\" value=\" !!! Bitte auf Ausdruck unterschreiben !!!\"><\/td>\n<\/tr>\n<tr>\n<td style=\"width: 99.6143%;\" colspan=\"2\">&nbsp;<\/td>\n<\/tr>\n<tr>\n<td style=\"width: 99.6143%;\" colspan=\"2\"><b>Im Gewerbepark A15 &#8211; 93059 Regensburg &#8211; Tel.: 0941-4602707 &#8211; Fax: 0941-4099893<\/b><\/td>\n<\/tr>\n<tr>\n<td style=\"width: 99.6143%;\" colspan=\"2\">&nbsp;<\/td>\n<\/tr>\n<tr class=\"hide_on_print\">\n<td style=\"width: 99.6143%;\" colspan=\"2\"><button>Druckversion<\/button><\/td>\n<\/tr>\n<\/tbody>\n<\/table>\n<p>&nbsp;<\/p>\n<p>&nbsp;<\/p>\n<p><strong>Informationen zur Seminar &#8211; R\u00fccktrittsversicherung der HanseMerkur erhalten Sie entweder unter<br \/>\n+49 (0) 941 &#8211; 4602707 oder direkt unter folgendem Link: <a href=\"https:\/\/pschick-group.de\/fortbildungsakademie\/?p=981\" target=\"_blank\" rel=\"noopener noreferrer\">Zur Seminar &#8211; R\u00fccktrittsversicherung<\/a><\/strong><\/p>\n","protected":false},"excerpt":{"rendered":"<p>&nbsp; ANMELDUNG: Bitte Formular online ausf\u00fcllen, drucken und unterschreiben! ACHTUNG: Formular wird NICHT \u00fcbermittelt!! &nbsp; Hiermit melde ich mich f\u00fcr das folgende Fortbildungsseminar an: Kursbezeichnung und Kursort: Kursdaten: Kursgeb\u00fchr: &nbsp; Die Kopie meiner Berufsurkunde liegt Ihnen bereits vor: &nbsp; Ja&nbsp;&nbsp;&nbsp;&nbsp; &hellip; <\/p>\n","protected":false},"author":1,"featured_media":0,"parent":0,"menu_order":0,"comment_status":"closed","ping_status":"closed","template":"","meta":{"ngg_post_thumbnail":0,"footnotes":""},"class_list":["post-10251","page","type-page","status-publish","hentry"],"yoast_head":"<!-- This site is optimized with the Yoast SEO plugin v15.0 - https:\/\/yoast.com\/wordpress\/plugins\/seo\/ -->\n<title>Anmeldeformular - Druckversion - Fortbildungsakademie - Markus Pschick GmbH<\/title>\n<meta name=\"robots\" content=\"index, follow, max-snippet:-1, max-image-preview:large, max-video-preview:-1\" \/>\n<link rel=\"canonical\" href=\"https:\/\/pschick-group.de\/fortbildungsakademie\/anmeldeformular-druck\" \/>\n<meta property=\"og:locale\" content=\"de_DE\" \/>\n<meta property=\"og:type\" content=\"article\" \/>\n<meta property=\"og:title\" content=\"Anmeldeformular - Druckversion - Fortbildungsakademie - Markus Pschick GmbH\" \/>\n<meta property=\"og:description\" content=\"&nbsp; ANMELDUNG: Bitte Formular online ausf\u00fcllen, drucken und unterschreiben! ACHTUNG: Formular wird NICHT \u00fcbermittelt!! &nbsp; Hiermit melde ich mich f\u00fcr das folgende Fortbildungsseminar an: Kursbezeichnung und Kursort: Kursdaten: Kursgeb\u00fchr: &nbsp; Die Kopie meiner Berufsurkunde liegt Ihnen bereits vor: &nbsp; Ja&nbsp;&nbsp;&nbsp;&nbsp; &hellip;\" \/>\n<meta property=\"og:url\" content=\"https:\/\/pschick-group.de\/fortbildungsakademie\/anmeldeformular-druck\" \/>\n<meta property=\"og:site_name\" content=\"Fortbildungsakademie - Markus Pschick GmbH\" \/>\n<meta property=\"article:modified_time\" content=\"2019-11-29T09:37:04+00:00\" \/>\n<meta property=\"og:image\" content=\"https:\/\/pschick-group.de\/fortbildungsakademie\/wp-content\/uploads\/sites\/11\/2015\/10\/Logo-FortbildungsAkademie-CMYK-Header.png\" \/>\n<meta name=\"twitter:card\" content=\"summary\" \/>\n<script type=\"application\/ld+json\" class=\"yoast-schema-graph\">{\"@context\":\"https:\/\/schema.org\",\"@graph\":[{\"@type\":\"WebSite\",\"@id\":\"https:\/\/pschick-group.de\/fortbildungsakademie\/#website\",\"url\":\"https:\/\/pschick-group.de\/fortbildungsakademie\/\",\"name\":\"Fortbildungsakademie - Markus Pschick GmbH\",\"description\":\"Ein Unternehmen der Pschick Group\",\"potentialAction\":[{\"@type\":\"SearchAction\",\"target\":\"https:\/\/pschick-group.de\/fortbildungsakademie\/?s={search_term_string}\",\"query-input\":\"required name=search_term_string\"}],\"inLanguage\":\"de\"},{\"@type\":\"ImageObject\",\"@id\":\"https:\/\/pschick-group.de\/fortbildungsakademie\/anmeldeformular-druck#primaryimage\",\"inLanguage\":\"de\",\"url\":\"https:\/\/pschick-group.de\/fortbildungsakademie\/wp-content\/uploads\/sites\/11\/2015\/10\/Logo-FortbildungsAkademie-CMYK-Header.png\",\"width\":194,\"height\":100},{\"@type\":\"WebPage\",\"@id\":\"https:\/\/pschick-group.de\/fortbildungsakademie\/anmeldeformular-druck#webpage\",\"url\":\"https:\/\/pschick-group.de\/fortbildungsakademie\/anmeldeformular-druck\",\"name\":\"Anmeldeformular - Druckversion - Fortbildungsakademie - Markus Pschick GmbH\",\"isPartOf\":{\"@id\":\"https:\/\/pschick-group.de\/fortbildungsakademie\/#website\"},\"primaryImageOfPage\":{\"@id\":\"https:\/\/pschick-group.de\/fortbildungsakademie\/anmeldeformular-druck#primaryimage\"},\"datePublished\":\"2019-06-06T14:26:54+00:00\",\"dateModified\":\"2019-11-29T09:37:04+00:00\",\"inLanguage\":\"de\",\"potentialAction\":[{\"@type\":\"ReadAction\",\"target\":[\"https:\/\/pschick-group.de\/fortbildungsakademie\/anmeldeformular-druck\"]}]}]}<\/script>\n<!-- \/ Yoast SEO plugin. -->","_links":{"self":[{"href":"https:\/\/pschick-group.de\/fortbildungsakademie\/wp-json\/wp\/v2\/pages\/10251"}],"collection":[{"href":"https:\/\/pschick-group.de\/fortbildungsakademie\/wp-json\/wp\/v2\/pages"}],"about":[{"href":"https:\/\/pschick-group.de\/fortbildungsakademie\/wp-json\/wp\/v2\/types\/page"}],"author":[{"embeddable":true,"href":"https:\/\/pschick-group.de\/fortbildungsakademie\/wp-json\/wp\/v2\/users\/1"}],"replies":[{"embeddable":true,"href":"https:\/\/pschick-group.de\/fortbildungsakademie\/wp-json\/wp\/v2\/comments?post=10251"}],"version-history":[{"count":4,"href":"https:\/\/pschick-group.de\/fortbildungsakademie\/wp-json\/wp\/v2\/pages\/10251\/revisions"}],"predecessor-version":[{"id":35141,"href":"https:\/\/pschick-group.de\/fortbildungsakademie\/wp-json\/wp\/v2\/pages\/10251\/revisions\/35141"}],"wp:attachment":[{"href":"https:\/\/pschick-group.de\/fortbildungsakademie\/wp-json\/wp\/v2\/media?parent=10251"}],"curies":[{"name":"wp","href":"https:\/\/api.w.org\/{rel}","templated":true}]}}