{"id":841,"date":"2015-09-30T20:31:23","date_gmt":"2015-09-30T18:31:23","guid":{"rendered":"http:\/\/pschick-group.de\/dgf\/?page_id=841"},"modified":"2019-08-20T15:43:35","modified_gmt":"2019-08-20T13:43:35","slug":"vm-physio-veranstaltungen","status":"publish","type":"page","link":"https:\/\/pschick-group.de\/dgf\/vm-physio-veranstaltungen\/","title":{"rendered":"Veranstaltungen"},"content":{"rendered":"<h2>Orthop\u00e4dische R\u00fcckenschule &#8211; Das Konzept der neuen Generation &#8211; Villa Medica<\/h2>\n<p><b><br \/>\nInfo:<\/b><br \/>\nEin orthop\u00e4dische R\u00fcckenschule unter Einflu\u00df neuester Therapiekonzepte und neuseter medizinischer Erkenntnisse.<\/p>\n<p><b>Leitung:<\/b><br \/>\nTeam Villa Medica Dingolfing<\/p>\n<p><b>Termine:<\/b><br \/>\nTermine auf Anfrage<\/p>\n<p><b>Preis:<\/b><br \/>\nAuf Anfrage (bis zu 80 % Kosten\u00fcbernahme von vielen Krankenkassen !!!)<\/p>\n","protected":false},"excerpt":{"rendered":"<p> [&hellip;]<\/p>\n","protected":false},"author":1,"featured_media":0,"parent":0,"menu_order":0,"comment_status":"closed","ping_status":"closed","template":"","meta":{"ngg_post_thumbnail":0,"footnotes":""},"class_list":["post-841","page","type-page","status-publish","hentry"],"yoast_head":"<!-- This site is optimized with the Yoast SEO plugin v15.0 - https:\/\/yoast.com\/wordpress\/plugins\/seo\/ -->\n<meta name=\"robots\" content=\"index, follow, max-snippet:-1, max-image-preview:large, max-video-preview:-1\" \/>\n<link rel=\"canonical\" href=\"https:\/\/pschick-group.de\/dgf\/vm-physio-veranstaltungen\/\" \/>\n<meta property=\"og:locale\" content=\"de_DE\" \/>\n<meta property=\"og:type\" content=\"article\" \/>\n<meta property=\"og:title\" content=\"Veranstaltungen - Villa Medica Dingolfing\" \/>\n<meta property=\"og:description\" content=\"[&hellip;]\" \/>\n<meta property=\"og:url\" content=\"https:\/\/pschick-group.de\/dgf\/vm-physio-veranstaltungen\/\" \/>\n<meta property=\"og:site_name\" content=\"Villa Medica Dingolfing\" \/>\n<meta property=\"article:modified_time\" content=\"2019-08-20T13:43:35+00:00\" \/>\n<meta name=\"twitter:card\" content=\"summary\" \/>\n<script type=\"application\/ld+json\" class=\"yoast-schema-graph\">{\"@context\":\"https:\/\/schema.org\",\"@graph\":[{\"@type\":\"WebSite\",\"@id\":\"https:\/\/pschick-group.de\/dgf\/#website\",\"url\":\"https:\/\/pschick-group.de\/dgf\/\",\"name\":\"Villa Medica Dingolfing\",\"description\":\"Eine weitere Pschick Group Seiten Website\",\"potentialAction\":[{\"@type\":\"SearchAction\",\"target\":\"https:\/\/pschick-group.de\/dgf\/?s={search_term_string}\",\"query-input\":\"required name=search_term_string\"}],\"inLanguage\":\"de\"},{\"@type\":\"WebPage\",\"@id\":\"https:\/\/pschick-group.de\/dgf\/vm-physio-veranstaltungen\/#webpage\",\"url\":\"https:\/\/pschick-group.de\/dgf\/vm-physio-veranstaltungen\/\",\"name\":\"Veranstaltungen - Villa Medica Dingolfing\",\"isPartOf\":{\"@id\":\"https:\/\/pschick-group.de\/dgf\/#website\"},\"datePublished\":\"2015-09-30T18:31:23+00:00\",\"dateModified\":\"2019-08-20T13:43:35+00:00\",\"inLanguage\":\"de\",\"potentialAction\":[{\"@type\":\"ReadAction\",\"target\":[\"https:\/\/pschick-group.de\/dgf\/vm-physio-veranstaltungen\/\"]}]}]}<\/script>\n<!-- \/ Yoast SEO plugin. -->","_links":{"self":[{"href":"https:\/\/pschick-group.de\/dgf\/wp-json\/wp\/v2\/pages\/841"}],"collection":[{"href":"https:\/\/pschick-group.de\/dgf\/wp-json\/wp\/v2\/pages"}],"about":[{"href":"https:\/\/pschick-group.de\/dgf\/wp-json\/wp\/v2\/types\/page"}],"author":[{"embeddable":true,"href":"https:\/\/pschick-group.de\/dgf\/wp-json\/wp\/v2\/users\/1"}],"replies":[{"embeddable":true,"href":"https:\/\/pschick-group.de\/dgf\/wp-json\/wp\/v2\/comments?post=841"}],"version-history":[{"count":6,"href":"https:\/\/pschick-group.de\/dgf\/wp-json\/wp\/v2\/pages\/841\/revisions"}],"predecessor-version":[{"id":3831,"href":"https:\/\/pschick-group.de\/dgf\/wp-json\/wp\/v2\/pages\/841\/revisions\/3831"}],"wp:attachment":[{"href":"https:\/\/pschick-group.de\/dgf\/wp-json\/wp\/v2\/media?parent=841"}],"curies":[{"name":"wp","href":"https:\/\/api.w.org\/{rel}","templated":true}]}}