{"id":801,"date":"2015-09-30T20:28:34","date_gmt":"2015-09-30T18:28:34","guid":{"rendered":"http:\/\/pschick-group.de\/dgf\/?page_id=801"},"modified":"2015-09-30T20:28:34","modified_gmt":"2015-09-30T18:28:34","slug":"villa-medica-physiotherapie","status":"publish","type":"page","link":"https:\/\/pschick-group.de\/dgf\/villa-medica-physiotherapie\/","title":{"rendered":"Villa Medica Physiotherapie"},"content":{"rendered":"<h1>Herzlich Willkommen in der Villa Medica Dingolfing<\/h1>\n<p>Unsere Praxis<br \/>\nUmfassende Befunderhebung und Beratung ist der erste Schritt zu einer erfolgreichen Behandlung.<\/p>\n<p>Gerne informieren Sie unsere Damen an der Anmeldung \u00fcber unsere laufenden Aktionen.<\/p>\n<p>Entspannen Sie sich nach dem Training oder Ihrer Therapie in unserem Empfangsbereich bei einem kostenlosen Glas Wasser, Tee oder Kaffee.<\/p>\n<p>Um die Intimsph\u00e4re zu wahren, arbeiten wir ausschlie\u00dflich in abgeschlossenen Behandlungsr\u00e4umen. Diese sind rollstuhlgeeignet.<\/p>\n<p>Das besondere Ambiente der Villa Medica schafft ein besonderes Flair. Hier trifft der alte Villencharakter mit original Holzb\u00f6den und Deckenkonstruktion von 1928 auf modernste Technik zeitgem\u00e4\u00dfer Physiotherapie.<\/p>\n<p>\u2022 Unser Leistungsspektrum<br \/>\n\u2022 Krankengymnastik<br \/>\n\u2022 Klassische Massage<br \/>\n\u2022 Manuelle Lymphdrainage<br \/>\n\u2022 Sportphysiotherapie Lizenz DOSB<br \/>\n\u2022 Manuelle Therapie<br \/>\n\u2022 Medizinische Trainingstherapie<br \/>\n\u2022 Therapie nach Bobath<br \/>\n\u2022 Therapie nach Mc Kenzie<br \/>\n\u2022 Therapie nach Cyriax<br \/>\n\u2022 Schlingentisch Therapie \/ Extensionsbehandlung<br \/>\n\u2022 D1 &#8211; Komplextherapie (MINI-Reha)<br \/>\n\u2022 Tapeverb\u00e4nde<br \/>\n\u2022 Kiefergelenksbehandlung<br \/>\n\u2022 Bindegewebsmassage<br \/>\n\u2022 Elektrotherapie, Ultraschall<br \/>\n\u2022 Fango, Hei\u00dfluft<br \/>\n\u2022 Kryotherapie, Eis<br \/>\n\u2022 Orthp\u00e4dische R\u00fcckenschule<br \/>\n\u2022 Wirbels\u00e4ulengymnastik<br \/>\n\u2022 Vereinsbetreuung<br \/>\n\u2022 Kinesiotape-Medical Taping Concept<br \/>\n\u2022 Triggerpunkt &#8211; Therapie<br \/>\n\u2022 Pain Relief Technique<br \/>\n\u2022 Atlastherapie<br \/>\n\u2022 PST &#8211; Propriozeptisches Sensomotorisches Taping<br \/>\n\u2022 Wirbels\u00e4ulentherapie nach Dorn &amp; Breuss<br \/>\n\u2022 und vieles mehr&#8230;<\/p>\n<p>Hausbesuche nach Vereinbarung<br \/>\nUnsere Praxis ist selbstverst\u00e4ndlich rollstuhlgeeignet.<\/p>\n<p>ALLE KASSEN !!!<\/p>\n","protected":false},"excerpt":{"rendered":"<p> [&hellip;]<\/p>\n","protected":false},"author":1,"featured_media":0,"parent":0,"menu_order":0,"comment_status":"closed","ping_status":"closed","template":"","meta":{"ngg_post_thumbnail":0,"footnotes":""},"class_list":["post-801","page","type-page","status-publish","hentry"],"yoast_head":"<!-- This site is optimized with the Yoast SEO plugin v15.0 - https:\/\/yoast.com\/wordpress\/plugins\/seo\/ -->\n<meta name=\"robots\" content=\"index, follow, max-snippet:-1, max-image-preview:large, max-video-preview:-1\" \/>\n<link rel=\"canonical\" href=\"https:\/\/pschick-group.de\/dgf\/villa-medica-physiotherapie\/\" \/>\n<meta property=\"og:locale\" content=\"de_DE\" \/>\n<meta property=\"og:type\" content=\"article\" \/>\n<meta property=\"og:title\" content=\"Villa Medica Physiotherapie - Villa Medica Dingolfing\" \/>\n<meta property=\"og:description\" content=\"[&hellip;]\" \/>\n<meta property=\"og:url\" content=\"https:\/\/pschick-group.de\/dgf\/villa-medica-physiotherapie\/\" \/>\n<meta property=\"og:site_name\" content=\"Villa Medica Dingolfing\" \/>\n<meta name=\"twitter:card\" content=\"summary\" \/>\n<script type=\"application\/ld+json\" class=\"yoast-schema-graph\">{\"@context\":\"https:\/\/schema.org\",\"@graph\":[{\"@type\":\"WebSite\",\"@id\":\"https:\/\/pschick-group.de\/dgf\/#website\",\"url\":\"https:\/\/pschick-group.de\/dgf\/\",\"name\":\"Villa Medica Dingolfing\",\"description\":\"Eine weitere Pschick Group Seiten Website\",\"potentialAction\":[{\"@type\":\"SearchAction\",\"target\":\"https:\/\/pschick-group.de\/dgf\/?s={search_term_string}\",\"query-input\":\"required name=search_term_string\"}],\"inLanguage\":\"de\"},{\"@type\":\"WebPage\",\"@id\":\"https:\/\/pschick-group.de\/dgf\/villa-medica-physiotherapie\/#webpage\",\"url\":\"https:\/\/pschick-group.de\/dgf\/villa-medica-physiotherapie\/\",\"name\":\"Villa Medica Physiotherapie - Villa Medica Dingolfing\",\"isPartOf\":{\"@id\":\"https:\/\/pschick-group.de\/dgf\/#website\"},\"datePublished\":\"2015-09-30T18:28:34+00:00\",\"dateModified\":\"2015-09-30T18:28:34+00:00\",\"inLanguage\":\"de\",\"potentialAction\":[{\"@type\":\"ReadAction\",\"target\":[\"https:\/\/pschick-group.de\/dgf\/villa-medica-physiotherapie\/\"]}]}]}<\/script>\n<!-- \/ Yoast SEO plugin. -->","_links":{"self":[{"href":"https:\/\/pschick-group.de\/dgf\/wp-json\/wp\/v2\/pages\/801"}],"collection":[{"href":"https:\/\/pschick-group.de\/dgf\/wp-json\/wp\/v2\/pages"}],"about":[{"href":"https:\/\/pschick-group.de\/dgf\/wp-json\/wp\/v2\/types\/page"}],"author":[{"embeddable":true,"href":"https:\/\/pschick-group.de\/dgf\/wp-json\/wp\/v2\/users\/1"}],"replies":[{"embeddable":true,"href":"https:\/\/pschick-group.de\/dgf\/wp-json\/wp\/v2\/comments?post=801"}],"version-history":[{"count":1,"href":"https:\/\/pschick-group.de\/dgf\/wp-json\/wp\/v2\/pages\/801\/revisions"}],"predecessor-version":[{"id":811,"href":"https:\/\/pschick-group.de\/dgf\/wp-json\/wp\/v2\/pages\/801\/revisions\/811"}],"wp:attachment":[{"href":"https:\/\/pschick-group.de\/dgf\/wp-json\/wp\/v2\/media?parent=801"}],"curies":[{"name":"wp","href":"https:\/\/api.w.org\/{rel}","templated":true}]}}