{"id":1431,"date":"2015-09-30T21:11:41","date_gmt":"2015-09-30T19:11:41","guid":{"rendered":"http:\/\/pschick-group.de\/dgf\/?page_id=1431"},"modified":"2015-12-22T08:31:09","modified_gmt":"2015-12-22T07:31:09","slug":"villa-medica-fitness-wellness","status":"publish","type":"page","link":"https:\/\/pschick-group.de\/dgf\/villa-medica-fitness-wellness\/","title":{"rendered":"Villa Medica Fitness &#038; Wellness"},"content":{"rendered":"<table border=\"0\" width=\"200\" cellspacing=\"0\" cellpadding=\"0\">\n<tbody>\n<tr>\n<td><img loading=\"lazy\" decoding=\"async\" src=\"https:\/\/pschick-group.de\/dgf\/wp-content\/uploads\/sites\/91\/2015\/09\/training1.jpg\" alt=\"\" width=\"250\" height=\"200\" align=\"left\" \/><\/td>\n<td><img loading=\"lazy\" decoding=\"async\" src=\"https:\/\/pschick-group.de\/dgf\/wp-content\/uploads\/sites\/91\/2015\/09\/raum2.jpg\" alt=\"\" width=\"267\" height=\"200\" align=\"center\" \/><\/td>\n<td><img loading=\"lazy\" decoding=\"async\" src=\"\" alt=\"\" width=\"267\" height=\"200\" align=\"right\" \/><\/td>\n<\/tr>\n<\/tbody>\n<\/table>\n<h1 style=\"text-align: center;\"><span style=\"color: #333333;\"><strong>Herzlich Willkommen bei Villa Medica Wellness &amp; Fitness<\/strong><\/span><\/h1>\n<p>&nbsp;<\/p>\n<p><span style=\"color: #333333;\">Nehmen Sie sich eine Auszeit f\u00fcr K\u00f6rper, Geist und Seele und entspannen Sie sich bei unseren Wellness &#8211; Angeboten. Hierzu besonders geeignet sind die Entspannungsmassage, die Aroma\u00f6lmassage mit Bienenwachs, Abhyanga (Ayurvedische \u00d6lmassage) oder die Wellnessmassage.<\/span><\/p>\n<p><span style=\"color: #333333;\">Bei chronischen Beschwerdebildern an inneren Organen oder des Bewegungsapparates kommt die Fussreflexzonentherapie oder die traditionelle Thaimassage zum Einsatz.<\/span><\/p>\n<p><span style=\"color: #333333;\">Wir m\u00f6chten mit dem umfangreichen Wellness &#8211; Spektrum unsere M\u00f6glichkeiten der krankengymnastischen Behandlungsformen der &#8222;Villa Medica&#8220; in Dingolfing erweitern und somit ein ganzheitlich orientiertes Therapiekonzept bieten.<\/span><\/p>\n<p>&nbsp;<\/p>\n<p><span style=\"color: #333333;\"><strong>Was bedeutet Wellness?<\/strong><br \/>\n<\/span><\/p>\n<p><span style=\"color: #333333;\">Der Begriff Wellness wurde in den 50er Jahren in den USA kreiert. Er wurde zusammengesetzt aus wellbeing (wohlf\u00fchlen) und fitness. Angestrebt wird ein Gleichklang von K\u00f6rper, Geist und Seele. Diese Idee k\u00f6nnen wir mit unserem Konzept dreier Firmen, die unter einem Dach eng zusammenarbeiten, optimal verwirklichen.<\/span><\/p>\n<p class=\"adresse\"><span style=\"color: #333333;\"><em>&#8222;In der ersten H\u00e4lfte unseres Lebens opfern wir unsere Gesundheit, um Geld zu erwerben,<br \/>\nin der zweiten H\u00e4lfte unseres Lebens opfern wir Geld, um unsere Gesundheit wiederzuerlangen&#8220;<\/em><\/span><\/p>\n<p><span style=\"color: #333333;\">Voltair<\/span><\/p>\n","protected":false},"excerpt":{"rendered":"<p> [&hellip;]<\/p>\n","protected":false},"author":1,"featured_media":0,"parent":0,"menu_order":0,"comment_status":"closed","ping_status":"closed","template":"","meta":{"ngg_post_thumbnail":0,"footnotes":""},"class_list":["post-1431","page","type-page","status-publish","hentry"],"yoast_head":"<!-- This site is optimized with the Yoast SEO plugin v15.0 - https:\/\/yoast.com\/wordpress\/plugins\/seo\/ -->\n<meta name=\"robots\" content=\"index, follow, max-snippet:-1, max-image-preview:large, max-video-preview:-1\" \/>\n<link rel=\"canonical\" href=\"https:\/\/pschick-group.de\/dgf\/villa-medica-fitness-wellness\/\" \/>\n<meta property=\"og:locale\" content=\"de_DE\" \/>\n<meta property=\"og:type\" content=\"article\" \/>\n<meta property=\"og:title\" content=\"Villa Medica Fitness &amp; Wellness - Villa Medica Dingolfing\" \/>\n<meta property=\"og:description\" content=\"[&hellip;]\" \/>\n<meta property=\"og:url\" content=\"https:\/\/pschick-group.de\/dgf\/villa-medica-fitness-wellness\/\" \/>\n<meta property=\"og:site_name\" content=\"Villa Medica Dingolfing\" \/>\n<meta property=\"article:modified_time\" content=\"2015-12-22T07:31:09+00:00\" \/>\n<meta property=\"og:image\" content=\"https:\/\/pschick-group.de\/dgf\/wp-content\/uploads\/sites\/91\/2015\/09\/training1.jpg\" \/>\n<meta name=\"twitter:card\" content=\"summary\" \/>\n<script type=\"application\/ld+json\" class=\"yoast-schema-graph\">{\"@context\":\"https:\/\/schema.org\",\"@graph\":[{\"@type\":\"WebSite\",\"@id\":\"https:\/\/pschick-group.de\/dgf\/#website\",\"url\":\"https:\/\/pschick-group.de\/dgf\/\",\"name\":\"Villa Medica Dingolfing\",\"description\":\"Eine weitere Pschick Group Seiten Website\",\"potentialAction\":[{\"@type\":\"SearchAction\",\"target\":\"https:\/\/pschick-group.de\/dgf\/?s={search_term_string}\",\"query-input\":\"required name=search_term_string\"}],\"inLanguage\":\"de\"},{\"@type\":\"ImageObject\",\"@id\":\"https:\/\/pschick-group.de\/dgf\/villa-medica-fitness-wellness\/#primaryimage\",\"inLanguage\":\"de\",\"url\":\"https:\/\/pschick-group.de\/dgf\/wp-content\/uploads\/sites\/91\/2015\/09\/training1.jpg\",\"width\":640,\"height\":480},{\"@type\":\"WebPage\",\"@id\":\"https:\/\/pschick-group.de\/dgf\/villa-medica-fitness-wellness\/#webpage\",\"url\":\"https:\/\/pschick-group.de\/dgf\/villa-medica-fitness-wellness\/\",\"name\":\"Villa Medica Fitness & Wellness - Villa Medica Dingolfing\",\"isPartOf\":{\"@id\":\"https:\/\/pschick-group.de\/dgf\/#website\"},\"primaryImageOfPage\":{\"@id\":\"https:\/\/pschick-group.de\/dgf\/villa-medica-fitness-wellness\/#primaryimage\"},\"datePublished\":\"2015-09-30T19:11:41+00:00\",\"dateModified\":\"2015-12-22T07:31:09+00:00\",\"inLanguage\":\"de\",\"potentialAction\":[{\"@type\":\"ReadAction\",\"target\":[\"https:\/\/pschick-group.de\/dgf\/villa-medica-fitness-wellness\/\"]}]}]}<\/script>\n<!-- \/ Yoast SEO plugin. -->","_links":{"self":[{"href":"https:\/\/pschick-group.de\/dgf\/wp-json\/wp\/v2\/pages\/1431"}],"collection":[{"href":"https:\/\/pschick-group.de\/dgf\/wp-json\/wp\/v2\/pages"}],"about":[{"href":"https:\/\/pschick-group.de\/dgf\/wp-json\/wp\/v2\/types\/page"}],"author":[{"embeddable":true,"href":"https:\/\/pschick-group.de\/dgf\/wp-json\/wp\/v2\/users\/1"}],"replies":[{"embeddable":true,"href":"https:\/\/pschick-group.de\/dgf\/wp-json\/wp\/v2\/comments?post=1431"}],"version-history":[{"count":19,"href":"https:\/\/pschick-group.de\/dgf\/wp-json\/wp\/v2\/pages\/1431\/revisions"}],"predecessor-version":[{"id":2761,"href":"https:\/\/pschick-group.de\/dgf\/wp-json\/wp\/v2\/pages\/1431\/revisions\/2761"}],"wp:attachment":[{"href":"https:\/\/pschick-group.de\/dgf\/wp-json\/wp\/v2\/media?parent=1431"}],"curies":[{"name":"wp","href":"https:\/\/api.w.org\/{rel}","templated":true}]}}